{"id":93167,"date":"2026-04-02T13:36:48","date_gmt":"2026-04-02T13:36:48","guid":{"rendered":"https:\/\/whitelip.com\/?post_type=product&#038;p=93167"},"modified":"2026-04-10T09:40:36","modified_gmt":"2026-04-10T09:40:36","slug":"lind-spearmint","status":"publish","type":"product","link":"https:\/\/whitelip.com\/de\/lind\/lind-spearmint\/","title":{"rendered":"Lind Spearmint"},"content":{"rendered":"<h2>Lind Spearmint<\/h2>\n<p data-start=\"30\" data-end=\"241\">LIND Spearmint Slim enth\u00e4lt 5 mg Nikotin pro Beutel und bietet ein Spearmint-Geschmacksprofil. Das Produkt wird von HS Factory Sweden AB in Stockholm hergestellt und ist im Slim-Beutelformat erh\u00e4ltlich.<\/p>\n<p data-start=\"243\" data-end=\"598\">Das Geschmacksprofil basiert auf Spearmint mit einem sauberen und erfrischenden Charakter und bietet ein sanftes K\u00fchlgef\u00fchl. Das Slim-Format besteht aus schmaleren Beuteln, die gleichm\u00e4\u00dfig unter der Lippe sitzen und einen diskreten und komfortablen Sitz w\u00e4hrend der Verwendung bieten. Die Beutelstruktur unterst\u00fctzt eine konsistente und schrittweise Freisetzung von Aroma und Nikotin im Laufe der Zeit.<\/p>\n<p data-start=\"600\" data-end=\"896\">Die Nikotinkonzentration betr\u00e4gt 10 mg pro Gramm, was 5 mg Nikotin pro Beutel entspricht. Jeder Beutel wiegt 0,5 Gramm. Jede Dose enth\u00e4lt 20 Beutel mit einem Gesamtnettogewicht von 10 Gramm und liefert insgesamt etwa 100 mg Nikotin pro Dose. Das Nikotinniveau wird allgemein als normal betrachtet.<\/p>\n<p data-start=\"898\" data-end=\"1046\">LIND ist eine Produktserie, die von HS Factory Sweden AB entwickelt wurde und sich auf ausgewogene Geschmacksprofile, konsistente Qualit\u00e4t und moderne Produktionsmethoden konzentriert.<\/p>\n<table>\n<tbody>\n<tr>\n<td><b>Attribut<\/b><\/td>\n<td><b>Einzelheiten<\/b><\/td>\n<\/tr>\n<tr>\n<td><b>Inhalt pro Dose<\/b><\/td>\n<td><span style=\"font-weight: 400;\">10g (20 Beutel)<\/span><\/td>\n<\/tr>\n<tr>\n<td><b>Nikotingehalt<\/b><\/td>\n<td><span style=\"font-weight: 400;\">100 mg\/g (5 mg pro Beutel)<\/span><\/td>\n<\/tr>\n<tr>\n<td><b>Format des Beutels<\/b><\/td>\n<td><span style=\"font-weight: 400;\">Schlank<\/span><\/td>\n<\/tr>\n<tr>\n<td><b>Produzent<\/b><\/td>\n<td><span style=\"font-weight: 400;\">HS Factory Sweden AB<\/span><\/td>\n<\/tr>\n<tr>\n<td><b>Geschmack<\/b><\/td>\n<td><span style=\"font-weight: 400;\">Gr\u00fcne Minze<\/span><\/td>\n<\/tr>\n<tr>\n<td><b>Typ<\/b><\/td>\n<td><span style=\"font-weight: 400;\">Ganz wei\u00dfe Tasche<\/span><\/td>\n<\/tr>\n<\/tbody>\n<\/table>","protected":false},"excerpt":{"rendered":"<p>LIND Spearmint Slim enth\u00e4lt <strong data-start=\"1114\" data-end=\"1131\">5 mg Nikotin<\/strong> pro Beutel mit einem Spearmint-Geschmacksprofil. Jede Dose enth\u00e4lt 20 <strong data-start=\"1196\" data-end=\"1204\">Schlank<\/strong> Beutel mit je 0,5 Gramm Gewicht und einer Nikotinkonzentration von 10 mg pro Gramm. Das Produkt wird in Stockholm hergestellt und entspricht einer normalen Nikotinst\u00e4rke.<\/p>","protected":false},"featured_media":93174,"comment_status":"open","ping_status":"closed","template":"","format":[206],"meta":{"_acf_changed":false},"product_brand":[],"product_cat":[17017],"product_tag":[16421],"flavours":[199],"nicotine":[207,236],"class_list":{"0":"post-93167","1":"product","2":"type-product","3":"status-publish","4":"has-post-thumbnail","6":"product_cat-lind","7":"product_tag-new","8":"pa_quantity-1-pack","9":"pa_quantity-10-pack","10":"pa_quantity-3-pack","11":"pa_quantity-30-pack","12":"pa_quantity-5-pack","13":"pa_quantity-60-pack","14":"flavours-mint","15":"format-slim","16":"nicotine-10-mg-g","17":"nicotine-strong","19":"first","20":"instock","21":"sale","22":"taxable","23":"shipping-taxable","24":"purchasable","25":"product-type-variable"},"acf":[],"_links":{"self":[{"href":"https:\/\/whitelip.com\/de\/wp-json\/wp\/v2\/product\/93167","targetHints":{"allow":["GET"]}}],"collection":[{"href":"https:\/\/whitelip.com\/de\/wp-json\/wp\/v2\/product"}],"about":[{"href":"https:\/\/whitelip.com\/de\/wp-json\/wp\/v2\/types\/product"}],"replies":[{"embeddable":true,"href":"https:\/\/whitelip.com\/de\/wp-json\/wp\/v2\/comments?post=93167"}],"wp:featuredmedia":[{"embeddable":true,"href":"https:\/\/whitelip.com\/de\/wp-json\/wp\/v2\/media\/93174"}],"wp:attachment":[{"href":"https:\/\/whitelip.com\/de\/wp-json\/wp\/v2\/media?parent=93167"}],"wp:term":[{"taxonomy":"product_brand","embeddable":true,"href":"https:\/\/whitelip.com\/de\/wp-json\/wp\/v2\/product_brand?post=93167"},{"taxonomy":"product_cat","embeddable":true,"href":"https:\/\/whitelip.com\/de\/wp-json\/wp\/v2\/product_cat?post=93167"},{"taxonomy":"product_tag","embeddable":true,"href":"https:\/\/whitelip.com\/de\/wp-json\/wp\/v2\/product_tag?post=93167"},{"taxonomy":"flavours","embeddable":true,"href":"https:\/\/whitelip.com\/de\/wp-json\/wp\/v2\/flavours?post=93167"},{"taxonomy":"format","embeddable":true,"href":"https:\/\/whitelip.com\/de\/wp-json\/wp\/v2\/format?post=93167"},{"taxonomy":"nicotine","embeddable":true,"href":"https:\/\/whitelip.com\/de\/wp-json\/wp\/v2\/nicotine?post=93167"}],"curies":[{"name":"wp","href":"https:\/\/api.w.org\/{rel}","templated":true}]}}