{"id":93131,"date":"2026-04-02T12:34:56","date_gmt":"2026-04-02T12:34:56","guid":{"rendered":"https:\/\/whitelip.com\/?post_type=product&#038;p=93131"},"modified":"2026-05-07T11:05:45","modified_gmt":"2026-05-07T11:05:45","slug":"greatest-wasted-mango-strong","status":"publish","type":"product","link":"https:\/\/whitelip.com\/de\/greatest\/greatest-wasted-mango-strong\/","title":{"rendered":"GREATEST Wasted Mango Strong"},"content":{"rendered":"<h1 data-section-id=\"yk2pjq\" data-start=\"273\" data-end=\"332\"><strong>Greatest Wasted Mango Strong<\/strong><\/h1>\n<p data-start=\"334\" data-end=\"640\">Greatest Wasted Mango Strong ist ein wei\u00dfes Snusprodukt der Marke Greatest, hergestellt von Premium Pouch Global OY. Das Produkt geh\u00f6rt zur Kategorie der Nikotinbeutel und enth\u00e4lt Nikotin, aber keinen Tabak. Die Beutel sind wei\u00df und in einem schlanken Format gestaltet, was ein schmaleres Profil im Vergleich zu traditionellem Snus bedeutet. Das Produkt wird aufgrund seines Nikotingehalts als stark klassifiziert.<\/p>\n<h2 data-section-id=\"1ufkwb7\" data-start=\"642\" data-end=\"660\">Aroma und St\u00e4rke<\/h2>\n<p data-start=\"662\" data-end=\"875\">Dieses wei\u00dfe Snus zeichnet sich durch ein Mangoarema aus. Das Aroma geh\u00f6rt zum Segment der fruchtbasierten Nikotinbeutel und unterscheidet sich von klassischen Minz- und Beerenvarianten. Jeder Beutel enth\u00e4lt etwa 12 mg Nikotin, was 1,67% entspricht. Das Produkt wird daher innerhalb des Nikotinbeutel-Segments als stark klassifiziert.<\/p>\n<h2 data-section-id=\"1u8puf8\" data-start=\"877\" data-end=\"894\">Format des Beutels<\/h2>\n<p data-start=\"896\" data-end=\"1085\">Greatest Wasted Mango Strong wird im Slim-Format geliefert. Das bedeutet, dass die Beutel schmaler sind und f\u00fcr einen diskreten Sitz unter der Lippe ausgelegt sind. Das Slim-Format ist bei wei\u00dfem Snus und modernen Nikotinbeuteln weit verbreitet.<\/p>\n<h2 data-section-id=\"14a1xfx\" data-start=\"1087\" data-end=\"1105\">\u00dcber Greatest Snus<\/h2>\n<p data-start=\"1107\" data-end=\"1335\">Greatest ist eine finnische Marke in der Nikotinbeutel-Kategorie. Die Produkte zeichnen sich durch wei\u00dfe Beutel in diskreten Formaten aus und werden von Premium Pouch Global OY hergestellt. Das Sortiment umfasst mehrere Geschmacksrichtungen und St\u00e4rken in der White-Snus-Kategorie.<\/p>\n<table style=\"height: 235px;\" width=\"383\">\n<tbody>\n<tr>\n<td><b>Attribut<\/b><\/td>\n<td><b>Einzelheiten<\/b><\/td>\n<\/tr>\n<tr>\n<td><strong>Marke<\/strong><\/td>\n<td><a href=\"https:\/\/whitelip.com\/de\/greatest\/\"><em><strong>Am besten<\/strong><\/em><\/a><\/td>\n<\/tr>\n<tr>\n<td><b>Format des Beutels<\/b><\/td>\n<td><em><strong><a href=\"https:\/\/whitelip.com\/de\/format\/slim\/\">Schlank<\/a><\/strong><\/em><\/td>\n<\/tr>\n<tr>\n<td><b>St\u00e4rke\u00a0<\/b><\/td>\n<td><a href=\"https:\/\/whitelip.com\/de\/nicotine\/strong\/\"><em><strong>Stark<\/strong><\/em><\/a><\/td>\n<\/tr>\n<tr>\n<td><b>Hersteller<\/b><\/td>\n<td><a href=\"https:\/\/whitelip.com\/de\/greatest\/\"><em><strong>Premium Pouch Global OY<\/strong><\/em><\/a><\/td>\n<\/tr>\n<tr>\n<td><b>Geschmack<\/b><\/td>\n<td><span style=\"font-weight: 400;\">Mango<\/span><\/td>\n<\/tr>\n<tr>\n<td><b>Nikotingehalt<\/b><\/td>\n<td><b><span style=\"font-weight: 400;\">\u00a012 mg pro Beutel<\/span><\/b><\/td>\n<\/tr>\n<tr>\n<td><b>Inhalt pro Dose<\/b><\/td>\n<td><span style=\"font-weight: 400;\">14 g (20 Beutel)<\/span><\/td>\n<\/tr>\n<tr>\n<td><b>Kategorie<\/b><\/td>\n<td><a href=\"https:\/\/whitelip.com\/de\/snus\/\"><b><i>Nikotin-Beutel<\/i><\/b><\/a><\/td>\n<\/tr>\n<tr>\n<td><b>Typ\u00a0<\/b><\/td>\n<td><b><span style=\"font-weight: 400;\">Ganz wei\u00dfe Tasche<\/span><\/b><\/td>\n<\/tr>\n<\/tbody>\n<\/table>\n<p>&nbsp;<\/p>","protected":false},"excerpt":{"rendered":"<p>Greatest Wasted Mango Strong ist ein schlanker wei\u00dfer Nikotinbeutel mit Mangoaroma.<\/p>","protected":false},"featured_media":93138,"comment_status":"open","ping_status":"closed","template":"","format":[206],"meta":{"_acf_changed":false},"product_brand":[],"product_cat":[87],"product_tag":[16561],"flavours":[196],"nicotine":[213,232],"class_list":{"0":"post-93131","1":"product","2":"type-product","3":"status-publish","4":"has-post-thumbnail","6":"product_cat-greatest","7":"product_tag-12-mg-pouch","8":"pa_quantity-1-pack","9":"pa_quantity-10-pack","10":"pa_quantity-3-pack","11":"pa_quantity-30-pack","12":"pa_quantity-5-pack","13":"pa_quantity-60-pack","14":"flavours-fruits-berries","15":"format-slim","16":"nicotine-16-mg-g","17":"nicotine-extra-strong","19":"first","20":"outofstock","21":"taxable","22":"shipping-taxable","23":"purchasable","24":"product-type-variable"},"acf":[],"_links":{"self":[{"href":"https:\/\/whitelip.com\/de\/wp-json\/wp\/v2\/product\/93131","targetHints":{"allow":["GET"]}}],"collection":[{"href":"https:\/\/whitelip.com\/de\/wp-json\/wp\/v2\/product"}],"about":[{"href":"https:\/\/whitelip.com\/de\/wp-json\/wp\/v2\/types\/product"}],"replies":[{"embeddable":true,"href":"https:\/\/whitelip.com\/de\/wp-json\/wp\/v2\/comments?post=93131"}],"wp:featuredmedia":[{"embeddable":true,"href":"https:\/\/whitelip.com\/de\/wp-json\/wp\/v2\/media\/93138"}],"wp:attachment":[{"href":"https:\/\/whitelip.com\/de\/wp-json\/wp\/v2\/media?parent=93131"}],"wp:term":[{"taxonomy":"product_brand","embeddable":true,"href":"https:\/\/whitelip.com\/de\/wp-json\/wp\/v2\/product_brand?post=93131"},{"taxonomy":"product_cat","embeddable":true,"href":"https:\/\/whitelip.com\/de\/wp-json\/wp\/v2\/product_cat?post=93131"},{"taxonomy":"product_tag","embeddable":true,"href":"https:\/\/whitelip.com\/de\/wp-json\/wp\/v2\/product_tag?post=93131"},{"taxonomy":"flavours","embeddable":true,"href":"https:\/\/whitelip.com\/de\/wp-json\/wp\/v2\/flavours?post=93131"},{"taxonomy":"format","embeddable":true,"href":"https:\/\/whitelip.com\/de\/wp-json\/wp\/v2\/format?post=93131"},{"taxonomy":"nicotine","embeddable":true,"href":"https:\/\/whitelip.com\/de\/wp-json\/wp\/v2\/nicotine?post=93131"}],"curies":[{"name":"wp","href":"https:\/\/api.w.org\/{rel}","templated":true}]}}