{"id":92778,"date":"2026-03-30T11:58:12","date_gmt":"2026-03-30T11:58:12","guid":{"rendered":"https:\/\/whitelip.com\/?post_type=product&#038;p=92778"},"modified":"2026-04-13T17:33:00","modified_gmt":"2026-04-13T17:33:00","slug":"77-pink-punch-medium","status":"publish","type":"product","link":"https:\/\/whitelip.com\/de\/77\/77-pink-punch-medium\/","title":{"rendered":"77 Pink Punch Medium"},"content":{"rendered":"<h2>77 Pink Punch Medium<\/h2>\n<p data-start=\"30\" data-end=\"166\">77 Pink Punch Medium enth\u00e4lt 10,4 mg Nikotin pro Beutel und ist in schlankem Format entwickelt, das f\u00fcr eine gleichm\u00e4\u00dfige Passform unter der Lippe ausgelegt ist.<\/p>\n<p data-start=\"168\" data-end=\"473\">Das Geschmacksprofil von Pink Punch basiert auf einer fruchtbasierten Mischung mit einer klaren S\u00fc\u00dfe und einem leicht w\u00fcrzigen Charakter. Der Geschmack ist so konzipiert, dass er w\u00e4hrend der gesamten Verwendung ein ausgewogenes und konsistentes Erlebnis bietet. Das schlanke Format besteht aus schmaleren Beuteln, die gleichm\u00e4\u00dfig und diskret unter der Lippe sitzen.<\/p>\n<p data-start=\"475\" data-end=\"663\">Jeder Beutel liefert 10,4 mg Nikotin, was das Produkt in eine h\u00f6here Nikotinst\u00e4rkekategorie einordnet. Die Beutelkonstruktion unterst\u00fctzt eine kontrollierte Freisetzung von Geschmack und Nikotin im Laufe der Zeit.<\/p>\n<p data-start=\"665\" data-end=\"843\">Die Kombination aus fruchtbasiertem Geschmacksprofil, schlankem Format und erh\u00f6htem Nikotingehalt macht dieses Produkt f\u00fcr Benutzer geeignet, die ein intensiveres Nikotinerlebnis bevorzugen.<\/p>\n<table>\n<tbody>\n<tr>\n<td><b>Attribut<\/b><\/td>\n<td><b>Einzelheiten<\/b><\/td>\n<\/tr>\n<tr>\n<td><b>Inhalt pro Dose<\/b><\/td>\n<td><span style=\"font-weight: 400;\">13g (20 Beutel)<\/span><\/td>\n<\/tr>\n<tr>\n<td><b>Nikotingehalt<\/b><\/td>\n<td><span style=\"font-weight: 400;\">10.4 mg per pouch<\/span><\/td>\n<\/tr>\n<tr>\n<td><b>Format des Beutels<\/b><\/td>\n<td><span style=\"font-weight: 400;\">Schlank<\/span><\/td>\n<\/tr>\n<tr>\n<td><b>Produzent<\/b><\/td>\n<td><span style=\"font-weight: 400;\">77 Gruppe<\/span><\/td>\n<\/tr>\n<tr>\n<td><b>Geschmack<\/b><\/td>\n<td><span style=\"font-weight: 400;\">Beeren<\/span><\/td>\n<\/tr>\n<tr>\n<td><b>Typ<\/b><\/td>\n<td><span style=\"font-weight: 400;\">Ganz wei\u00dfe Tasche<\/span><\/td>\n<\/tr>\n<\/tbody>\n<\/table>","protected":false},"excerpt":{"rendered":"<p data-start=\"878\" data-end=\"1139\" data-is-last-node=\"\" data-is-only-node=\"\"><strong>Verf\u00fcgbar ab 16. April.<\/strong><\/p>\n<p data-start=\"878\" data-end=\"1139\" data-is-last-node=\"\" data-is-only-node=\"\">77 Pink Punch Medium enth\u00e4lt <strong data-start=\"910\" data-end=\"930\">10,4 mg Nikotin<\/strong> pro Beutel mit einem fruchtbasierten Geschmacksprofil. Das <strong data-start=\"980\" data-end=\"988\">Schlank<\/strong> Format bietet eine diskrete Passform unter der Lippe und eine kontrollierte Freisetzung von Geschmack und Nikotin. Das Produkt wird als eine h\u00f6here Nikotinst\u00e4rkekategorie klassifiziert.<\/p>","protected":false},"featured_media":92785,"comment_status":"open","ping_status":"closed","template":"","format":[206],"meta":{"_acf_changed":false},"product_brand":[],"product_cat":[23],"product_tag":[16543,16445,16421],"flavours":[196],"nicotine":[218,232],"class_list":{"0":"post-92778","1":"product","2":"type-product","3":"status-publish","4":"has-post-thumbnail","6":"product_cat-23","7":"product_tag-10-4-mg-pouch","8":"product_tag-20-off","9":"product_tag-new","10":"pa_quantity-1-pack","11":"pa_quantity-10-pack","12":"pa_quantity-3-pack","13":"pa_quantity-30-pack","14":"pa_quantity-5-pack","15":"pa_quantity-60-pack","16":"flavours-fruits-berries","17":"format-slim","18":"nicotine-20-mg-g","19":"nicotine-extra-strong","21":"first","22":"outofstock","23":"sale","24":"taxable","25":"shipping-taxable","26":"purchasable","27":"product-type-variable","28":"has-default-attributes"},"acf":[],"_links":{"self":[{"href":"https:\/\/whitelip.com\/de\/wp-json\/wp\/v2\/product\/92778","targetHints":{"allow":["GET"]}}],"collection":[{"href":"https:\/\/whitelip.com\/de\/wp-json\/wp\/v2\/product"}],"about":[{"href":"https:\/\/whitelip.com\/de\/wp-json\/wp\/v2\/types\/product"}],"replies":[{"embeddable":true,"href":"https:\/\/whitelip.com\/de\/wp-json\/wp\/v2\/comments?post=92778"}],"wp:featuredmedia":[{"embeddable":true,"href":"https:\/\/whitelip.com\/de\/wp-json\/wp\/v2\/media\/92785"}],"wp:attachment":[{"href":"https:\/\/whitelip.com\/de\/wp-json\/wp\/v2\/media?parent=92778"}],"wp:term":[{"taxonomy":"product_brand","embeddable":true,"href":"https:\/\/whitelip.com\/de\/wp-json\/wp\/v2\/product_brand?post=92778"},{"taxonomy":"product_cat","embeddable":true,"href":"https:\/\/whitelip.com\/de\/wp-json\/wp\/v2\/product_cat?post=92778"},{"taxonomy":"product_tag","embeddable":true,"href":"https:\/\/whitelip.com\/de\/wp-json\/wp\/v2\/product_tag?post=92778"},{"taxonomy":"flavours","embeddable":true,"href":"https:\/\/whitelip.com\/de\/wp-json\/wp\/v2\/flavours?post=92778"},{"taxonomy":"format","embeddable":true,"href":"https:\/\/whitelip.com\/de\/wp-json\/wp\/v2\/format?post=92778"},{"taxonomy":"nicotine","embeddable":true,"href":"https:\/\/whitelip.com\/de\/wp-json\/wp\/v2\/nicotine?post=92778"}],"curies":[{"name":"wp","href":"https:\/\/api.w.org\/{rel}","templated":true}]}}