{"id":92089,"date":"2026-03-24T12:52:44","date_gmt":"2026-03-24T12:52:44","guid":{"rendered":"https:\/\/whitelip.com\/?post_type=product&#038;p=92089"},"modified":"2026-05-07T10:11:53","modified_gmt":"2026-05-07T10:11:53","slug":"apres-julmust","status":"publish","type":"product","link":"https:\/\/whitelip.com\/de\/apres\/apres-julmust\/","title":{"rendered":"Nach Julmust"},"content":{"rendered":"<h2>Nach Julmust<\/h2>\n<p data-start=\"30\" data-end=\"256\">APR\u00c8S Julmust Slim enth\u00e4lt 4,4 mg Nikotin pro Beutel und zeichnet sich durch ein von der traditionellen schwedischen Julmust inspiriertes Geschmacksprofil aus. Das Produkt wird von APR\u00c8S Nicotine AB hergestellt und in einem Slim-Beutelformat angeboten. Das Geschmacksprofil ist dem Julmust nachempfunden und kombiniert s\u00fc\u00dfe und w\u00fcrzige Noten, die f\u00fcr das klassische schwedische Getr\u00e4nk charakteristisch sind. Das Slim-Format besteht aus schmaleren Beuteln, die so gestaltet sind, dass sie gleichm\u00e4\u00dfig unter der Lippe sitzen und einen diskreten und bequemen Sitz bieten. Die Beutel sind vollst\u00e4ndig wei\u00df und wurden entwickelt, um eine gleichm\u00e4\u00dfige Freisetzung von Geschmack und Nikotin w\u00e4hrend des Gebrauchs zu gew\u00e4hrleisten. Die Nikotinkonzentration betr\u00e4gt 8 mg pro Gramm, was 4,4 mg Nikotin pro Beutel entspricht. Jede Dose enth\u00e4lt 20 Beutel mit einem Gesamtgewicht von 11 Gramm. Der Nikotingehalt ist als niedrig eingestuft. APR\u00c8S ist eine Marke, die sich auf die Herstellung von Nikotinbeuteln mit ausgewogenen Geschmacksprofilen und gleichbleibender Produktqualit\u00e4t konzentriert. Das Sortiment umfasst eine Vielzahl von Geschmackskategorien, von Minze \u00fcber Fr\u00fcchte bis hin zu ausgefalleneren Profilen wie Julmust, die in verschiedenen St\u00e4rken und Formaten erh\u00e4ltlich sind.<\/p>\n<table>\n<tbody>\n<tr>\n<td><b>Attribut<\/b><\/td>\n<td><b>Einzelheiten<\/b><\/td>\n<\/tr>\n<tr>\n<td><b>Inhalt pro Dose<\/b><\/td>\n<td><span style=\"font-weight: 400;\">11g (20 Beutel)<\/span><\/td>\n<\/tr>\n<tr>\n<td><b>Nikotingehalt<\/b><\/td>\n<td><span style=\"font-weight: 400;\">8 mg\/g (4,4 mg pro Beutel)<\/span><\/td>\n<\/tr>\n<tr>\n<td><b>Format des Beutels<\/b><\/td>\n<td><span style=\"font-weight: 400;\">Schlank<\/span><\/td>\n<\/tr>\n<tr>\n<td><b>Produzent<\/b><\/td>\n<td><span style=\"font-weight: 400;\">APR\u00c8S Nicotine AB<\/span><\/td>\n<\/tr>\n<tr>\n<td><b>Geschmack<\/b><\/td>\n<td><span style=\"font-weight: 400;\">Schwedische Julmust<\/span><\/td>\n<\/tr>\n<tr>\n<td><b>Typ<\/b><\/td>\n<td><span style=\"font-weight: 400;\">Ganz wei\u00dfe Tasche<\/span><\/td>\n<\/tr>\n<\/tbody>\n<\/table>","protected":false},"excerpt":{"rendered":"<p>APR\u00c8S <strong data-start=\"1143\" data-end=\"1159\">Julmust Slim<\/strong> enth\u00e4lt <strong data-start=\"1169\" data-end=\"1188\">4,4 mg Nikotin<\/strong> pro Beutel mit einem Geschmacksprofil, das vom schwedischen Julmust inspiriert ist. Jede Dose enth\u00e4lt 20 <strong data-start=\"1271\" data-end=\"1279\">Schlank<\/strong> Beutel mit einem Gesamtgewicht von 11 Gramm. Die Nikotinkonzentration betr\u00e4gt 8 mg pro Gramm, was einer niedrigen Nikotinst\u00e4rke entspricht.<\/p>","protected":false},"featured_media":92096,"comment_status":"open","ping_status":"closed","template":"","format":[206],"meta":{"_acf_changed":false},"product_brand":[],"product_cat":[41],"product_tag":[17014,16549],"flavours":[],"nicotine":[230,235],"class_list":{"0":"post-92089","1":"product","2":"type-product","3":"status-publish","4":"has-post-thumbnail","6":"product_cat-apres","7":"product_tag-35-off","8":"product_tag-4-4-mg-pouch","9":"pa_quantity-1-pack","10":"pa_quantity-10-pack","11":"pa_quantity-3-pack","12":"pa_quantity-30-pack","13":"pa_quantity-5-pack","14":"pa_quantity-60-pack","15":"format-slim","16":"nicotine-8-mg-g","17":"nicotine-normal","19":"first","20":"instock","21":"sale","22":"taxable","23":"shipping-taxable","24":"purchasable","25":"product-type-variable"},"acf":[],"_links":{"self":[{"href":"https:\/\/whitelip.com\/de\/wp-json\/wp\/v2\/product\/92089","targetHints":{"allow":["GET"]}}],"collection":[{"href":"https:\/\/whitelip.com\/de\/wp-json\/wp\/v2\/product"}],"about":[{"href":"https:\/\/whitelip.com\/de\/wp-json\/wp\/v2\/types\/product"}],"replies":[{"embeddable":true,"href":"https:\/\/whitelip.com\/de\/wp-json\/wp\/v2\/comments?post=92089"}],"wp:featuredmedia":[{"embeddable":true,"href":"https:\/\/whitelip.com\/de\/wp-json\/wp\/v2\/media\/92096"}],"wp:attachment":[{"href":"https:\/\/whitelip.com\/de\/wp-json\/wp\/v2\/media?parent=92089"}],"wp:term":[{"taxonomy":"product_brand","embeddable":true,"href":"https:\/\/whitelip.com\/de\/wp-json\/wp\/v2\/product_brand?post=92089"},{"taxonomy":"product_cat","embeddable":true,"href":"https:\/\/whitelip.com\/de\/wp-json\/wp\/v2\/product_cat?post=92089"},{"taxonomy":"product_tag","embeddable":true,"href":"https:\/\/whitelip.com\/de\/wp-json\/wp\/v2\/product_tag?post=92089"},{"taxonomy":"flavours","embeddable":true,"href":"https:\/\/whitelip.com\/de\/wp-json\/wp\/v2\/flavours?post=92089"},{"taxonomy":"format","embeddable":true,"href":"https:\/\/whitelip.com\/de\/wp-json\/wp\/v2\/format?post=92089"},{"taxonomy":"nicotine","embeddable":true,"href":"https:\/\/whitelip.com\/de\/wp-json\/wp\/v2\/nicotine?post=92089"}],"curies":[{"name":"wp","href":"https:\/\/api.w.org\/{rel}","templated":true}]}}