{"id":86492,"date":"2026-03-02T10:27:55","date_gmt":"2026-03-02T10:27:55","guid":{"rendered":"https:\/\/whitelip.com\/?post_type=product&#038;p=86492"},"modified":"2026-04-11T00:54:05","modified_gmt":"2026-04-11T00:54:05","slug":"killa-flash-pineapple","status":"publish","type":"product","link":"https:\/\/whitelip.com\/de\/killa\/killa-flash-pineapple\/","title":{"rendered":"KILLA Flash Ananas"},"content":{"rendered":"<h2>KILLA Flash Ananas<\/h2>\n<p data-start=\"30\" data-end=\"254\">Killa Flash Pineapple Slim enth\u00e4lt 4 mg Nikotin pro Beutel und bietet ein Geschmacksprofil auf Ananasbasis mit exotischem Fruchtcharakter. Das Produkt wird in einem schlanken Beutelformat pr\u00e4sentiert, das f\u00fcr einen gleichm\u00e4\u00dfigen Sitz unter der Lippe entwickelt wurde.<\/p>\n<p data-start=\"256\" data-end=\"450\">Das Geschmacksprofil konzentriert sich auf Ananas Noten mit einem s\u00fc\u00dfen und tropischen Charakter. Jeder Beutel wiegt 0,8 Gramm und wurde entwickelt, um eine gleichm\u00e4\u00dfige Freisetzung von Geschmack und Nikotin w\u00e4hrend des Gebrauchs zu gew\u00e4hrleisten.<\/p>\n<p data-start=\"452\" data-end=\"722\">Der Nikotingehalt betr\u00e4gt 5 mg pro Gramm, was 4 mg Nikotin pro Beutel entspricht. Jede Dose enth\u00e4lt 30 Beutel, so dass der gesamte Nikotingehalt gleichm\u00e4\u00dfig auf die Portionen verteilt ist. Die Nikotinst\u00e4rke ist als superleicht eingestuft, was auf einen niedrigen Nikotingehalt hinweist.<\/p>\n<p data-start=\"724\" data-end=\"872\">Die Kombination aus tropischem Ananasgeschmack, Slim-Format und niedriger Nikotinst\u00e4rke bietet ein mildes Nikotinerlebnis mit kontrollierter Abgabe.<\/p>\n<table>\n<tbody>\n<tr>\n<td><b>Attribut<\/b><\/td>\n<td><b>Einzelheiten<\/b><\/td>\n<\/tr>\n<tr>\n<td><span style=\"font-weight: 400;\">Inhalt pro Dose<\/span><\/td>\n<td><span style=\"font-weight: 400;\">24 g (30 Beutel)<\/span><\/td>\n<\/tr>\n<tr>\n<td><span style=\"font-weight: 400;\">Nikotingehalt<\/span><\/td>\n<td><span style=\"font-weight: 400;\">5 mg\/g (4 mg pro Beutel)<\/span><\/td>\n<\/tr>\n<tr>\n<td><span style=\"font-weight: 400;\">Format der Tasche<\/span><\/td>\n<td><span style=\"font-weight: 400;\">Schlank<\/span><\/td>\n<\/tr>\n<tr>\n<td><span style=\"font-weight: 400;\">Produzent<\/span><\/td>\n<td><span style=\"font-weight: 400;\">N.G.P. Empire<\/span><\/td>\n<\/tr>\n<tr>\n<td><span style=\"font-weight: 400;\">Geschmack<\/span><\/td>\n<td><span style=\"font-weight: 400;\">Ananas<\/span><\/td>\n<\/tr>\n<tr>\n<td><span style=\"font-weight: 400;\">Typ<\/span><\/td>\n<td><span style=\"font-weight: 400;\">Wei\u00dfe Beutel, tabakfrei<\/span><\/td>\n<\/tr>\n<\/tbody>\n<\/table>","protected":false},"excerpt":{"rendered":"<p>Killa Flash Pineapple Slim enth\u00e4lt <strong>4 mg Nikotin pro Beutel<\/strong> mit einer <strong>Ananas<\/strong> Geschmacksprofil. Jede Dose enth\u00e4lt 30 <strong data-start=\"1023\" data-end=\"1031\">Schlank<\/strong> Beutel mit einem Gewicht von jeweils 0,8 Gramm. Das Produkt wird als superleichte St\u00e4rke mit einem milden Nikotingehalt eingestuft.<\/p>","protected":false},"featured_media":86541,"comment_status":"open","ping_status":"closed","template":"","format":[206],"meta":{"_acf_changed":false},"product_brand":[],"product_cat":[64],"product_tag":[16585],"flavours":[196],"nicotine":[16492,234],"class_list":{"0":"post-86492","1":"product","2":"type-product","3":"status-publish","4":"has-post-thumbnail","6":"product_cat-killa","7":"product_tag-4-mg-pouch","8":"pa_quantity-1-pack","9":"pa_quantity-10-pack","10":"pa_quantity-3-pack","11":"pa_quantity-30-pack","12":"pa_quantity-5-pack","13":"pa_quantity-60-pack","14":"flavours-fruits-berries","15":"format-slim","16":"nicotine-5-mg-g","17":"nicotine-mild","19":"first","20":"outofstock","21":"taxable","22":"shipping-taxable","23":"purchasable","24":"product-type-variable"},"acf":[],"_links":{"self":[{"href":"https:\/\/whitelip.com\/de\/wp-json\/wp\/v2\/product\/86492","targetHints":{"allow":["GET"]}}],"collection":[{"href":"https:\/\/whitelip.com\/de\/wp-json\/wp\/v2\/product"}],"about":[{"href":"https:\/\/whitelip.com\/de\/wp-json\/wp\/v2\/types\/product"}],"replies":[{"embeddable":true,"href":"https:\/\/whitelip.com\/de\/wp-json\/wp\/v2\/comments?post=86492"}],"wp:featuredmedia":[{"embeddable":true,"href":"https:\/\/whitelip.com\/de\/wp-json\/wp\/v2\/media\/86541"}],"wp:attachment":[{"href":"https:\/\/whitelip.com\/de\/wp-json\/wp\/v2\/media?parent=86492"}],"wp:term":[{"taxonomy":"product_brand","embeddable":true,"href":"https:\/\/whitelip.com\/de\/wp-json\/wp\/v2\/product_brand?post=86492"},{"taxonomy":"product_cat","embeddable":true,"href":"https:\/\/whitelip.com\/de\/wp-json\/wp\/v2\/product_cat?post=86492"},{"taxonomy":"product_tag","embeddable":true,"href":"https:\/\/whitelip.com\/de\/wp-json\/wp\/v2\/product_tag?post=86492"},{"taxonomy":"flavours","embeddable":true,"href":"https:\/\/whitelip.com\/de\/wp-json\/wp\/v2\/flavours?post=86492"},{"taxonomy":"format","embeddable":true,"href":"https:\/\/whitelip.com\/de\/wp-json\/wp\/v2\/format?post=86492"},{"taxonomy":"nicotine","embeddable":true,"href":"https:\/\/whitelip.com\/de\/wp-json\/wp\/v2\/nicotine?post=86492"}],"curies":[{"name":"wp","href":"https:\/\/api.w.org\/{rel}","templated":true}]}}