{"id":86434,"date":"2026-03-02T10:14:42","date_gmt":"2026-03-02T10:14:42","guid":{"rendered":"https:\/\/whitelip.com\/?post_type=product&#038;p=86434"},"modified":"2026-04-11T16:01:48","modified_gmt":"2026-04-11T16:01:48","slug":"creed-spezial-cola-orange","status":"publish","type":"product","link":"https:\/\/whitelip.com\/de\/creed\/creed-spezial-cola-orange\/","title":{"rendered":"CREED Spezial Cola Orange"},"content":{"rendered":"<h2>CREED Spezial Cola Orange<\/h2>\n<p data-start=\"30\" data-end=\"273\">Dieses Nikotin-Beutelprodukt im Slim-Format enth\u00e4lt 12 mg Nikotin pro Beutel und wird als starke St\u00e4rke eingestuft. Das Geschmacksprofil kombiniert Cola-Charakter mit Orangennoten und schafft so eine ausgewogene Mischung aus S\u00fc\u00dfe und Zitrusfrische.<\/p>\n<p data-start=\"275\" data-end=\"474\">Das Slim-Format besteht aus schmaleren Beuteln, die so gestaltet sind, dass sie gleichm\u00e4\u00dfig unter der Lippe sitzen. Jeder Beutel wiegt 0,75 Gramm und wurde entwickelt, um eine gleichm\u00e4\u00dfige Freisetzung von Geschmack und Nikotin w\u00e4hrend des Gebrauchs zu gew\u00e4hrleisten.<\/p>\n<p data-start=\"476\" data-end=\"771\">Der Nikotingehalt betr\u00e4gt 16 mg pro Gramm, was 12 mg Nikotin pro Beutel entspricht. Jede Dose enth\u00e4lt 20 Beutel mit einem Gesamtnettogewicht von 14,7 Gramm. Der hohe Nikotingehalt ordnet dieses Produkt in eine h\u00f6here St\u00e4rkekategorie ein, die f\u00fcr Benutzer gedacht ist, die mit st\u00e4rkeren Nikotinprodukten vertraut sind.<\/p>\n<p data-start=\"773\" data-end=\"946\">Die Kombination aus Cola- und Orangengeschmackselementen liefert ein klar definiertes Geschmacksprofil, w\u00e4hrend die kontrollierte Nikotinabgabe durch den <strong data-start=\"924\" data-end=\"932\">Schlank<\/strong> Etui-Format.<\/p>\n<table>\n<tbody>\n<tr>\n<td><b>Attribut<\/b><\/td>\n<td><b>Einzelheiten<\/b><\/td>\n<\/tr>\n<tr>\n<td><b>Marke<\/b><\/td>\n<td><span style=\"font-weight: 400;\">CREED<\/span><\/td>\n<\/tr>\n<tr>\n<td><b>Produkttyp<\/b><\/td>\n<td><span style=\"font-weight: 400;\">Alle wei\u00dfen Nikotinbeutel<\/span><\/td>\n<\/tr>\n<tr>\n<td><b>Format<\/b><\/td>\n<td><span style=\"font-weight: 400;\">Schlank<\/span><\/td>\n<\/tr>\n<tr>\n<td><b>Geschmack<\/b><\/td>\n<td><span style=\"font-weight: 400;\">Cola, Orange<\/span><\/td>\n<\/tr>\n<tr>\n<td><b>Nikotinst\u00e4rke<\/b><\/td>\n<td><span style=\"font-weight: 400;\">12 mg pro Beutel\u00a0<\/span><\/td>\n<\/tr>\n<tr>\n<td><b>Portion Gewicht<\/b><\/td>\n<td><span style=\"font-weight: 400;\">0,75 Gramm<\/span><\/td>\n<\/tr>\n<tr>\n<td><b>Anzahl der Portionen<\/b><\/td>\n<td><span style=\"font-weight: 400;\">20 pro Dose<\/span><\/td>\n<\/tr>\n<tr>\n<td><b>Gesamtgewicht der Dose<\/b><\/td>\n<td><span style=\"font-weight: 400;\">15 Gramm<\/span><\/td>\n<\/tr>\n<tr>\n<td><b>Hersteller<\/b><\/td>\n<td><span style=\"font-weight: 400;\">AROS ECOM AB<\/span><\/td>\n<\/tr>\n<tr>\n<td><b>Bemerkenswerte Merkmale<\/b><\/td>\n<td><span style=\"font-weight: 400;\">Tabakfrei, Slim-Format<\/span><\/td>\n<\/tr>\n<\/tbody>\n<\/table>","protected":false},"excerpt":{"rendered":"<p data-start=\"991\" data-end=\"1124\">Diese <strong data-start=\"986\" data-end=\"994\">Schlank<\/strong> Nikotin-Beutel enth\u00e4lt <strong data-start=\"1019\" data-end=\"1037\">12 mg Nikotin<\/strong> pro Beutel und weist ein Geschmacksprofil von Cola und Orange auf. Jede Dose enth\u00e4lt 20 Beutel mit einem Gewicht von je 0,75 Gramm, was einem Gesamtnettogewicht von 14,7 Gramm entspricht. Das Produkt ist als starkes Getr\u00e4nk eingestuft.<\/p>","protected":false},"featured_media":86491,"comment_status":"open","ping_status":"closed","template":"","format":[206],"meta":{"_acf_changed":false},"product_brand":[],"product_cat":[16528],"product_tag":[16561],"flavours":[193,196],"nicotine":[213,232],"class_list":{"0":"post-86434","1":"product","2":"type-product","3":"status-publish","4":"has-post-thumbnail","6":"product_cat-creed","7":"product_tag-12-mg-pouch","8":"pa_quantity-1-pack","9":"pa_quantity-10-pack","10":"pa_quantity-3-pack","11":"pa_quantity-30-pack","12":"pa_quantity-5-pack","13":"pa_quantity-60-pack","14":"flavours-cola","15":"flavours-fruits-berries","16":"format-slim","17":"nicotine-16-mg-g","18":"nicotine-extra-strong","20":"first","21":"instock","22":"taxable","23":"shipping-taxable","24":"purchasable","25":"product-type-variable","26":"has-default-attributes"},"acf":[],"_links":{"self":[{"href":"https:\/\/whitelip.com\/de\/wp-json\/wp\/v2\/product\/86434","targetHints":{"allow":["GET"]}}],"collection":[{"href":"https:\/\/whitelip.com\/de\/wp-json\/wp\/v2\/product"}],"about":[{"href":"https:\/\/whitelip.com\/de\/wp-json\/wp\/v2\/types\/product"}],"replies":[{"embeddable":true,"href":"https:\/\/whitelip.com\/de\/wp-json\/wp\/v2\/comments?post=86434"}],"wp:featuredmedia":[{"embeddable":true,"href":"https:\/\/whitelip.com\/de\/wp-json\/wp\/v2\/media\/86491"}],"wp:attachment":[{"href":"https:\/\/whitelip.com\/de\/wp-json\/wp\/v2\/media?parent=86434"}],"wp:term":[{"taxonomy":"product_brand","embeddable":true,"href":"https:\/\/whitelip.com\/de\/wp-json\/wp\/v2\/product_brand?post=86434"},{"taxonomy":"product_cat","embeddable":true,"href":"https:\/\/whitelip.com\/de\/wp-json\/wp\/v2\/product_cat?post=86434"},{"taxonomy":"product_tag","embeddable":true,"href":"https:\/\/whitelip.com\/de\/wp-json\/wp\/v2\/product_tag?post=86434"},{"taxonomy":"flavours","embeddable":true,"href":"https:\/\/whitelip.com\/de\/wp-json\/wp\/v2\/flavours?post=86434"},{"taxonomy":"format","embeddable":true,"href":"https:\/\/whitelip.com\/de\/wp-json\/wp\/v2\/format?post=86434"},{"taxonomy":"nicotine","embeddable":true,"href":"https:\/\/whitelip.com\/de\/wp-json\/wp\/v2\/nicotine?post=86434"}],"curies":[{"name":"wp","href":"https:\/\/api.w.org\/{rel}","templated":true}]}}