{"id":86377,"date":"2026-03-02T10:07:31","date_gmt":"2026-03-02T10:07:31","guid":{"rendered":"https:\/\/whitelip.com\/?post_type=product&#038;p=86377"},"modified":"2026-04-09T10:04:20","modified_gmt":"2026-04-09T10:04:20","slug":"nois-wintergreen-slim","status":"publish","type":"product","link":"https:\/\/whitelip.com\/de\/nois\/nois-wintergreen-slim\/","title":{"rendered":"NOIS Wintergr\u00fcn 4mg"},"content":{"rendered":"<h2>NOIS Wintergr\u00fcn 4mg<\/h2>\n<p data-start=\"30\" data-end=\"269\">NOIS Wintergreen 4mg enth\u00e4lt 4 mg Nikotin pro Beutel und zeichnet sich durch ein Geschmacksprofil aus, das s\u00fc\u00dfe Wintergr\u00fcnnoten mit k\u00fchlender Minze kombiniert. Das Produkt wird von NOIS.WORLD in Estland hergestellt und wird in einem schlanken Beutelformat pr\u00e4sentiert.<\/p>\n<p data-start=\"271\" data-end=\"580\">Der Geschmack kombiniert einen fruchtigen Wintergr\u00fcn-Charakter mit einem frischen Minzgef\u00fchl, wodurch ein ausgewogenes K\u00fchlprofil entsteht. Das Slim-Format besteht aus schmaleren Beuteln, die f\u00fcr einen gleichm\u00e4\u00dfigen und bequemen Sitz unter der Lippe entwickelt wurden. Jeder Beutel wiegt 0,5 Gramm und wurde f\u00fcr eine gleichm\u00e4\u00dfige Geschmacks- und Nikotinabgabe entwickelt.<\/p>\n<p data-start=\"582\" data-end=\"879\">Jede Dose enth\u00e4lt 30 Portionsbeutel mit einem Gesamtgewicht von 15 Gramm. Jeder Beutel liefert 4 mg Nikotin, was das Produkt in eine leichte St\u00e4rkekategorie einordnet. Die Kombination aus wintergr\u00fcnen Fruchtnoten und Minze sorgt f\u00fcr einen klar definierten k\u00fchlenden Charakter bei gleichzeitig mildem Nikotingehalt.<\/p>\n<table>\n<tbody>\n<tr>\n<td><b>Attribut<\/b><\/td>\n<td><b>Einzelheiten<\/b><\/td>\n<\/tr>\n<tr>\n<td><b>Marke<\/b><\/td>\n<td><span style=\"font-weight: 400;\">NOIS<\/span><\/td>\n<\/tr>\n<tr>\n<td><b>Produkttyp<\/b><\/td>\n<td><span style=\"font-weight: 400;\">Alle wei\u00dfen Nikotinbeutel<\/span><\/td>\n<\/tr>\n<tr>\n<td><b>Format<\/b><\/td>\n<td><span style=\"font-weight: 400;\">Schlank<\/span><\/td>\n<\/tr>\n<tr>\n<td><b>Geschmack<\/b><\/td>\n<td><span style=\"font-weight: 400;\">Wintergr\u00fcn<\/span><\/td>\n<\/tr>\n<tr>\n<td><b>Nikotinst\u00e4rke<\/b><\/td>\n<td><span style=\"font-weight: 400;\">4 mg pro Beutel\u00a0<\/span><\/td>\n<\/tr>\n<tr>\n<td><b>Portion Gewicht<\/b><\/td>\n<td><span style=\"font-weight: 400;\">0,5 Gramm<\/span><\/td>\n<\/tr>\n<tr>\n<td><b>Anzahl der Portionen<\/b><\/td>\n<td><span style=\"font-weight: 400;\">30 pro Dose<\/span><\/td>\n<\/tr>\n<tr>\n<td><b>Gesamtgewicht der Dose<\/b><\/td>\n<td><span style=\"font-weight: 400;\">15 Gramm<\/span><\/td>\n<\/tr>\n<tr>\n<td><b>Hersteller<\/b><\/td>\n<td><span style=\"font-weight: 400;\">HRJ Production O\u00dc<\/span><\/td>\n<\/tr>\n<tr>\n<td><b>Bemerkenswerte Merkmale<\/b><\/td>\n<td><span style=\"font-weight: 400;\">Tabakfrei, Slim-Format<\/span><\/td>\n<\/tr>\n<\/tbody>\n<\/table>","protected":false},"excerpt":{"rendered":"<p data-start=\"991\" data-end=\"1124\">NOIS Wintergr\u00fcn 4mg enth\u00e4lt <strong data-start=\"949\" data-end=\"966\">4 mg Nikotin<\/strong> pro Beutel mit einer Geschmackskombination <strong>Wintergr\u00fcn<\/strong> Obst und Minze. Jede Dose enth\u00e4lt 30 <strong data-start=\"1050\" data-end=\"1058\">Schlank<\/strong> Beutel mit einem Gewicht von je 0,5 Gramm. Das Produkt ist als leicht eingestuft und wird in Estland von NOIS.WORLD hergestellt.<\/p>","protected":false},"featured_media":86433,"comment_status":"open","ping_status":"closed","template":"","format":[206],"meta":{"_acf_changed":false},"product_brand":[],"product_cat":[127],"product_tag":[16585],"flavours":[203],"nicotine":[230,236],"class_list":{"0":"post-86377","1":"product","2":"type-product","3":"status-publish","4":"has-post-thumbnail","6":"product_cat-nois","7":"product_tag-4-mg-pouch","8":"pa_quantity-1-pack","9":"pa_quantity-10-pack","10":"pa_quantity-3-pack","11":"pa_quantity-30-pack","12":"pa_quantity-5-pack","13":"pa_quantity-60-pack","14":"flavours-wintergreen","15":"format-slim","16":"nicotine-8-mg-g","17":"nicotine-strong","19":"first","20":"outofstock","21":"taxable","22":"shipping-taxable","23":"purchasable","24":"product-type-variable","25":"has-default-attributes"},"acf":[],"_links":{"self":[{"href":"https:\/\/whitelip.com\/de\/wp-json\/wp\/v2\/product\/86377","targetHints":{"allow":["GET"]}}],"collection":[{"href":"https:\/\/whitelip.com\/de\/wp-json\/wp\/v2\/product"}],"about":[{"href":"https:\/\/whitelip.com\/de\/wp-json\/wp\/v2\/types\/product"}],"replies":[{"embeddable":true,"href":"https:\/\/whitelip.com\/de\/wp-json\/wp\/v2\/comments?post=86377"}],"wp:featuredmedia":[{"embeddable":true,"href":"https:\/\/whitelip.com\/de\/wp-json\/wp\/v2\/media\/86433"}],"wp:attachment":[{"href":"https:\/\/whitelip.com\/de\/wp-json\/wp\/v2\/media?parent=86377"}],"wp:term":[{"taxonomy":"product_brand","embeddable":true,"href":"https:\/\/whitelip.com\/de\/wp-json\/wp\/v2\/product_brand?post=86377"},{"taxonomy":"product_cat","embeddable":true,"href":"https:\/\/whitelip.com\/de\/wp-json\/wp\/v2\/product_cat?post=86377"},{"taxonomy":"product_tag","embeddable":true,"href":"https:\/\/whitelip.com\/de\/wp-json\/wp\/v2\/product_tag?post=86377"},{"taxonomy":"flavours","embeddable":true,"href":"https:\/\/whitelip.com\/de\/wp-json\/wp\/v2\/flavours?post=86377"},{"taxonomy":"format","embeddable":true,"href":"https:\/\/whitelip.com\/de\/wp-json\/wp\/v2\/format?post=86377"},{"taxonomy":"nicotine","embeddable":true,"href":"https:\/\/whitelip.com\/de\/wp-json\/wp\/v2\/nicotine?post=86377"}],"curies":[{"name":"wp","href":"https:\/\/api.w.org\/{rel}","templated":true}]}}