{"id":86331,"date":"2026-03-02T09:06:36","date_gmt":"2026-03-02T09:06:36","guid":{"rendered":"https:\/\/whitelip.com\/?post_type=product&#038;p=86331"},"modified":"2026-04-21T10:11:51","modified_gmt":"2026-04-21T10:11:51","slug":"greatest-cold-dry-easy","status":"publish","type":"product","link":"https:\/\/whitelip.com\/de\/greatest\/greatest-cold-dry-easy\/","title":{"rendered":"GREATEST Cold Dry Easy"},"content":{"rendered":"<h2>GREATEST Cold Dry Easy<\/h2>\n<p data-start=\"30\" data-end=\"259\">Greatest Cold Dry Easy Mint Slim enth\u00e4lt 4 mg Nikotin pro Beutel und wird in einem schlanken Format mit einem Geschmacksprofil auf Minzbasis hergestellt. Das Produkt wird von Premium Pouch OY hergestellt und jede Dose enth\u00e4lt 20 Beutel. Das Geschmacksprofil ist Minze mit einem deutlich k\u00fchlenden Charakter. Das Slim-Format besteht aus schmaleren Beuteln, die so gestaltet sind, dass sie gleichm\u00e4\u00dfig unter der Lippe sitzen. Die Konstruktion weist eine trockenere Oberfl\u00e4che auf, was zu einer kontrollierten und allm\u00e4hlichen Freisetzung von Geschmack und Nikotin im Laufe der Zeit beitr\u00e4gt. Jeder Beutel wiegt 0,5 Gramm. Der Nikotingehalt betr\u00e4gt 0,80%, was 4 mg Nikotin pro Beutel und insgesamt etwa 80 mg Nikotin pro Dose entspricht. Das trockene Beuteldesign reduziert die anf\u00e4ngliche Feuchtigkeit und erm\u00f6glicht eine gleichm\u00e4\u00dfigere Abgabe im Vergleich zu feuchteren Formaten. Die Kombination aus Minzgeschmack, Slim-Format und niedrigem Nikotingehalt eignet sich f\u00fcr Konsumenten, die einen milden Nikotingehalt mit kontrollierter Abgabe suchen.<\/p>\n<table>\n<tbody>\n<tr>\n<td><b>Attribut<\/b><\/td>\n<td><b>Einzelheiten<\/b><\/td>\n<\/tr>\n<tr>\n<td><b>Inhalt pro Dose<\/b><\/td>\n<td><span style=\"font-weight: 400;\">10g (20 Beutel)<\/span><\/td>\n<\/tr>\n<tr>\n<td><b>Nikotingehalt<\/b><\/td>\n<td><span style=\"font-weight: 400;\">4 mg pro Beutel<\/span><\/td>\n<\/tr>\n<tr>\n<td><b>Format des Beutels<\/b><\/td>\n<td><span style=\"font-weight: 400;\">Schlank<\/span><\/td>\n<\/tr>\n<tr>\n<td><b>Produzent<\/b><\/td>\n<td><span style=\"font-weight: 400;\">Premium Pouch Finnland Oy<\/span><\/td>\n<\/tr>\n<tr>\n<td><b>Geschmack<\/b><\/td>\n<td><span style=\"font-weight: 400;\">Minze<\/span><\/td>\n<\/tr>\n<tr>\n<td><b>Typ<\/b><\/td>\n<td><span style=\"font-weight: 400;\">Ganz wei\u00dfe Tasche<\/span><\/td>\n<\/tr>\n<\/tbody>\n<\/table>","protected":false},"excerpt":{"rendered":"<p>Greatest Cold Dry Easy <strong data-start=\"1108\" data-end=\"1121\">Minze Schlank<\/strong> enth\u00e4lt <strong data-start=\"1131\" data-end=\"1148\">4 mg Nikotin<\/strong> pro Beutel mit Minzgeschmack und niedriger St\u00e4rkeklassifizierung. Jede Dose enth\u00e4lt 20 Beutel mit einem Gewicht von je 0,5 Gramm. Die trockene <strong data-start=\"1273\" data-end=\"1281\">Schlank<\/strong> Format bietet eine kontrollierte und allm\u00e4hliche Nikotinabgabe.<\/p>","protected":false},"featured_media":86376,"comment_status":"open","ping_status":"closed","template":"","format":[206],"meta":{"_acf_changed":false},"product_brand":[],"product_cat":[87],"product_tag":[16585],"flavours":[199],"nicotine":[230,236],"class_list":{"0":"post-86331","1":"product","2":"type-product","3":"status-publish","4":"has-post-thumbnail","6":"product_cat-greatest","7":"product_tag-4-mg-pouch","8":"pa_quantity-1-pack","9":"pa_quantity-10-pack","10":"pa_quantity-3-pack","11":"pa_quantity-30-pack","12":"pa_quantity-5-pack","13":"pa_quantity-60-pack","14":"flavours-mint","15":"format-slim","16":"nicotine-8-mg-g","17":"nicotine-strong","19":"first","20":"instock","21":"taxable","22":"shipping-taxable","23":"purchasable","24":"product-type-variable"},"acf":[],"_links":{"self":[{"href":"https:\/\/whitelip.com\/de\/wp-json\/wp\/v2\/product\/86331","targetHints":{"allow":["GET"]}}],"collection":[{"href":"https:\/\/whitelip.com\/de\/wp-json\/wp\/v2\/product"}],"about":[{"href":"https:\/\/whitelip.com\/de\/wp-json\/wp\/v2\/types\/product"}],"replies":[{"embeddable":true,"href":"https:\/\/whitelip.com\/de\/wp-json\/wp\/v2\/comments?post=86331"}],"wp:featuredmedia":[{"embeddable":true,"href":"https:\/\/whitelip.com\/de\/wp-json\/wp\/v2\/media\/86376"}],"wp:attachment":[{"href":"https:\/\/whitelip.com\/de\/wp-json\/wp\/v2\/media?parent=86331"}],"wp:term":[{"taxonomy":"product_brand","embeddable":true,"href":"https:\/\/whitelip.com\/de\/wp-json\/wp\/v2\/product_brand?post=86331"},{"taxonomy":"product_cat","embeddable":true,"href":"https:\/\/whitelip.com\/de\/wp-json\/wp\/v2\/product_cat?post=86331"},{"taxonomy":"product_tag","embeddable":true,"href":"https:\/\/whitelip.com\/de\/wp-json\/wp\/v2\/product_tag?post=86331"},{"taxonomy":"flavours","embeddable":true,"href":"https:\/\/whitelip.com\/de\/wp-json\/wp\/v2\/flavours?post=86331"},{"taxonomy":"format","embeddable":true,"href":"https:\/\/whitelip.com\/de\/wp-json\/wp\/v2\/format?post=86331"},{"taxonomy":"nicotine","embeddable":true,"href":"https:\/\/whitelip.com\/de\/wp-json\/wp\/v2\/nicotine?post=86331"}],"curies":[{"name":"wp","href":"https:\/\/api.w.org\/{rel}","templated":true}]}}