{"id":8574,"date":"2024-11-28T12:48:31","date_gmt":"2024-11-28T12:48:31","guid":{"rendered":"https:\/\/whitelip.com\/puff-pouch-cherry-8mg\/"},"modified":"2026-05-06T10:11:16","modified_gmt":"2026-05-06T10:11:16","slug":"puff-pouch-cherry-8mg","status":"publish","type":"product","link":"https:\/\/whitelip.com\/de\/puff-pouch\/puff-pouch-cherry-8mg\/","title":{"rendered":"Puff &amp; Pouch Kirsche 8mg"},"content":{"rendered":"<h2><b>Puff &amp; Pouch Kirsche 8mg<\/b><\/h2>\n<p><span style=\"font-weight: 400;\">Puff &amp; Pouch Cherry 8mg Nikotinbeutel liefern einen s\u00fc\u00dfen und reichhaltigen Kirschgeschmack und bieten ein befriedigendes und fruchtiges Nikotinerlebnis. Diese schlanken, tabakfreien Beutel sind f\u00fcr den diskreten und bequemen Gebrauch konzipiert und passen nahtlos unter die Lippe. Mit einer moderaten Nikotinst\u00e4rke ist Puff &amp; Pouch Cherry 8mg ideal f\u00fcr Benutzer, die eine geschmackvolle Option suchen, die S\u00fc\u00dfe mit einer sanften Nikotinfreisetzung ausbalanciert.<\/span><\/p>\n<table>\n<tbody>\n<tr>\n<td><b>Attribut<\/b><\/td>\n<td><b>Einzelheiten<\/b><\/td>\n<\/tr>\n<tr>\n<td><span style=\"font-weight: 400;\">Inhalt pro Dose<\/span><\/td>\n<td><span style=\"font-weight: 400;\">10g (20 Beutel)<\/span><\/td>\n<\/tr>\n<tr>\n<td><span style=\"font-weight: 400;\">Nikotingehalt<\/span><\/td>\n<td><span style=\"font-weight: 400;\">16 mg\/g (8 mg pro Beutel)<\/span><\/td>\n<\/tr>\n<tr>\n<td><span style=\"font-weight: 400;\">Format der Tasche<\/span><\/td>\n<td><span style=\"font-weight: 400;\">Schlank<\/span><\/td>\n<\/tr>\n<tr>\n<td><span style=\"font-weight: 400;\">Produzent<\/span><\/td>\n<td><span style=\"font-weight: 400;\">Puff &amp; Beutel<\/span><\/td>\n<\/tr>\n<tr>\n<td><span style=\"font-weight: 400;\">Geschmack<\/span><\/td>\n<td><span style=\"font-weight: 400;\">Kirsche<\/span><\/td>\n<\/tr>\n<tr>\n<td><span style=\"font-weight: 400;\">Typ<\/span><\/td>\n<td><span style=\"font-weight: 400;\">Wei\u00dfe Beutel, tabakfrei<\/span><\/td>\n<\/tr>\n<\/tbody>\n<\/table>","protected":false},"excerpt":{"rendered":"<p class=\"sr-only\"><span style=\"font-size: 16px;\">Puff &amp; Pouch Cherry 8mg Nikotinbeutel liefern einen s\u00fc\u00dfen, reichen <\/span><strong style=\"font-size: 16px;\" data-start=\"63\" data-end=\"73\">Kirsche<\/strong><span style=\"font-size: 16px;\"> Geschmack mit einem weichen, fruchtigen Profil. <\/span><strong style=\"font-size: 16px;\" data-start=\"112\" data-end=\"120\">Schlank<\/strong><span style=\"font-size: 16px;\">, Tabakfreies Format f\u00fcr diskreten, komfortablen Gebrauch. Jeder Beutel enth\u00e4lt <\/span><strong style=\"font-size: 16px;\" data-start=\"193\" data-end=\"210\">8 mg Nikotin<\/strong><span style=\"font-size: 16px;\">.<\/span><\/p>","protected":false},"featured_media":3189,"comment_status":"open","ping_status":"closed","template":"","format":[206],"meta":{"_acf_changed":false},"product_brand":[],"product_cat":[86],"product_tag":[16583],"flavours":[196],"nicotine":[213,232],"class_list":{"0":"post-8574","1":"product","2":"type-product","3":"status-publish","4":"has-post-thumbnail","6":"product_cat-puff-pouch","7":"product_tag-8-mg-pouch","8":"pa_quantity-1-pack","9":"pa_quantity-10-pack","10":"pa_quantity-3-pack","11":"pa_quantity-30-pack","12":"pa_quantity-5-pack","13":"pa_quantity-60-pack","14":"flavours-fruits-berries","15":"format-slim","16":"nicotine-16-mg-g","17":"nicotine-extra-strong","19":"first","20":"instock","21":"taxable","22":"shipping-taxable","23":"purchasable","24":"product-type-variable"},"acf":[],"_links":{"self":[{"href":"https:\/\/whitelip.com\/de\/wp-json\/wp\/v2\/product\/8574","targetHints":{"allow":["GET"]}}],"collection":[{"href":"https:\/\/whitelip.com\/de\/wp-json\/wp\/v2\/product"}],"about":[{"href":"https:\/\/whitelip.com\/de\/wp-json\/wp\/v2\/types\/product"}],"replies":[{"embeddable":true,"href":"https:\/\/whitelip.com\/de\/wp-json\/wp\/v2\/comments?post=8574"}],"wp:featuredmedia":[{"embeddable":true,"href":"https:\/\/whitelip.com\/de\/wp-json\/wp\/v2\/media\/3189"}],"wp:attachment":[{"href":"https:\/\/whitelip.com\/de\/wp-json\/wp\/v2\/media?parent=8574"}],"wp:term":[{"taxonomy":"product_brand","embeddable":true,"href":"https:\/\/whitelip.com\/de\/wp-json\/wp\/v2\/product_brand?post=8574"},{"taxonomy":"product_cat","embeddable":true,"href":"https:\/\/whitelip.com\/de\/wp-json\/wp\/v2\/product_cat?post=8574"},{"taxonomy":"product_tag","embeddable":true,"href":"https:\/\/whitelip.com\/de\/wp-json\/wp\/v2\/product_tag?post=8574"},{"taxonomy":"flavours","embeddable":true,"href":"https:\/\/whitelip.com\/de\/wp-json\/wp\/v2\/flavours?post=8574"},{"taxonomy":"format","embeddable":true,"href":"https:\/\/whitelip.com\/de\/wp-json\/wp\/v2\/format?post=8574"},{"taxonomy":"nicotine","embeddable":true,"href":"https:\/\/whitelip.com\/de\/wp-json\/wp\/v2\/nicotine?post=8574"}],"curies":[{"name":"wp","href":"https:\/\/api.w.org\/{rel}","templated":true}]}}