{"id":8572,"date":"2024-11-28T12:48:31","date_gmt":"2024-11-28T12:48:31","guid":{"rendered":"https:\/\/whitelip.com\/puff-pouch-freezy-citrus-4mg\/"},"modified":"2026-05-06T10:11:16","modified_gmt":"2026-05-06T10:11:16","slug":"puff-pouch-freezy-citrus-4mg","status":"publish","type":"product","link":"https:\/\/whitelip.com\/de\/puff-pouch\/puff-pouch-freezy-citrus-4mg\/","title":{"rendered":"Puff &amp; Pouch Freezy Citrus 4mg"},"content":{"rendered":"<h2><strong>Puff &amp; Pouch Freezy Citrus 4mg<\/strong><\/h2>\n<p><span style=\"font-weight: 400;\">Puff &amp; Pouch Freezy Citrus 4mg Nikotinbeutel bieten einen hellen und pikanten Zitrusgeschmack, der ein erfrischendes und mildes Nikotinerlebnis bietet. Diese schlanken, tabakfreien Beutel sind f\u00fcr den diskreten und bequemen Gebrauch konzipiert und passen leicht unter die Lippe, um sie unterwegs zu genie\u00dfen. Mit einer niedrigeren Nikotinst\u00e4rke ist Puff &amp; Pouch Freezy Citrus 4mg eine ausgezeichnete Wahl f\u00fcr diejenigen, die eine sanfte und geschmackvolle Option suchen, die perfekt f\u00fcr Anf\u00e4nger oder leichte Nikotinbenutzer ist.<\/span><\/p>\n<table>\n<tbody>\n<tr>\n<td><b>Attribut<\/b><\/td>\n<td><b>Einzelheiten<\/b><\/td>\n<\/tr>\n<tr>\n<td><span style=\"font-weight: 400;\">Inhalt pro Dose<\/span><\/td>\n<td><span style=\"font-weight: 400;\">10g (20 Beutel)<\/span><\/td>\n<\/tr>\n<tr>\n<td><span style=\"font-weight: 400;\">Nikotingehalt<\/span><\/td>\n<td><span style=\"font-weight: 400;\">8 mg\/g (4 mg pro Beutel)<\/span><\/td>\n<\/tr>\n<tr>\n<td><span style=\"font-weight: 400;\">Format der Tasche<\/span><\/td>\n<td><span style=\"font-weight: 400;\">Schlank<\/span><\/td>\n<\/tr>\n<tr>\n<td><span style=\"font-weight: 400;\">Produzent<\/span><\/td>\n<td><span style=\"font-weight: 400;\">Puff &amp; Beutel<\/span><\/td>\n<\/tr>\n<tr>\n<td><span style=\"font-weight: 400;\">Geschmack<\/span><\/td>\n<td><span style=\"font-weight: 400;\">Zitrusfr\u00fcchte<\/span><\/td>\n<\/tr>\n<tr>\n<td><span style=\"font-weight: 400;\">Typ<\/span><\/td>\n<td><span style=\"font-weight: 400;\">Wei\u00dfe Beutel, tabakfrei<\/span><\/td>\n<\/tr>\n<\/tbody>\n<\/table>","protected":false},"excerpt":{"rendered":"<p>Puff &amp; Pouch Freezy Citrus 4mg Nikotinbeutel liefern ein helles, pikantes <strong data-start=\"72\" data-end=\"89\">Gefrorene Zitrusfr\u00fcchte<\/strong> Geschmack f\u00fcr ein erfrischendes, mildes Erlebnis. <strong data-start=\"132\" data-end=\"140\">Schlank<\/strong>, F\u00fcr die diskrete und bequeme Anwendung unterwegs ist der Beutel tabakfrei. Jeder Beutel enth\u00e4lt <strong data-start=\"223\" data-end=\"240\">4 mg Nikotin<\/strong>. Ideal f\u00fcr Anf\u00e4nger und leichte Benutzer.<\/p>","protected":false},"featured_media":8573,"comment_status":"open","ping_status":"closed","template":"","format":[206],"meta":{"_acf_changed":false},"product_brand":[],"product_cat":[86],"product_tag":[16585],"flavours":[190],"nicotine":[230,232],"class_list":{"0":"post-8572","1":"product","2":"type-product","3":"status-publish","4":"has-post-thumbnail","6":"product_cat-puff-pouch","7":"product_tag-4-mg-pouch","8":"pa_quantity-1-pack","9":"pa_quantity-10-pack","10":"pa_quantity-3-pack","11":"pa_quantity-30-pack","12":"pa_quantity-5-pack","13":"pa_quantity-60-pack","14":"flavours-citrus","15":"format-slim","16":"nicotine-8-mg-g","17":"nicotine-extra-strong","19":"first","20":"instock","21":"taxable","22":"shipping-taxable","23":"purchasable","24":"product-type-variable"},"acf":[],"_links":{"self":[{"href":"https:\/\/whitelip.com\/de\/wp-json\/wp\/v2\/product\/8572","targetHints":{"allow":["GET"]}}],"collection":[{"href":"https:\/\/whitelip.com\/de\/wp-json\/wp\/v2\/product"}],"about":[{"href":"https:\/\/whitelip.com\/de\/wp-json\/wp\/v2\/types\/product"}],"replies":[{"embeddable":true,"href":"https:\/\/whitelip.com\/de\/wp-json\/wp\/v2\/comments?post=8572"}],"wp:featuredmedia":[{"embeddable":true,"href":"https:\/\/whitelip.com\/de\/wp-json\/wp\/v2\/media\/8573"}],"wp:attachment":[{"href":"https:\/\/whitelip.com\/de\/wp-json\/wp\/v2\/media?parent=8572"}],"wp:term":[{"taxonomy":"product_brand","embeddable":true,"href":"https:\/\/whitelip.com\/de\/wp-json\/wp\/v2\/product_brand?post=8572"},{"taxonomy":"product_cat","embeddable":true,"href":"https:\/\/whitelip.com\/de\/wp-json\/wp\/v2\/product_cat?post=8572"},{"taxonomy":"product_tag","embeddable":true,"href":"https:\/\/whitelip.com\/de\/wp-json\/wp\/v2\/product_tag?post=8572"},{"taxonomy":"flavours","embeddable":true,"href":"https:\/\/whitelip.com\/de\/wp-json\/wp\/v2\/flavours?post=8572"},{"taxonomy":"format","embeddable":true,"href":"https:\/\/whitelip.com\/de\/wp-json\/wp\/v2\/format?post=8572"},{"taxonomy":"nicotine","embeddable":true,"href":"https:\/\/whitelip.com\/de\/wp-json\/wp\/v2\/nicotine?post=8572"}],"curies":[{"name":"wp","href":"https:\/\/api.w.org\/{rel}","templated":true}]}}