{"id":8550,"date":"2024-11-28T12:48:09","date_gmt":"2024-11-28T12:48:09","guid":{"rendered":"https:\/\/whitelip.com\/loop-cassis-bliss-3\/"},"modified":"2026-04-14T07:58:08","modified_gmt":"2026-04-14T07:58:08","slug":"loop-cassis-bliss-3","status":"publish","type":"product","link":"https:\/\/whitelip.com\/de\/loop\/loop-cassis-bliss-3\/","title":{"rendered":"LOOP Schwarze Johannisbeere #3"},"content":{"rendered":"<h2>LOOP Schwarze Johannisbeere #3<\/h2>\n<p><span style=\"font-weight: 400;\">LOOP Blackcurrant #3 bietet einen reichhaltigen und w\u00fcrzigen Geschmack von schwarzen Johannisbeeren mit einem Hauch von S\u00fc\u00dfe, die ein k\u00fchnes und erfrischendes Geschmackserlebnis liefern. Diese schlanken Nikotinbeutel sind f\u00fcr diejenigen gedacht, die einen fruchtigen Geschmack mit moderater Nikotinst\u00e4rke genie\u00dfen. LOOP Blackcurrant #3 bietet eine diskrete und bequeme M\u00f6glichkeit, Nikotin zu genie\u00dfen, und passt bequem unter die Lippe f\u00fcr den Gebrauch unterwegs. Sein einzigartiges Geschmacksprofil sorgt f\u00fcr ein befriedigendes und belebendes Erlebnis bei jeder Gelegenheit.<\/span><\/p>\n<table>\n<tbody>\n<tr>\n<td><b>Attribut<\/b><\/td>\n<td><b>Einzelheiten<\/b><\/td>\n<\/tr>\n<tr>\n<td><span style=\"font-weight: 400;\">Inhalt pro Dose<\/span><\/td>\n<td><span style=\"font-weight: 400;\">12g (20 Beutel)<\/span><\/td>\n<\/tr>\n<tr>\n<td><span style=\"font-weight: 400;\">Nikotingehalt<\/span><\/td>\n<td><span style=\"font-weight: 400;\">15 mg\/g<\/span><\/td>\n<\/tr>\n<tr>\n<td><span style=\"font-weight: 400;\">Format der Tasche<\/span><\/td>\n<td><span style=\"font-weight: 400;\">Schlank<\/span><\/td>\n<\/tr>\n<tr>\n<td><span style=\"font-weight: 400;\">Produzent<\/span><\/td>\n<td><span style=\"font-weight: 400;\">LOOP<\/span><\/td>\n<\/tr>\n<tr>\n<td><span style=\"font-weight: 400;\">Geschmack<\/span><\/td>\n<td><span style=\"font-weight: 400;\">Schwarze Johannisbeere<\/span><\/td>\n<\/tr>\n<tr>\n<td><span style=\"font-weight: 400;\">Typ<\/span><\/td>\n<td><span style=\"font-weight: 400;\">Wei\u00dfe Beutel, tabakfrei<\/span><\/td>\n<\/tr>\n<\/tbody>\n<\/table>","protected":false},"excerpt":{"rendered":"<p>Reichhaltig, spritzig <strong data-start=\"12\" data-end=\"28\">Schwarze Johannisbeere<\/strong> mit einem Hauch von S\u00fc\u00dfe f\u00fcr einen kr\u00e4ftigen, erfrischenden Geschmack. <strong data-start=\"85\" data-end=\"93\">Schlank<\/strong>, Die tabakfreien Beutel sitzen diskret unter der Lippe und lassen sich bequem unterwegs verwenden. Bietet eine moderate Nikotinst\u00e4rke f\u00fcr ein befriedigendes, belebendes Erlebnis.<\/p>","protected":false},"featured_media":43701,"comment_status":"open","ping_status":"closed","template":"","format":[206],"meta":{"_acf_changed":false},"product_brand":[],"product_cat":[32],"product_tag":[17011],"flavours":[196],"nicotine":[212,232],"class_list":{"0":"post-8550","1":"product","2":"type-product","3":"status-publish","4":"has-post-thumbnail","6":"product_cat-loop","7":"product_tag-9-4-mg-pouch","8":"pa_quantity-1-pack","9":"pa_quantity-10-pack","10":"pa_quantity-3-pack","11":"pa_quantity-30-pack","12":"pa_quantity-5-pack","13":"pa_quantity-60-pack","14":"flavours-fruits-berries","15":"format-slim","16":"nicotine-15-mg-g","17":"nicotine-extra-strong","19":"first","20":"instock","21":"taxable","22":"shipping-taxable","23":"purchasable","24":"product-type-variable"},"acf":[],"_links":{"self":[{"href":"https:\/\/whitelip.com\/de\/wp-json\/wp\/v2\/product\/8550","targetHints":{"allow":["GET"]}}],"collection":[{"href":"https:\/\/whitelip.com\/de\/wp-json\/wp\/v2\/product"}],"about":[{"href":"https:\/\/whitelip.com\/de\/wp-json\/wp\/v2\/types\/product"}],"replies":[{"embeddable":true,"href":"https:\/\/whitelip.com\/de\/wp-json\/wp\/v2\/comments?post=8550"}],"wp:featuredmedia":[{"embeddable":true,"href":"https:\/\/whitelip.com\/de\/wp-json\/wp\/v2\/media\/43701"}],"wp:attachment":[{"href":"https:\/\/whitelip.com\/de\/wp-json\/wp\/v2\/media?parent=8550"}],"wp:term":[{"taxonomy":"product_brand","embeddable":true,"href":"https:\/\/whitelip.com\/de\/wp-json\/wp\/v2\/product_brand?post=8550"},{"taxonomy":"product_cat","embeddable":true,"href":"https:\/\/whitelip.com\/de\/wp-json\/wp\/v2\/product_cat?post=8550"},{"taxonomy":"product_tag","embeddable":true,"href":"https:\/\/whitelip.com\/de\/wp-json\/wp\/v2\/product_tag?post=8550"},{"taxonomy":"flavours","embeddable":true,"href":"https:\/\/whitelip.com\/de\/wp-json\/wp\/v2\/flavours?post=8550"},{"taxonomy":"format","embeddable":true,"href":"https:\/\/whitelip.com\/de\/wp-json\/wp\/v2\/format?post=8550"},{"taxonomy":"nicotine","embeddable":true,"href":"https:\/\/whitelip.com\/de\/wp-json\/wp\/v2\/nicotine?post=8550"}],"curies":[{"name":"wp","href":"https:\/\/api.w.org\/{rel}","templated":true}]}}