{"id":8528,"date":"2024-11-28T12:47:45","date_gmt":"2024-11-28T12:47:45","guid":{"rendered":"https:\/\/whitelip.com\/zyn-spearmint-3mg\/"},"modified":"2026-05-02T10:11:42","modified_gmt":"2026-05-02T10:11:42","slug":"zyn-spearmint-3mg","status":"publish","type":"product","link":"https:\/\/whitelip.com\/de\/zyn\/zyn-spearmint-3mg\/","title":{"rendered":"ZYN Spearmint 3mg"},"content":{"rendered":"<h2><b>ZYN Spearmint 3mg<\/b><\/h2>\n<p><span style=\"font-weight: 400;\">ZYN Spearmint 3mg bietet einen erfrischenden und leicht s\u00fc\u00dfen Spearmint-Geschmack und sorgt f\u00fcr ein k\u00fchles und belebendes Nikotinerlebnis. Jeder kleine, rein wei\u00dfe Beutel enth\u00e4lt 3 mg Nikotin f\u00fcr eine moderate und gleichm\u00e4\u00dfige Freisetzung, ideal f\u00fcr alle, die eine leichtere Nikotinoption suchen.<\/span><\/p>\n<p><span style=\"font-weight: 400;\">Das Mini-Format sorgt f\u00fcr einen diskreten und angenehmen Sitz unter der Lippe und erm\u00f6glicht eine saubere, fleckenfreie Anwendung zu jeder Zeit. ZYN Spearmint 3mg wird vollst\u00e4ndig aus hochwertigen, pflanzlichen Materialien hergestellt und bietet eine moderne und genussvolle Nikotin-Alternative mit einem lebendigen, k\u00fchlenden Geschmack.<\/span><\/p>\n<table>\n<tbody>\n<tr>\n<td><b>Attribut<\/b><\/td>\n<td><b>Einzelheiten<\/b><\/td>\n<\/tr>\n<tr>\n<td><span style=\"font-weight: 400;\">Marke<\/span><\/td>\n<td><span style=\"font-weight: 400;\">ZYN<\/span><\/td>\n<\/tr>\n<tr>\n<td><span style=\"font-weight: 400;\">Produkttyp<\/span><\/td>\n<td><span style=\"font-weight: 400;\">Alle wei\u00dfen Nikotinbeutel<\/span><\/td>\n<\/tr>\n<tr>\n<td><span style=\"font-weight: 400;\">Format<\/span><\/td>\n<td><span style=\"font-weight: 400;\">Mini<\/span><\/td>\n<\/tr>\n<tr>\n<td><span style=\"font-weight: 400;\">Geschmack<\/span><\/td>\n<td><span style=\"font-weight: 400;\">Gr\u00fcne Minze<\/span><\/td>\n<\/tr>\n<tr>\n<td><span style=\"font-weight: 400;\">Nikotinst\u00e4rke<\/span><\/td>\n<td><span style=\"font-weight: 400;\">3 mg pro Beutel<\/span><\/td>\n<\/tr>\n<tr>\n<td><span style=\"font-weight: 400;\">Portion Gewicht<\/span><\/td>\n<td><span style=\"font-weight: 400;\">0,4 Gramm<\/span><\/td>\n<\/tr>\n<tr>\n<td><span style=\"font-weight: 400;\">Anzahl der Portionen<\/span><\/td>\n<td><span style=\"font-weight: 400;\">20 pro Dose<\/span><\/td>\n<\/tr>\n<tr>\n<td><span style=\"font-weight: 400;\">Gesamtgewicht der Dose<\/span><\/td>\n<td><span style=\"font-weight: 400;\">8 Gramm<\/span><\/td>\n<\/tr>\n<tr>\n<td><span style=\"font-weight: 400;\">Hersteller<\/span><\/td>\n<td><span style=\"font-weight: 400;\">Schwedisches Streichholz<\/span><\/td>\n<\/tr>\n<tr>\n<td><span style=\"font-weight: 400;\">Bemerkenswerte Merkmale<\/span><\/td>\n<td><span style=\"font-weight: 400;\">Tabakfrei, Mini-Format, erfrischender Spearmint-Geschmack<\/span><\/td>\n<\/tr>\n<\/tbody>\n<\/table>","protected":false},"excerpt":{"rendered":"<p><strong>Neues Design! W\u00e4hrend der Umstellung k\u00f6nnen beide Designs verkauft werden.<\/strong><\/p>\n<p>ZYN <strong data-start=\"4\" data-end=\"17\">Gr\u00fcne Minze<\/strong> <strong data-start=\"18\" data-end=\"26\">Mini<\/strong> liefert erfrischende, leicht s\u00fc\u00dfe Minze f\u00fcr ein k\u00fchles, belebendes Profil. Die komplett wei\u00dfen Pouches sind diskret und bequem. Jeder Pouch enth\u00e4lt <strong data-start=\"179\" data-end=\"196\">3 mg Nikotin<\/strong> f\u00fcr eine sanfte, gleichm\u00e4\u00dfige Freisetzung.<\/p>","protected":false},"featured_media":8529,"comment_status":"open","ping_status":"closed","template":"","format":[205],"meta":{"_acf_changed":false},"product_brand":[],"product_cat":[37],"product_tag":[16579],"flavours":[199],"nicotine":[230,236],"class_list":{"0":"post-8528","1":"product","2":"type-product","3":"status-publish","4":"has-post-thumbnail","6":"product_cat-zyn","7":"product_tag-3-mg-pouch","8":"pa_quantity-1-pack","9":"pa_quantity-10-pack","10":"pa_quantity-3-pack","11":"pa_quantity-30-pack","12":"pa_quantity-5-pack","13":"pa_quantity-60-pack","14":"flavours-mint","15":"format-mini","16":"nicotine-8-mg-g","17":"nicotine-strong","19":"first","20":"outofstock","21":"taxable","22":"shipping-taxable","23":"purchasable","24":"product-type-variable"},"acf":[],"_links":{"self":[{"href":"https:\/\/whitelip.com\/de\/wp-json\/wp\/v2\/product\/8528","targetHints":{"allow":["GET"]}}],"collection":[{"href":"https:\/\/whitelip.com\/de\/wp-json\/wp\/v2\/product"}],"about":[{"href":"https:\/\/whitelip.com\/de\/wp-json\/wp\/v2\/types\/product"}],"replies":[{"embeddable":true,"href":"https:\/\/whitelip.com\/de\/wp-json\/wp\/v2\/comments?post=8528"}],"wp:featuredmedia":[{"embeddable":true,"href":"https:\/\/whitelip.com\/de\/wp-json\/wp\/v2\/media\/8529"}],"wp:attachment":[{"href":"https:\/\/whitelip.com\/de\/wp-json\/wp\/v2\/media?parent=8528"}],"wp:term":[{"taxonomy":"product_brand","embeddable":true,"href":"https:\/\/whitelip.com\/de\/wp-json\/wp\/v2\/product_brand?post=8528"},{"taxonomy":"product_cat","embeddable":true,"href":"https:\/\/whitelip.com\/de\/wp-json\/wp\/v2\/product_cat?post=8528"},{"taxonomy":"product_tag","embeddable":true,"href":"https:\/\/whitelip.com\/de\/wp-json\/wp\/v2\/product_tag?post=8528"},{"taxonomy":"flavours","embeddable":true,"href":"https:\/\/whitelip.com\/de\/wp-json\/wp\/v2\/flavours?post=8528"},{"taxonomy":"format","embeddable":true,"href":"https:\/\/whitelip.com\/de\/wp-json\/wp\/v2\/format?post=8528"},{"taxonomy":"nicotine","embeddable":true,"href":"https:\/\/whitelip.com\/de\/wp-json\/wp\/v2\/nicotine?post=8528"}],"curies":[{"name":"wp","href":"https:\/\/api.w.org\/{rel}","templated":true}]}}