{"id":8480,"date":"2024-12-20T19:39:26","date_gmt":"2024-12-20T19:39:26","guid":{"rendered":"https:\/\/whitelip.com\/xqs-arctic-freeze-slim-x-strong\/"},"modified":"2026-04-29T10:11:33","modified_gmt":"2026-04-29T10:11:33","slug":"xqs-arctic-freeze-slim-x-strong","status":"publish","type":"product","link":"https:\/\/whitelip.com\/de\/xqs\/xqs-arctic-freeze-slim-x-strong\/","title":{"rendered":"XQS Arctic Freeze Slim X-Strong"},"content":{"rendered":"<h2><b>XQS Arctic Freeze Slim X-Strong<\/b><\/h2>\n<p><span style=\"font-weight: 400;\">XQS Arctic Freeze Slim X-Strong liefert ein intensives und <\/span><b>eisiger Minzgeschmack<\/b><span style=\"font-weight: 400;\"> mit einem stark k\u00fchlenden Gef\u00fchl, das ein erfrischendes und belebendes Nikotinerlebnis bietet. Jeder schlanke, ganz wei\u00dfe Beutel enth\u00e4lt <\/span><b>14 mg Nikotin<\/b><span style=\"font-weight: 400;\">, Sie bietet eine starke und gleichm\u00e4\u00dfige Freisetzung, die sich perfekt f\u00fcr Anwender eignet, die eine extra starke Wirkung in Kombination mit einem scharfen, k\u00fchlenden Kick suchen.<\/span><\/p>\n<p><span style=\"font-weight: 400;\">Das schlanke Format sorgt f\u00fcr einen diskreten und bequemen Sitz unter der Lippe und erm\u00f6glicht jederzeit einen sauberen und fleckenfreien Gebrauch. XQS Arctic Freeze Slim X-Strong ist eine moderne Nikotin-Alternative f\u00fcr alle, die maximale Frische und verl\u00e4ssliche St\u00e4rke suchen. Sie ist komplett tabakfrei und wird aus hochwertigen Pflanzenfasern hergestellt. Sein knackiges, arktisches Minzprofil macht es zur idealen Wahl f\u00fcr Momente, in denen Sie einen kr\u00e4ftigen und belebenden Schub brauchen.<\/span><\/p>\n<table>\n<tbody>\n<tr>\n<td><b>Attribut<\/b><\/td>\n<td><b>Einzelheiten<\/b><\/td>\n<\/tr>\n<tr>\n<td><b>Marke<\/b><\/td>\n<td><span style=\"font-weight: 400;\">XQS<\/span><\/td>\n<\/tr>\n<tr>\n<td><b>Produkttyp<\/b><\/td>\n<td><span style=\"font-weight: 400;\">Alle wei\u00dfen Nikotinbeutel<\/span><\/td>\n<\/tr>\n<tr>\n<td><b>Format<\/b><\/td>\n<td><span style=\"font-weight: 400;\">Schlank<\/span><\/td>\n<\/tr>\n<tr>\n<td><b>Geschmack<\/b><\/td>\n<td><span style=\"font-weight: 400;\">Eiskalte Minze<\/span><\/td>\n<\/tr>\n<tr>\n<td><b>Nikotinst\u00e4rke<\/b><\/td>\n<td><span style=\"font-weight: 400;\">14 mg pro Beutel (18 mg\/g)<\/span><\/td>\n<\/tr>\n<tr>\n<td><b>Portion Gewicht<\/b><\/td>\n<td><span style=\"font-weight: 400;\">0,8 Gramm<\/span><\/td>\n<\/tr>\n<tr>\n<td><b>Anzahl der Portionen<\/b><\/td>\n<td><span style=\"font-weight: 400;\">20 pro Dose<\/span><\/td>\n<\/tr>\n<tr>\n<td><b>Gesamtgewicht der Dose<\/b><\/td>\n<td><span style=\"font-weight: 400;\">16 Gramm<\/span><\/td>\n<\/tr>\n<tr>\n<td><b>Hersteller<\/b><\/td>\n<td><span style=\"font-weight: 400;\">XQS International<\/span><\/td>\n<\/tr>\n<tr>\n<td><b>Bemerkenswerte Merkmale<\/b><\/td>\n<td><span style=\"font-weight: 400;\">Tabakfrei, schlankes Format, intensiver eiskalter Minzgeschmack mit starker Nikotinst\u00e4rke<\/span><\/td>\n<\/tr>\n<\/tbody>\n<\/table>","protected":false},"excerpt":{"rendered":"<p><span style=\"font-weight: 400;\">XQS Arctic Freeze Slim X-Strong liefert ein intensives und <\/span><b>eisiger Minzgeschmack<\/b><span style=\"font-weight: 400;\"> mit einem stark k\u00fchlenden Gef\u00fchl, das ein erfrischendes und belebendes Nikotinerlebnis bietet. Jede <strong>schlank<\/strong>, Der komplett wei\u00dfe Beutel enth\u00e4lt <\/span><b>14 mg Nikotin<\/b><span style=\"font-weight: 400;\">, Sie bietet eine starke und gleichm\u00e4\u00dfige Freisetzung, die sich perfekt f\u00fcr Anwender eignet, die eine extra starke Wirkung in Kombination mit einem scharfen, k\u00fchlenden Kick suchen.<\/span><\/p>","protected":false},"featured_media":8481,"comment_status":"open","ping_status":"closed","template":"","format":[206],"meta":{"_acf_changed":false},"product_brand":[],"product_cat":[27],"product_tag":[16581],"flavours":[199],"nicotine":[215,232],"class_list":{"0":"post-8480","1":"product","2":"type-product","3":"status-publish","4":"has-post-thumbnail","6":"product_cat-xqs","7":"product_tag-14-mg-pouch","8":"pa_quantity-1-pack","9":"pa_quantity-10-pack","10":"pa_quantity-3-pack","11":"pa_quantity-30-pack","12":"pa_quantity-5-pack","13":"pa_quantity-60-pack","14":"flavours-mint","15":"format-slim","16":"nicotine-18-mg-g","17":"nicotine-extra-strong","19":"first","20":"outofstock","21":"taxable","22":"shipping-taxable","23":"purchasable","24":"product-type-variable"},"acf":[],"_links":{"self":[{"href":"https:\/\/whitelip.com\/de\/wp-json\/wp\/v2\/product\/8480","targetHints":{"allow":["GET"]}}],"collection":[{"href":"https:\/\/whitelip.com\/de\/wp-json\/wp\/v2\/product"}],"about":[{"href":"https:\/\/whitelip.com\/de\/wp-json\/wp\/v2\/types\/product"}],"replies":[{"embeddable":true,"href":"https:\/\/whitelip.com\/de\/wp-json\/wp\/v2\/comments?post=8480"}],"wp:featuredmedia":[{"embeddable":true,"href":"https:\/\/whitelip.com\/de\/wp-json\/wp\/v2\/media\/8481"}],"wp:attachment":[{"href":"https:\/\/whitelip.com\/de\/wp-json\/wp\/v2\/media?parent=8480"}],"wp:term":[{"taxonomy":"product_brand","embeddable":true,"href":"https:\/\/whitelip.com\/de\/wp-json\/wp\/v2\/product_brand?post=8480"},{"taxonomy":"product_cat","embeddable":true,"href":"https:\/\/whitelip.com\/de\/wp-json\/wp\/v2\/product_cat?post=8480"},{"taxonomy":"product_tag","embeddable":true,"href":"https:\/\/whitelip.com\/de\/wp-json\/wp\/v2\/product_tag?post=8480"},{"taxonomy":"flavours","embeddable":true,"href":"https:\/\/whitelip.com\/de\/wp-json\/wp\/v2\/flavours?post=8480"},{"taxonomy":"format","embeddable":true,"href":"https:\/\/whitelip.com\/de\/wp-json\/wp\/v2\/format?post=8480"},{"taxonomy":"nicotine","embeddable":true,"href":"https:\/\/whitelip.com\/de\/wp-json\/wp\/v2\/nicotine?post=8480"}],"curies":[{"name":"wp","href":"https:\/\/api.w.org\/{rel}","templated":true}]}}