{"id":8478,"date":"2024-12-20T19:39:26","date_gmt":"2024-12-20T19:39:26","guid":{"rendered":"https:\/\/whitelip.com\/xqs-cool-ice-mini\/"},"modified":"2026-05-06T10:11:14","modified_gmt":"2026-05-06T10:11:14","slug":"xqs-cool-ice-mini","status":"publish","type":"product","link":"https:\/\/whitelip.com\/de\/xqs\/xqs-cool-ice-mini\/","title":{"rendered":"XQS Cool Ice Mini"},"content":{"rendered":"<h2><b>XQS Cool Ice Mini<\/b><\/h2>\n<p><span style=\"font-weight: 400;\">XQS Cool Ice Mini liefert ein knackiges und erfrischendes <\/span><b>eisiger Minzgeschmack<\/b><span style=\"font-weight: 400;\"> in einem kompakten <\/span><b>Miniformat<\/b><span style=\"font-weight: 400;\">, und bietet ein sanftes und belebendes Nikotinerlebnis. Mit <\/span><b>6 mg Nikotin pro Beutel<\/b><span style=\"font-weight: 400;\">, Dieses Produkt bietet eine m\u00e4\u00dfige und gleichm\u00e4\u00dfige Freisetzung, was es zu einer idealen Wahl f\u00fcr diejenigen macht, die eine leichtere Option in einer kleineren, diskreten Gr\u00f6\u00dfe suchen.<\/span><\/p>\n<p><span style=\"font-weight: 400;\">Die Mini-Beutel passen bequem und diskret unter die Lippe und erm\u00f6glichen einen sauberen, fleckenfreien Gebrauch, wo immer Sie sind. XQS Cool Ice Mini ist tabakfrei und wird aus hochwertigen pflanzlichen Fasern hergestellt und bietet eine moderne Nikotinalternative mit einem erfrischenden Minzprofil. Perfekt f\u00fcr Nutzer, die einen subtilen, k\u00fchlenden Kick und zuverl\u00e4ssige Nikotinbefriedigung in einem praktischen Minibeutel suchen.<\/span><\/p>\n<table>\n<tbody>\n<tr>\n<td><b>Attribut<\/b><\/td>\n<td><b>Einzelheiten<\/b><\/td>\n<\/tr>\n<tr>\n<td><b>Marke<\/b><\/td>\n<td><span style=\"font-weight: 400;\">XQS<\/span><\/td>\n<\/tr>\n<tr>\n<td><b>Produkttyp<\/b><\/td>\n<td><span style=\"font-weight: 400;\">Alle wei\u00dfen Nikotinbeutel<\/span><\/td>\n<\/tr>\n<tr>\n<td><b>Format<\/b><\/td>\n<td><span style=\"font-weight: 400;\">Mini<\/span><\/td>\n<\/tr>\n<tr>\n<td><b>Geschmack<\/b><\/td>\n<td><span style=\"font-weight: 400;\">Eiskalte Minze<\/span><\/td>\n<\/tr>\n<tr>\n<td><b>Nikotinst\u00e4rke<\/b><\/td>\n<td><span style=\"font-weight: 400;\">6 mg pro Beutel (10 mg\/g)<\/span><\/td>\n<\/tr>\n<tr>\n<td><b>Portion Gewicht<\/b><\/td>\n<td><span style=\"font-weight: 400;\">0,6 Gramm<\/span><\/td>\n<\/tr>\n<tr>\n<td><b>Anzahl der Portionen<\/b><\/td>\n<td><span style=\"font-weight: 400;\">20 pro Dose<\/span><\/td>\n<\/tr>\n<tr>\n<td><b>Gesamtgewicht der Dose<\/b><\/td>\n<td><span style=\"font-weight: 400;\">12 Gramm<\/span><\/td>\n<\/tr>\n<tr>\n<td><b>Hersteller<\/b><\/td>\n<td><span style=\"font-weight: 400;\">XQS International<\/span><\/td>\n<\/tr>\n<tr>\n<td><b>Bemerkenswerte Merkmale<\/b><\/td>\n<td><span style=\"font-weight: 400;\">Tabakfreies Miniformat, erfrischend eisiger Minzgeschmack mit moderater Nikotinst\u00e4rke<\/span><\/td>\n<\/tr>\n<\/tbody>\n<\/table>","protected":false},"excerpt":{"rendered":"<p><span style=\"font-weight: 400;\">XQS K\u00fchles Eis <strong>Mini<\/strong> liefert ein knackiges und erfrischendes <\/span><b>eisiger Minzgeschmack<\/b><span style=\"font-weight: 400;\"> in einem kompakten <\/span><b>Miniformat<\/b><span style=\"font-weight: 400;\">, und bietet ein sanftes und belebendes Nikotinerlebnis. Mit <\/span><b>6 mg Nikotin pro Beutel<\/b><span style=\"font-weight: 400;\">, Dieses Produkt bietet eine m\u00e4\u00dfige und gleichm\u00e4\u00dfige Freisetzung, was es zu einer idealen Wahl f\u00fcr diejenigen macht, die eine leichtere Option in einer kleineren, diskreten Gr\u00f6\u00dfe suchen.<\/span><\/p>","protected":false},"featured_media":8479,"comment_status":"open","ping_status":"closed","template":"","format":[205],"meta":{"_acf_changed":false},"product_brand":[],"product_cat":[27],"product_tag":[16559],"flavours":[199],"nicotine":[207,236],"class_list":{"0":"post-8478","1":"product","2":"type-product","3":"status-publish","4":"has-post-thumbnail","6":"product_cat-xqs","7":"product_tag-6-mg-pouch","8":"pa_quantity-1-pack","9":"pa_quantity-10-pack","10":"pa_quantity-3-pack","11":"pa_quantity-30-pack","12":"pa_quantity-5-pack","13":"pa_quantity-60-pack","14":"flavours-mint","15":"format-mini","16":"nicotine-10-mg-g","17":"nicotine-strong","19":"first","20":"outofstock","21":"taxable","22":"shipping-taxable","23":"purchasable","24":"product-type-variable"},"acf":[],"_links":{"self":[{"href":"https:\/\/whitelip.com\/de\/wp-json\/wp\/v2\/product\/8478","targetHints":{"allow":["GET"]}}],"collection":[{"href":"https:\/\/whitelip.com\/de\/wp-json\/wp\/v2\/product"}],"about":[{"href":"https:\/\/whitelip.com\/de\/wp-json\/wp\/v2\/types\/product"}],"replies":[{"embeddable":true,"href":"https:\/\/whitelip.com\/de\/wp-json\/wp\/v2\/comments?post=8478"}],"wp:featuredmedia":[{"embeddable":true,"href":"https:\/\/whitelip.com\/de\/wp-json\/wp\/v2\/media\/8479"}],"wp:attachment":[{"href":"https:\/\/whitelip.com\/de\/wp-json\/wp\/v2\/media?parent=8478"}],"wp:term":[{"taxonomy":"product_brand","embeddable":true,"href":"https:\/\/whitelip.com\/de\/wp-json\/wp\/v2\/product_brand?post=8478"},{"taxonomy":"product_cat","embeddable":true,"href":"https:\/\/whitelip.com\/de\/wp-json\/wp\/v2\/product_cat?post=8478"},{"taxonomy":"product_tag","embeddable":true,"href":"https:\/\/whitelip.com\/de\/wp-json\/wp\/v2\/product_tag?post=8478"},{"taxonomy":"flavours","embeddable":true,"href":"https:\/\/whitelip.com\/de\/wp-json\/wp\/v2\/flavours?post=8478"},{"taxonomy":"format","embeddable":true,"href":"https:\/\/whitelip.com\/de\/wp-json\/wp\/v2\/format?post=8478"},{"taxonomy":"nicotine","embeddable":true,"href":"https:\/\/whitelip.com\/de\/wp-json\/wp\/v2\/nicotine?post=8478"}],"curies":[{"name":"wp","href":"https:\/\/api.w.org\/{rel}","templated":true}]}}