{"id":8476,"date":"2024-12-20T19:39:26","date_gmt":"2024-12-20T19:39:26","guid":{"rendered":"https:\/\/whitelip.com\/xqs-cool-ice-slim-x-strong\/"},"modified":"2026-04-28T10:11:41","modified_gmt":"2026-04-28T10:11:41","slug":"xqs-cool-ice-slim-x-strong","status":"publish","type":"product","link":"https:\/\/whitelip.com\/de\/xqs\/xqs-cool-ice-slim-x-strong\/","title":{"rendered":"XQS Cool Ice Slim X-Strong"},"content":{"rendered":"<h2><b>XQS Cool Ice Slim X-Stron<\/b><b>g<\/b><\/h2>\n<p><span style=\"font-weight: 400;\">XQS Cool Ice Slim X-Strong liefert ein knackiges und erfrischendes <\/span><b style=\"font-size: 16px;\">eisiger Minzgeschmack<\/b><span style=\"font-weight: 400;\"> mit einem sanften, k\u00fchlenden Gef\u00fchl, perfekt f\u00fcr diejenigen, die ein sauberes und belebendes Nikotinerlebnis genie\u00dfen. Mit <\/span><b style=\"font-size: 16px;\">14 mg Nikotin pro Beutel<\/b><span style=\"font-weight: 400;\">, Dieses Produkt bietet eine starke und gleichm\u00e4\u00dfige Freisetzung und richtet sich an Benutzer, die eine extrastarke Option suchen.<\/span><\/p>\n<p><span style=\"font-weight: 400;\">Das schlanke Format sorgt f\u00fcr einen diskreten und bequemen Sitz unter der Lippe und erm\u00f6glicht jederzeit einen sauberen und fleckenfreien Gebrauch. Die XQS Cool Ice Slim X-Strong ist eine moderne, saubere Nikotin-Alternative, die v\u00f6llig tabakfrei und aus hochwertigen Pflanzenfasern hergestellt wird. Der k\u00fchlende Minzgeschmack in Kombination mit zuverl\u00e4ssiger St\u00e4rke macht sie zu einer ausgezeichneten Wahl f\u00fcr Momente, in denen Sie einen belebenden Schub brauchen.<\/span><\/p>\n<table>\n<tbody>\n<tr>\n<td><b>Attribut<\/b><\/td>\n<td><b>Einzelheiten<\/b><\/td>\n<\/tr>\n<tr>\n<td><b>Marke<\/b><\/td>\n<td><span style=\"font-weight: 400;\">XQS<\/span><\/td>\n<\/tr>\n<tr>\n<td><b>Produkttyp<\/b><\/td>\n<td><span style=\"font-weight: 400;\">Alle wei\u00dfen Nikotinbeutel<\/span><\/td>\n<\/tr>\n<tr>\n<td><b>Format<\/b><\/td>\n<td><span style=\"font-weight: 400;\">Schlank<\/span><\/td>\n<\/tr>\n<tr>\n<td><b>Geschmack<\/b><\/td>\n<td><span style=\"font-weight: 400;\">Eiskalte Minze<\/span><\/td>\n<\/tr>\n<tr>\n<td><b>Nikotinst\u00e4rke<\/b><\/td>\n<td><span style=\"font-weight: 400;\">14 mg pro Beutel (18 mg\/g)<\/span><\/td>\n<\/tr>\n<tr>\n<td><b>Portion Gewicht<\/b><\/td>\n<td><span style=\"font-weight: 400;\">0,8 Gramm<\/span><\/td>\n<\/tr>\n<tr>\n<td><b>Anzahl der Portionen<\/b><\/td>\n<td><span style=\"font-weight: 400;\">20 pro Dose<\/span><\/td>\n<\/tr>\n<tr>\n<td><b>Gesamtgewicht der Dose<\/b><\/td>\n<td><span style=\"font-weight: 400;\">16 Gramm<\/span><\/td>\n<\/tr>\n<tr>\n<td><b>Hersteller<\/b><\/td>\n<td><span style=\"font-weight: 400;\">XQS International<\/span><\/td>\n<\/tr>\n<tr>\n<td><b>Bemerkenswerte Merkmale<\/b><\/td>\n<td><span style=\"font-weight: 400;\">Tabakfreies, schlankes Format, starker k\u00fchlender Minzgeschmack mit extra viel Nikotin<\/span><\/td>\n<\/tr>\n<\/tbody>\n<\/table>","protected":false},"excerpt":{"rendered":"<p><span style=\"font-weight: 400;\">XQS K\u00fchles Eis <strong>Schlank<\/strong> X-Strong liefert ein knackiges und erfrischendes <\/span><b>eisiger Minzgeschmack<\/b><span style=\"font-weight: 400;\"> mit einem sanften, k\u00fchlenden Gef\u00fchl, perfekt f\u00fcr diejenigen, die ein sauberes und belebendes Nikotinerlebnis genie\u00dfen. Mit <\/span><b>14 mg Nikotin pro Beutel<\/b><span style=\"font-weight: 400;\">, Dieses Produkt bietet eine starke und gleichm\u00e4\u00dfige Freisetzung und richtet sich an Benutzer, die eine extrastarke Option suchen.<\/span><\/p>","protected":false},"featured_media":8477,"comment_status":"open","ping_status":"closed","template":"","format":[206],"meta":{"_acf_changed":false},"product_brand":[],"product_cat":[27],"product_tag":[16581],"flavours":[199],"nicotine":[213,232],"class_list":{"0":"post-8476","1":"product","2":"type-product","3":"status-publish","4":"has-post-thumbnail","6":"product_cat-xqs","7":"product_tag-14-mg-pouch","8":"pa_quantity-1-pack","9":"pa_quantity-10-pack","10":"pa_quantity-3-pack","11":"pa_quantity-30-pack","12":"pa_quantity-5-pack","13":"pa_quantity-60-pack","14":"flavours-mint","15":"format-slim","16":"nicotine-16-mg-g","17":"nicotine-extra-strong","19":"first","20":"instock","21":"taxable","22":"shipping-taxable","23":"purchasable","24":"product-type-variable"},"acf":[],"_links":{"self":[{"href":"https:\/\/whitelip.com\/de\/wp-json\/wp\/v2\/product\/8476","targetHints":{"allow":["GET"]}}],"collection":[{"href":"https:\/\/whitelip.com\/de\/wp-json\/wp\/v2\/product"}],"about":[{"href":"https:\/\/whitelip.com\/de\/wp-json\/wp\/v2\/types\/product"}],"replies":[{"embeddable":true,"href":"https:\/\/whitelip.com\/de\/wp-json\/wp\/v2\/comments?post=8476"}],"wp:featuredmedia":[{"embeddable":true,"href":"https:\/\/whitelip.com\/de\/wp-json\/wp\/v2\/media\/8477"}],"wp:attachment":[{"href":"https:\/\/whitelip.com\/de\/wp-json\/wp\/v2\/media?parent=8476"}],"wp:term":[{"taxonomy":"product_brand","embeddable":true,"href":"https:\/\/whitelip.com\/de\/wp-json\/wp\/v2\/product_brand?post=8476"},{"taxonomy":"product_cat","embeddable":true,"href":"https:\/\/whitelip.com\/de\/wp-json\/wp\/v2\/product_cat?post=8476"},{"taxonomy":"product_tag","embeddable":true,"href":"https:\/\/whitelip.com\/de\/wp-json\/wp\/v2\/product_tag?post=8476"},{"taxonomy":"flavours","embeddable":true,"href":"https:\/\/whitelip.com\/de\/wp-json\/wp\/v2\/flavours?post=8476"},{"taxonomy":"format","embeddable":true,"href":"https:\/\/whitelip.com\/de\/wp-json\/wp\/v2\/format?post=8476"},{"taxonomy":"nicotine","embeddable":true,"href":"https:\/\/whitelip.com\/de\/wp-json\/wp\/v2\/nicotine?post=8476"}],"curies":[{"name":"wp","href":"https:\/\/api.w.org\/{rel}","templated":true}]}}