{"id":8446,"date":"2024-11-28T12:46:10","date_gmt":"2024-11-28T12:46:10","guid":{"rendered":"https:\/\/whitelip.com\/apres-lemon-curd-extra-strong\/"},"modified":"2026-04-13T17:48:07","modified_gmt":"2026-04-13T17:48:07","slug":"apres-lemon-curd-extra-strong","status":"publish","type":"product","link":"https:\/\/whitelip.com\/de\/apres\/apres-lemon-curd-extra-strong\/","title":{"rendered":"APR\u00c8S Lemon Curd Extra Stark"},"content":{"rendered":"<h2><b>APR\u00c8S Lemon Curd Extra Stark<\/b><\/h2>\n<p><span style=\"font-weight: 400;\">APR\u00c8S Lemon Curd Extra Strong Nikotinbeutel liefern einen s\u00fc\u00dfen und spritzigen Zitronengeschmack, der an klassischen Lemon Curd erinnert. Jeder schlanke, ganz wei\u00dfe Beutel enth\u00e4lt 8,3 mg Nikotin und bietet ein starkes Gef\u00fchl, das f\u00fcr erfahrene Raucher geeignet ist. Das diskrete Design sorgt f\u00fcr einen bequemen Sitz unter der Lippe, so dass sie jederzeit verwendet werden k\u00f6nnen, ohne die Z\u00e4hne zu beschmutzen. Die von APR\u00c8S Nicotine AB hergestellten tabakfreien Beutel stehen f\u00fcr hohe Qualit\u00e4tsstandards und innovative Geschmackskombinationen.<\/span><\/p>\n<table>\n<tbody>\n<tr>\n<td><b>Attribut<\/b><\/td>\n<td><b>Einzelheiten<\/b><\/td>\n<\/tr>\n<tr>\n<td><b>Inhalt pro Dose<\/b><\/td>\n<td><span style=\"font-weight: 400;\">11g (20 Beutel)<\/span><\/td>\n<\/tr>\n<tr>\n<td><b>Nikotingehalt<\/b><\/td>\n<td><span style=\"font-weight: 400;\">15 mg\/g (8,3 mg pro Beutel)<\/span><\/td>\n<\/tr>\n<tr>\n<td><b>Format des Beutels<\/b><\/td>\n<td><span style=\"font-weight: 400;\">Schlank<\/span><\/td>\n<\/tr>\n<tr>\n<td><b>Produzent<\/b><\/td>\n<td><span style=\"font-weight: 400;\">APR\u00c8S Nicotine AB<\/span><\/td>\n<\/tr>\n<tr>\n<td><b>Geschmack<\/b><\/td>\n<td><span style=\"font-weight: 400;\">Lemon Curd<\/span><\/td>\n<\/tr>\n<tr>\n<td><b>Typ<\/b><\/td>\n<td><span style=\"font-weight: 400;\">Ganz wei\u00dfe Tasche<\/span><\/td>\n<\/tr>\n<\/tbody>\n<\/table>\n<p>\u00a0<\/p>","protected":false},"excerpt":{"rendered":"<article class=\"text-token-text-primary w-full focus:outline-none [--shadow-height:45px] has-data-writing-block:pointer-events-none has-data-writing-block:-mt-(--shadow-height) has-data-writing-block:pt-(--shadow-height) [&amp;:has([data-writing-block])&gt;*]:pointer-events-auto [content-visibility:auto] supports-[content-visibility:auto]:[contain-intrinsic-size:auto_100lvh] scroll-mt-[calc(var(--header-height)+min(200px,max(70px,20svh)))]\" dir=\"auto\" tabindex=\"-1\" data-turn-id=\"9cc553f7-59c1-4fb8-831c-d3d1e62ef8da\" data-testid=\"conversation-turn-148\" data-scroll-anchor=\"true\" data-turn=\"assistant\">\n<div class=\"text-base my-auto mx-auto pb-10 [--thread-content-margin:--spacing(4)] thread-sm:[--thread-content-margin:--spacing(6)] thread-lg:[--thread-content-margin:--spacing(16)] px-(--thread-content-margin)\">\n<div class=\"[--thread-content-max-width:40rem] thread-lg:[--thread-content-max-width:48rem] mx-auto max-w-(--thread-content-max-width) flex-1 group\/turn-messages focus-visible:outline-hidden relative flex w-full min-w-0 flex-col agent-turn\" tabindex=\"-1\">\n<div class=\"flex max-w-full flex-col grow\">\n<div class=\"min-h-8 text-message relative flex w-full flex-col items-end gap-2 text-start break-words whitespace-normal [.text-message+&amp;]:mt-5\" dir=\"auto\" data-message-author-role=\"assistant\" data-message-id=\"9d5f3035-9082-4ea8-8cb7-0048c98a2299\" data-message-model-slug=\"gpt-5-thinking\">\n<div class=\"flex w-full flex-col gap-1 empty:hidden first:pt-[1px]\">\n<div class=\"markdown prose dark:prose-invert w-full break-words dark markdown-new-styling\">\n<p data-start=\"0\" data-end=\"279\" data-is-last-node=\"\" data-is-only-node=\"\">Sweet, tangy <strong data-start=\"13\" data-end=\"27\">lemon curd<\/strong> with a bright dessert-like citrus profile. The <strong data-start=\"75\" data-end=\"94\">slim, <\/strong>all-white pouches sit discreetly and comfortably under the lip for clean, anytime use. Each pouch contains <strong data-start=\"192\" data-end=\"211\">8.3 mg nicotine<\/strong>, delivering a robust extra-strong sensation from APR\u00c8S Nicotine AB.<\/p>\n<\/div>\n<\/div>\n<\/div>\n<\/div>\n<div class=\"z-0 flex min-h-[46px] justify-start\"><\/div>\n<div class=\"mt-3 w-full empty:hidden\">\n<div class=\"text-center\"><\/div>\n<\/div>\n<\/div>\n<\/div>\n<\/article>\n<div class=\"pointer-events-none h-px w-px\" aria-hidden=\"true\" data-edge=\"true\"><\/div>\n","protected":false},"featured_media":8447,"comment_status":"open","ping_status":"closed","template":"","format":[206],"meta":{"_acf_changed":false},"product_brand":[],"product_cat":[41],"product_tag":[16553],"flavours":[190],"nicotine":[212,232],"class_list":{"0":"post-8446","1":"product","2":"type-product","3":"status-publish","4":"has-post-thumbnail","6":"product_cat-apres","7":"product_tag-8-3-mg-pouch","8":"pa_quantity-1-pack","9":"pa_quantity-10-pack","10":"pa_quantity-3-pack","11":"pa_quantity-30-pack","12":"pa_quantity-5-pack","13":"pa_quantity-60-pack","14":"flavours-citrus","15":"format-slim","16":"nicotine-15-mg-g","17":"nicotine-extra-strong","19":"first","20":"instock","21":"taxable","22":"shipping-taxable","23":"purchasable","24":"product-type-variable"},"acf":[],"_links":{"self":[{"href":"https:\/\/whitelip.com\/de\/wp-json\/wp\/v2\/product\/8446","targetHints":{"allow":["GET"]}}],"collection":[{"href":"https:\/\/whitelip.com\/de\/wp-json\/wp\/v2\/product"}],"about":[{"href":"https:\/\/whitelip.com\/de\/wp-json\/wp\/v2\/types\/product"}],"replies":[{"embeddable":true,"href":"https:\/\/whitelip.com\/de\/wp-json\/wp\/v2\/comments?post=8446"}],"wp:featuredmedia":[{"embeddable":true,"href":"https:\/\/whitelip.com\/de\/wp-json\/wp\/v2\/media\/8447"}],"wp:attachment":[{"href":"https:\/\/whitelip.com\/de\/wp-json\/wp\/v2\/media?parent=8446"}],"wp:term":[{"taxonomy":"product_brand","embeddable":true,"href":"https:\/\/whitelip.com\/de\/wp-json\/wp\/v2\/product_brand?post=8446"},{"taxonomy":"product_cat","embeddable":true,"href":"https:\/\/whitelip.com\/de\/wp-json\/wp\/v2\/product_cat?post=8446"},{"taxonomy":"product_tag","embeddable":true,"href":"https:\/\/whitelip.com\/de\/wp-json\/wp\/v2\/product_tag?post=8446"},{"taxonomy":"flavours","embeddable":true,"href":"https:\/\/whitelip.com\/de\/wp-json\/wp\/v2\/flavours?post=8446"},{"taxonomy":"format","embeddable":true,"href":"https:\/\/whitelip.com\/de\/wp-json\/wp\/v2\/format?post=8446"},{"taxonomy":"nicotine","embeddable":true,"href":"https:\/\/whitelip.com\/de\/wp-json\/wp\/v2\/nicotine?post=8446"}],"curies":[{"name":"wp","href":"https:\/\/api.w.org\/{rel}","templated":true}]}}