{"id":8434,"date":"2024-11-28T12:45:25","date_gmt":"2024-11-28T12:45:25","guid":{"rendered":"https:\/\/whitelip.com\/77-ice-mint-light\/"},"modified":"2026-04-13T17:32:57","modified_gmt":"2026-04-13T17:32:57","slug":"77-ice-mint-light","status":"publish","type":"product","link":"https:\/\/whitelip.com\/de\/77\/77-ice-mint-light\/","title":{"rendered":"77 Eis Minze Leicht"},"content":{"rendered":"<h2><strong>77 Eis Minze Leicht<\/strong><\/h2>\n<p><span style=\"font-weight: 400;\">77 Ice Mint Light Nikotinbeutel liefern einen erfrischenden Minzgeschmack mit einem k\u00fchlenden Gef\u00fchl, ideal f\u00fcr Minzliebhaber, die einen knackigen Geschmack suchen. Jeder schlanke, ganz wei\u00dfe Beutel enth\u00e4lt 5,2 mg Nikotin und bietet eine moderate St\u00e4rke, die sowohl f\u00fcr neue als auch f\u00fcr erfahrene Nutzer geeignet ist. Das diskrete Design erm\u00f6glicht den Gebrauch jederzeit und \u00fcberall, ohne die Z\u00e4hne zu verf\u00e4rben. Diese tabakfreien Beutel werden von der 77 Group hergestellt und sorgen f\u00fcr eine befriedigende minzige Frische.<\/span><\/p>\n<table>\n<tbody>\n<tr>\n<td><b>Attribut<\/b><\/td>\n<td><b>Einzelheiten<\/b><\/td>\n<\/tr>\n<tr>\n<td><b>Inhalt pro Dose<\/b><\/td>\n<td><span style=\"font-weight: 400;\">10g (20 Beutel)<\/span><\/td>\n<\/tr>\n<tr>\n<td><b>Nikotingehalt<\/b><\/td>\n<td><span style=\"font-weight: 400;\">8 mg\/g (5,2 mg pro Beutel)<\/span><\/td>\n<\/tr>\n<tr>\n<td><b>Format des Beutels<\/b><\/td>\n<td><span style=\"font-weight: 400;\">Schlank<\/span><\/td>\n<\/tr>\n<tr>\n<td><b>Produzent<\/b><\/td>\n<td><span style=\"font-weight: 400;\">77 Gruppe<\/span><\/td>\n<\/tr>\n<tr>\n<td><b>Geschmack<\/b><\/td>\n<td><span style=\"font-weight: 400;\">Minze<\/span><\/td>\n<\/tr>\n<tr>\n<td><b>Typ<\/b><\/td>\n<td><span style=\"font-weight: 400;\">Ganz wei\u00dfe Tasche<\/span><\/td>\n<\/tr>\n<\/tbody>\n<\/table>","protected":false},"excerpt":{"rendered":"<p>Erfrischend <strong data-start=\"11\" data-end=\"19\">Minze<\/strong> mit einer angenehm k\u00fchlenden Empfindung f\u00fcr einen knackigen Geschmack. Das <strong data-start=\"74\" data-end=\"93\">schlank, <\/strong>Reinwei\u00dfe Pouchs sitzen diskret und bequem unter der Lippe f\u00fcr fleckenfreie Anwendung zu jeder Zeit. Jeder Pouch enth\u00e4lt <strong data-start=\"196\" data-end=\"215\">5,2 mg Nikotin<\/strong>, ein sanftes Erlebnis mit geringer Intensit\u00e4t von 77 Group liefert.<\/p>","protected":false},"featured_media":8435,"comment_status":"open","ping_status":"closed","template":"","format":[206],"meta":{"_acf_changed":false},"product_brand":[],"product_cat":[23],"product_tag":[16547],"flavours":[199],"nicotine":[230,234],"class_list":{"0":"post-8434","1":"product","2":"type-product","3":"status-publish","4":"has-post-thumbnail","6":"product_cat-23","7":"product_tag-5-2-mg-pouch","8":"pa_quantity-1-pack","9":"pa_quantity-10-pack","10":"pa_quantity-3-pack","11":"pa_quantity-30-pack","12":"pa_quantity-5-pack","13":"pa_quantity-60-pack","14":"flavours-mint","15":"format-slim","16":"nicotine-8-mg-g","17":"nicotine-mild","19":"first","20":"instock","21":"taxable","22":"shipping-taxable","23":"purchasable","24":"product-type-variable"},"acf":[],"_links":{"self":[{"href":"https:\/\/whitelip.com\/de\/wp-json\/wp\/v2\/product\/8434","targetHints":{"allow":["GET"]}}],"collection":[{"href":"https:\/\/whitelip.com\/de\/wp-json\/wp\/v2\/product"}],"about":[{"href":"https:\/\/whitelip.com\/de\/wp-json\/wp\/v2\/types\/product"}],"replies":[{"embeddable":true,"href":"https:\/\/whitelip.com\/de\/wp-json\/wp\/v2\/comments?post=8434"}],"wp:featuredmedia":[{"embeddable":true,"href":"https:\/\/whitelip.com\/de\/wp-json\/wp\/v2\/media\/8435"}],"wp:attachment":[{"href":"https:\/\/whitelip.com\/de\/wp-json\/wp\/v2\/media?parent=8434"}],"wp:term":[{"taxonomy":"product_brand","embeddable":true,"href":"https:\/\/whitelip.com\/de\/wp-json\/wp\/v2\/product_brand?post=8434"},{"taxonomy":"product_cat","embeddable":true,"href":"https:\/\/whitelip.com\/de\/wp-json\/wp\/v2\/product_cat?post=8434"},{"taxonomy":"product_tag","embeddable":true,"href":"https:\/\/whitelip.com\/de\/wp-json\/wp\/v2\/product_tag?post=8434"},{"taxonomy":"flavours","embeddable":true,"href":"https:\/\/whitelip.com\/de\/wp-json\/wp\/v2\/flavours?post=8434"},{"taxonomy":"format","embeddable":true,"href":"https:\/\/whitelip.com\/de\/wp-json\/wp\/v2\/format?post=8434"},{"taxonomy":"nicotine","embeddable":true,"href":"https:\/\/whitelip.com\/de\/wp-json\/wp\/v2\/nicotine?post=8434"}],"curies":[{"name":"wp","href":"https:\/\/api.w.org\/{rel}","templated":true}]}}