{"id":8428,"date":"2024-12-20T19:39:26","date_gmt":"2024-12-20T19:39:26","guid":{"rendered":"https:\/\/whitelip.com\/xqs-hallonsoda-strong\/"},"modified":"2026-04-29T02:56:40","modified_gmt":"2026-04-29T02:56:40","slug":"xqs-hallonsoda-strong","status":"publish","type":"product","link":"https:\/\/whitelip.com\/de\/xqs\/xqs-hallonsoda-strong\/","title":{"rendered":"XQS Hallonsoda Stark"},"content":{"rendered":"<h2><b>XQS Hallonsoda Stark<\/b><\/h2>\n<p><span style=\"font-weight: 400;\">XQS Hallonsoda Strong bietet eine <\/span><b>s\u00fc\u00dfer und erfrischender Himbeer-Soda-Geschmack<\/b><span style=\"font-weight: 400;\">, und sorgt bei jeder Anwendung f\u00fcr ein fruchtiges und sprudelndes Gef\u00fchl. Dieses Produkt wurde f\u00fcr Benutzer entwickelt, die lebendige und verspielte Geschmacksrichtungen m\u00f6gen. Es kombiniert den Geschmack von saftigen Himbeeren mit einem subtilen Hauch von Sprudel f\u00fcr ein einzigartiges und angenehmes Erlebnis. Jeder schlanke, ganz wei\u00dfe Beutel enth\u00e4lt <\/span><b>10 mg Nikotin<\/b><span style=\"font-weight: 400;\">, und bietet eine starke und konsistente Freisetzung f\u00fcr eine befriedigende Nikotinbefriedigung.<\/span><\/p>\n<p><span style=\"font-weight: 400;\">Das schlanke Format sorgt f\u00fcr einen bequemen und diskreten Sitz unter der Lippe und erm\u00f6glicht jederzeit einen sauberen, fleckenfreien Gebrauch. XQS Hallonsoda Strong wird tabakfrei und aus hochwertigen pflanzlichen Fasern hergestellt und bietet eine moderne und geschmackvolle Nikotin-Alternative f\u00fcr Nutzer, die sowohl St\u00e4rke als auch einen erfrischenden Himbeer-Twist suchen.<\/span><\/p>\n<table>\n<tbody>\n<tr>\n<td><b>Attribut<\/b><\/td>\n<td><b>Einzelheiten<\/b><\/td>\n<\/tr>\n<tr>\n<td><b>Marke<\/b><\/td>\n<td><span style=\"font-weight: 400;\">XQS<\/span><\/td>\n<\/tr>\n<tr>\n<td><b>Produkttyp<\/b><\/td>\n<td><span style=\"font-weight: 400;\">Alle wei\u00dfen Nikotinbeutel<\/span><\/td>\n<\/tr>\n<tr>\n<td><b>Format<\/b><\/td>\n<td><span style=\"font-weight: 400;\">Schlank<\/span><\/td>\n<\/tr>\n<tr>\n<td><b>Geschmack<\/b><\/td>\n<td><span style=\"font-weight: 400;\">Himbeer-Soda<\/span><\/td>\n<\/tr>\n<tr>\n<td><b>Nikotinst\u00e4rke<\/b><\/td>\n<td><span style=\"font-weight: 400;\">10 mg pro Beutel (13 mg\/g)<\/span><\/td>\n<\/tr>\n<tr>\n<td><b>Portion Gewicht<\/b><\/td>\n<td><span style=\"font-weight: 400;\">0,75 Gramm<\/span><\/td>\n<\/tr>\n<tr>\n<td><b>Anzahl der Portionen<\/b><\/td>\n<td><span style=\"font-weight: 400;\">20 pro Dose<\/span><\/td>\n<\/tr>\n<tr>\n<td><b>Gesamtgewicht der Dose<\/b><\/td>\n<td><span style=\"font-weight: 400;\">15 Gramm<\/span><\/td>\n<\/tr>\n<tr>\n<td><b>Hersteller<\/b><\/td>\n<td><span style=\"font-weight: 400;\">XQS International<\/span><\/td>\n<\/tr>\n<tr>\n<td><b>Bemerkenswerte Merkmale<\/b><\/td>\n<td><span style=\"font-weight: 400;\">Tabakfreies, schlankes Format, s\u00fc\u00dfer Himbeer-Soda-Geschmack mit starker Nikotinst\u00e4rke<\/span><\/td>\n<\/tr>\n<\/tbody>\n<\/table>","protected":false},"excerpt":{"rendered":"<p><span style=\"font-weight: 400;\">XQS Hallonsoda Strong bietet eine <\/span><b>s\u00fc\u00dfer und erfrischender Himbeer-Soda-Geschmack<\/b><span style=\"font-weight: 400;\">, und sorgt bei jeder Anwendung f\u00fcr ein fruchtiges und sprudelndes Gef\u00fchl. Dieses Produkt wurde f\u00fcr Benutzer entwickelt, die lebendige und verspielte Geschmacksrichtungen m\u00f6gen. Es kombiniert den Geschmack von saftigen Himbeeren mit einem subtilen Hauch von Sprudel f\u00fcr ein einzigartiges und angenehmes Erlebnis. Jeder schlanke, ganz wei\u00dfe Beutel enth\u00e4lt <\/span><b>10 mg Nikotin<\/b><span style=\"font-weight: 400;\">, und bietet eine starke und konsistente Freisetzung f\u00fcr eine befriedigende Nikotinbefriedigung.<\/span><\/p>","protected":false},"featured_media":63919,"comment_status":"open","ping_status":"closed","template":"","format":[206],"meta":{"_acf_changed":false},"product_brand":[],"product_cat":[27],"product_tag":[16587],"flavours":[196],"nicotine":[213,232],"class_list":{"0":"post-8428","1":"product","2":"type-product","3":"status-publish","4":"has-post-thumbnail","6":"product_cat-xqs","7":"product_tag-10-mg-pouch","8":"pa_quantity-1-pack","9":"pa_quantity-10-pack","10":"pa_quantity-3-pack","11":"pa_quantity-30-pack","12":"pa_quantity-5-pack","13":"pa_quantity-60-pack","14":"flavours-fruits-berries","15":"format-slim","16":"nicotine-16-mg-g","17":"nicotine-extra-strong","19":"first","20":"instock","21":"taxable","22":"shipping-taxable","23":"purchasable","24":"product-type-variable"},"acf":[],"_links":{"self":[{"href":"https:\/\/whitelip.com\/de\/wp-json\/wp\/v2\/product\/8428","targetHints":{"allow":["GET"]}}],"collection":[{"href":"https:\/\/whitelip.com\/de\/wp-json\/wp\/v2\/product"}],"about":[{"href":"https:\/\/whitelip.com\/de\/wp-json\/wp\/v2\/types\/product"}],"replies":[{"embeddable":true,"href":"https:\/\/whitelip.com\/de\/wp-json\/wp\/v2\/comments?post=8428"}],"wp:featuredmedia":[{"embeddable":true,"href":"https:\/\/whitelip.com\/de\/wp-json\/wp\/v2\/media\/63919"}],"wp:attachment":[{"href":"https:\/\/whitelip.com\/de\/wp-json\/wp\/v2\/media?parent=8428"}],"wp:term":[{"taxonomy":"product_brand","embeddable":true,"href":"https:\/\/whitelip.com\/de\/wp-json\/wp\/v2\/product_brand?post=8428"},{"taxonomy":"product_cat","embeddable":true,"href":"https:\/\/whitelip.com\/de\/wp-json\/wp\/v2\/product_cat?post=8428"},{"taxonomy":"product_tag","embeddable":true,"href":"https:\/\/whitelip.com\/de\/wp-json\/wp\/v2\/product_tag?post=8428"},{"taxonomy":"flavours","embeddable":true,"href":"https:\/\/whitelip.com\/de\/wp-json\/wp\/v2\/flavours?post=8428"},{"taxonomy":"format","embeddable":true,"href":"https:\/\/whitelip.com\/de\/wp-json\/wp\/v2\/format?post=8428"},{"taxonomy":"nicotine","embeddable":true,"href":"https:\/\/whitelip.com\/de\/wp-json\/wp\/v2\/nicotine?post=8428"}],"curies":[{"name":"wp","href":"https:\/\/api.w.org\/{rel}","templated":true}]}}