{"id":8424,"date":"2024-12-20T19:39:02","date_gmt":"2024-12-20T19:39:02","guid":{"rendered":"https:\/\/whitelip.com\/white-fox-mint-slim\/"},"modified":"2026-03-10T09:51:10","modified_gmt":"2026-03-10T09:51:10","slug":"white-fox-mint-slim","status":"publish","type":"product","link":"https:\/\/whitelip.com\/de\/white-fox\/white-fox-mint-slim\/","title":{"rendered":"Wei\u00dfer Fuchs Mint Slim"},"content":{"rendered":"<h2><b>Wei\u00dfer Fuchs Mint Slim<\/b><\/h2>\n<p><span style=\"font-weight: 400;\">White Fox Mint Slim liefert ein sauberes und erfrischendes <\/span><b>reiner Minzgeschmack<\/b><span style=\"font-weight: 400;\">, gepaart mit einem belebenden K\u00fchleffekt. Entwickelt f\u00fcr Nutzer, die ein starkes und doch sanftes Nikotinerlebnis suchen, enth\u00e4lt jeder schlanke, ganz wei\u00dfe Beutel <\/span><b>12 mg Nikotin<\/b><span style=\"font-weight: 400;\">, und sorgt f\u00fcr eine gleichm\u00e4\u00dfige und befriedigende Freisetzung. Das knackige Minzprofil sorgt f\u00fcr einen anhaltenden und belebenden Geschmack w\u00e4hrend des gesamten Gebrauchs.<\/span><\/p>\n<p><span style=\"font-weight: 400;\">Das schlanke Format macht diese Beutel diskret und bequem und passt genau unter die Lippe, ohne die Z\u00e4hne zu verf\u00e4rben. Hergestellt aus hochwertigen pflanzlichen Fasern und v\u00f6llig tabakfrei, bietet White Fox Mint Slim eine moderne und saubere Alternative f\u00fcr Nikotinkonsumenten. Perfekt f\u00fcr alle, die ein scharfes, k\u00fchlendes Minz-Erlebnis mit zuverl\u00e4ssiger St\u00e4rke und lang anhaltender Zufriedenheit genie\u00dfen m\u00f6chten.<\/span><\/p>\n<table>\n<tbody>\n<tr>\n<td><b>Attribut<\/b><\/td>\n<td><b>Einzelheiten<\/b><\/td>\n<\/tr>\n<tr>\n<td><b>Marke<\/b><\/td>\n<td><span style=\"font-weight: 400;\">Wei\u00dfer Fuchs<\/span><\/td>\n<\/tr>\n<tr>\n<td><b>Produkttyp<\/b><\/td>\n<td><span style=\"font-weight: 400;\">Alle wei\u00dfen Nikotinbeutel<\/span><\/td>\n<\/tr>\n<tr>\n<td><b>Format<\/b><\/td>\n<td><span style=\"font-weight: 400;\">Schlank<\/span><\/td>\n<\/tr>\n<tr>\n<td><b>Geschmack<\/b><\/td>\n<td><span style=\"font-weight: 400;\">Minze<\/span><\/td>\n<\/tr>\n<tr>\n<td><b>Nikotinst\u00e4rke<\/b><\/td>\n<td><span style=\"font-weight: 400;\">12 mg pro Beutel (16 mg\/g)<\/span><\/td>\n<\/tr>\n<tr>\n<td><b>Portion Gewicht<\/b><\/td>\n<td><span style=\"font-weight: 400;\">0,75 Gramm<\/span><\/td>\n<\/tr>\n<tr>\n<td><b>Anzahl der Portionen<\/b><\/td>\n<td><span style=\"font-weight: 400;\">20 pro Dose<\/span><\/td>\n<\/tr>\n<tr>\n<td><b>Gesamtgewicht der Dose<\/b><\/td>\n<td><span style=\"font-weight: 400;\">15 Gramm<\/span><\/td>\n<\/tr>\n<tr>\n<td><b>Hersteller<\/b><\/td>\n<td><span style=\"font-weight: 400;\">Wei\u00dfer Fuchs<\/span><\/td>\n<\/tr>\n<tr>\n<td><b>Bemerkenswerte Merkmale<\/b><\/td>\n<td><span style=\"font-weight: 400;\">Tabakfrei, schlankes Format, reiner Minzgeschmack mit k\u00fchlendem Effekt<\/span><\/td>\n<\/tr>\n<\/tbody>\n<\/table>","protected":false},"excerpt":{"rendered":"<p><span style=\"font-weight: 400;\">White Fox Mint Slim liefert ein sauberes und erfrischendes <\/span><b>reiner Minzgeschmack<\/b><span style=\"font-weight: 400;\">, gepaart mit einem belebenden K\u00fchleffekt. Entwickelt f\u00fcr Nutzer, die ein starkes und doch sanftes Nikotinerlebnis suchen, enth\u00e4lt jeder schlanke, ganz wei\u00dfe Beutel <\/span><b>12 mg Nikotin<\/b><span style=\"font-weight: 400;\">, und sorgt f\u00fcr eine gleichm\u00e4\u00dfige und befriedigende Freisetzung. Das knackige Minzprofil sorgt f\u00fcr einen anhaltenden und belebenden Geschmack w\u00e4hrend des gesamten Gebrauchs.<\/span><\/p>","protected":false},"featured_media":8425,"comment_status":"open","ping_status":"closed","template":"","format":[206],"meta":{"_acf_changed":false},"product_brand":[],"product_cat":[76],"product_tag":[16561],"flavours":[199],"nicotine":[213,232],"class_list":{"0":"post-8424","1":"product","2":"type-product","3":"status-publish","4":"has-post-thumbnail","6":"product_cat-white-fox","7":"product_tag-12-mg-pouch","8":"pa_quantity-1-pack","9":"pa_quantity-10-pack","10":"pa_quantity-3-pack","11":"pa_quantity-30-pack","12":"pa_quantity-5-pack","13":"pa_quantity-60-pack","14":"flavours-mint","15":"format-slim","16":"nicotine-16-mg-g","17":"nicotine-extra-strong","19":"first","20":"outofstock","21":"taxable","22":"shipping-taxable","23":"purchasable","24":"product-type-variable"},"acf":[],"_links":{"self":[{"href":"https:\/\/whitelip.com\/de\/wp-json\/wp\/v2\/product\/8424","targetHints":{"allow":["GET"]}}],"collection":[{"href":"https:\/\/whitelip.com\/de\/wp-json\/wp\/v2\/product"}],"about":[{"href":"https:\/\/whitelip.com\/de\/wp-json\/wp\/v2\/types\/product"}],"replies":[{"embeddable":true,"href":"https:\/\/whitelip.com\/de\/wp-json\/wp\/v2\/comments?post=8424"}],"wp:featuredmedia":[{"embeddable":true,"href":"https:\/\/whitelip.com\/de\/wp-json\/wp\/v2\/media\/8425"}],"wp:attachment":[{"href":"https:\/\/whitelip.com\/de\/wp-json\/wp\/v2\/media?parent=8424"}],"wp:term":[{"taxonomy":"product_brand","embeddable":true,"href":"https:\/\/whitelip.com\/de\/wp-json\/wp\/v2\/product_brand?post=8424"},{"taxonomy":"product_cat","embeddable":true,"href":"https:\/\/whitelip.com\/de\/wp-json\/wp\/v2\/product_cat?post=8424"},{"taxonomy":"product_tag","embeddable":true,"href":"https:\/\/whitelip.com\/de\/wp-json\/wp\/v2\/product_tag?post=8424"},{"taxonomy":"flavours","embeddable":true,"href":"https:\/\/whitelip.com\/de\/wp-json\/wp\/v2\/flavours?post=8424"},{"taxonomy":"format","embeddable":true,"href":"https:\/\/whitelip.com\/de\/wp-json\/wp\/v2\/format?post=8424"},{"taxonomy":"nicotine","embeddable":true,"href":"https:\/\/whitelip.com\/de\/wp-json\/wp\/v2\/nicotine?post=8424"}],"curies":[{"name":"wp","href":"https:\/\/api.w.org\/{rel}","templated":true}]}}