{"id":8422,"date":"2024-12-20T19:39:02","date_gmt":"2024-12-20T19:39:02","guid":{"rendered":"https:\/\/whitelip.com\/white-fox-peppered-mint\/"},"modified":"2026-03-10T09:51:01","modified_gmt":"2026-03-10T09:51:01","slug":"white-fox-peppered-mint","status":"publish","type":"product","link":"https:\/\/whitelip.com\/de\/white-fox\/white-fox-peppered-mint\/","title":{"rendered":"Wei\u00dfer Fuchs gepfefferte Minze"},"content":{"rendered":"<h2><b>Wei\u00dfer Fuchs gepfefferte Minze<\/b><\/h2>\n<p><span style=\"font-weight: 400;\">White Fox Peppered Mint bietet eine einzigartige Abwandlung des traditionellen Minzgeschmacks und kombiniert eine <\/span><b>scharfe Pfefferminzbasis<\/b><span style=\"font-weight: 400;\"> mit einem subtilen, w\u00fcrzigen Unterton von Pfeffer. Diese Kombination sorgt f\u00fcr ein erfrischendes und doch leicht freches Erlebnis, perfekt f\u00fcr Nutzer, die eine ausgewogene und belebende Nikotinfreisetzung suchen. Jeder schlanke, ganz wei\u00dfe Beutel enth\u00e4lt <\/span><b>12 mg Nikotin<\/b><span style=\"font-weight: 400;\">, und bietet eine starke und konsistente Wirkung, die ideal f\u00fcr erfahrene Anwender ist.<\/span><\/p>\n<p><span style=\"font-weight: 400;\">Das schlanke Format sorgt f\u00fcr einen bequemen und diskreten Sitz unter der Lippe und bietet eine saubere, tabakfreie Option, ohne die Z\u00e4hne zu verf\u00e4rben. White Fox Peppered Mint wird aus hochwertigen pflanzlichen Fasern hergestellt und bietet eine moderne Nikotin-Alternative mit einem unverwechselbaren und erfrischenden Geschmacksprofil. Egal, ob Sie die K\u00fchnheit der Minze oder die subtile Sch\u00e4rfe des Gew\u00fcrzes genie\u00dfen, dieses Produkt bietet eine befriedigende und einzigartige Erfahrung.<\/span><\/p>\n<table>\n<tbody>\n<tr>\n<td><b>Attribut<\/b><\/td>\n<td><b>Einzelheiten<\/b><\/td>\n<\/tr>\n<tr>\n<td><b>Marke<\/b><\/td>\n<td><span style=\"font-weight: 400;\">Wei\u00dfer Fuchs<\/span><\/td>\n<\/tr>\n<tr>\n<td><b>Produkttyp<\/b><\/td>\n<td><span style=\"font-weight: 400;\">Alle wei\u00dfen Nikotinbeutel<\/span><\/td>\n<\/tr>\n<tr>\n<td><b>Format<\/b><\/td>\n<td><span style=\"font-weight: 400;\">Schlank<\/span><\/td>\n<\/tr>\n<tr>\n<td><b>Geschmack<\/b><\/td>\n<td><span style=\"font-weight: 400;\">Pfefferminz- und Pfeffernoten<\/span><\/td>\n<\/tr>\n<tr>\n<td><b>Nikotinst\u00e4rke<\/b><\/td>\n<td><span style=\"font-weight: 400;\">12 mg pro Beutel (16 mg\/g)<\/span><\/td>\n<\/tr>\n<tr>\n<td><b>Portion Gewicht<\/b><\/td>\n<td><span style=\"font-weight: 400;\">0,75 Gramm<\/span><\/td>\n<\/tr>\n<tr>\n<td><b>Anzahl der Portionen<\/b><\/td>\n<td><span style=\"font-weight: 400;\">20 pro Dose<\/span><\/td>\n<\/tr>\n<tr>\n<td><b>Gesamtgewicht der Dose<\/b><\/td>\n<td><span style=\"font-weight: 400;\">15 Gramm<\/span><\/td>\n<\/tr>\n<tr>\n<td><b>Hersteller<\/b><\/td>\n<td><span style=\"font-weight: 400;\">Wei\u00dfer Fuchs<\/span><\/td>\n<\/tr>\n<tr>\n<td><b>Bemerkenswerte Merkmale<\/b><\/td>\n<td><span style=\"font-weight: 400;\">Tabakfrei, schlankes Format, kr\u00e4ftige Pfefferminze mit pfeffriger Note<\/span><\/td>\n<\/tr>\n<\/tbody>\n<\/table>","protected":false},"excerpt":{"rendered":"<p><span style=\"font-weight: 400;\">White Fox Peppered Mint bietet eine einzigartige Abwandlung des traditionellen Minzgeschmacks und kombiniert eine <\/span><b>scharfe Pfefferminzbasis<\/b><span style=\"font-weight: 400;\"> mit einem subtilen, w\u00fcrzigen Unterton von Pfeffer. Diese Kombination sorgt f\u00fcr ein erfrischendes und doch leicht freches Erlebnis, perfekt f\u00fcr Nutzer, die eine ausgewogene und belebende Nikotinfreisetzung suchen. Jeder schlanke, ganz wei\u00dfe Beutel enth\u00e4lt <\/span><b>12 mg Nikotin<\/b><span style=\"font-weight: 400;\">, und bietet eine starke und konsistente Wirkung, die ideal f\u00fcr erfahrene Anwender ist.<\/span><\/p>","protected":false},"featured_media":8423,"comment_status":"open","ping_status":"closed","template":"","format":[206],"meta":{"_acf_changed":false},"product_brand":[],"product_cat":[76],"product_tag":[16561],"flavours":[199],"nicotine":[213,232],"class_list":{"0":"post-8422","1":"product","2":"type-product","3":"status-publish","4":"has-post-thumbnail","6":"product_cat-white-fox","7":"product_tag-12-mg-pouch","8":"pa_quantity-1-pack","9":"pa_quantity-10-pack","10":"pa_quantity-3-pack","11":"pa_quantity-30-pack","12":"pa_quantity-5-pack","13":"pa_quantity-60-pack","14":"flavours-mint","15":"format-slim","16":"nicotine-16-mg-g","17":"nicotine-extra-strong","19":"first","20":"outofstock","21":"taxable","22":"shipping-taxable","23":"purchasable","24":"product-type-variable"},"acf":[],"_links":{"self":[{"href":"https:\/\/whitelip.com\/de\/wp-json\/wp\/v2\/product\/8422","targetHints":{"allow":["GET"]}}],"collection":[{"href":"https:\/\/whitelip.com\/de\/wp-json\/wp\/v2\/product"}],"about":[{"href":"https:\/\/whitelip.com\/de\/wp-json\/wp\/v2\/types\/product"}],"replies":[{"embeddable":true,"href":"https:\/\/whitelip.com\/de\/wp-json\/wp\/v2\/comments?post=8422"}],"wp:featuredmedia":[{"embeddable":true,"href":"https:\/\/whitelip.com\/de\/wp-json\/wp\/v2\/media\/8423"}],"wp:attachment":[{"href":"https:\/\/whitelip.com\/de\/wp-json\/wp\/v2\/media?parent=8422"}],"wp:term":[{"taxonomy":"product_brand","embeddable":true,"href":"https:\/\/whitelip.com\/de\/wp-json\/wp\/v2\/product_brand?post=8422"},{"taxonomy":"product_cat","embeddable":true,"href":"https:\/\/whitelip.com\/de\/wp-json\/wp\/v2\/product_cat?post=8422"},{"taxonomy":"product_tag","embeddable":true,"href":"https:\/\/whitelip.com\/de\/wp-json\/wp\/v2\/product_tag?post=8422"},{"taxonomy":"flavours","embeddable":true,"href":"https:\/\/whitelip.com\/de\/wp-json\/wp\/v2\/flavours?post=8422"},{"taxonomy":"format","embeddable":true,"href":"https:\/\/whitelip.com\/de\/wp-json\/wp\/v2\/format?post=8422"},{"taxonomy":"nicotine","embeddable":true,"href":"https:\/\/whitelip.com\/de\/wp-json\/wp\/v2\/nicotine?post=8422"}],"curies":[{"name":"wp","href":"https:\/\/api.w.org\/{rel}","templated":true}]}}