{"id":8416,"date":"2024-11-28T12:45:01","date_gmt":"2024-11-28T12:45:01","guid":{"rendered":"https:\/\/whitelip.com\/cuba-black-black-currant\/"},"modified":"2026-04-20T10:10:52","modified_gmt":"2026-04-20T10:10:52","slug":"cuba-black-black-currant","status":"publish","type":"product","link":"https:\/\/whitelip.com\/de\/cuba\/cuba-black-black-currant\/","title":{"rendered":"CUBA Schwarz Schwarze Johannisbeere"},"content":{"rendered":"<h2><b>CUBA Schwarz Schwarze Johannisbeere<\/b><\/h2>\n<p><span style=\"font-weight: 400;\">Die CUBA Black Black Currant Nikotinbeutel bieten einen kr\u00e4ftigen und s\u00fc\u00dfen Geschmack nach schwarzen Johannisbeeren und sorgen f\u00fcr ein intensives und befriedigendes Erlebnis. Jeder schlanke, ganz wei\u00dfe Beutel enth\u00e4lt 43 mg Nikotin pro Gramm, was ungef\u00e4hr 43 mg pro Beutel entspricht und somit f\u00fcr erfahrene Raucher geeignet ist, die eine starke Nikotinwirkung suchen. Die unverwechselbaren schwarzen Beutel verleihen nicht nur einen Hauch von Raffinesse, sondern sorgen auch daf\u00fcr, dass Ihre Z\u00e4hne w\u00e4hrend des Konsums nicht beeintr\u00e4chtigt werden. Jede Dose enth\u00e4lt 20 Beutel und bietet somit einen ausreichenden Vorrat f\u00fcr Ihren Genuss. Produziert von CUBA, einem polnischen Hersteller, der daf\u00fcr bekannt ist, moderne Methoden mit traditioneller Qualit\u00e4t zu verbinden, sind diese Beutel ein Beispiel f\u00fcr hohe Standards und innovative Geschmackskombinationen.<\/span><\/p>\n<table>\n<tbody>\n<tr>\n<td><b>Attribut<\/b><\/td>\n<td><b>Einzelheiten<\/b><\/td>\n<\/tr>\n<tr>\n<td><b>Inhalt pro Dose<\/b><\/td>\n<td><span style=\"font-weight: 400;\">13g (20 Beutel)<\/span><\/td>\n<\/tr>\n<tr>\n<td><b>Nikotingehalt<\/b><\/td>\n<td><span style=\"font-weight: 400;\">43 mg\/g (43 mg pro Beutel)<\/span><\/td>\n<\/tr>\n<tr>\n<td><b>Format des Beutels<\/b><\/td>\n<td><span style=\"font-weight: 400;\">Schlank<\/span><\/td>\n<\/tr>\n<tr>\n<td><b>Produzent<\/b><\/td>\n<td><span style=\"font-weight: 400;\">CUBA<\/span><\/td>\n<\/tr>\n<tr>\n<td><b>Geschmack<\/b><\/td>\n<td><span style=\"font-weight: 400;\">Schwarze Johannisbeere<\/span><\/td>\n<\/tr>\n<tr>\n<td><b>Typ<\/b><\/td>\n<td><span style=\"font-weight: 400;\">Ganz wei\u00dfe Tasche<\/span><\/td>\n<\/tr>\n<\/tbody>\n<\/table>\n<p>\u00a0<\/p>","protected":false},"excerpt":{"rendered":"<article class=\"text-token-text-primary w-full focus:outline-none [--shadow-height:45px] has-data-writing-block:pointer-events-none has-data-writing-block:-mt-(--shadow-height) has-data-writing-block:pt-(--shadow-height) [&amp;:has([data-writing-block])&gt;*]:pointer-events-auto [content-visibility:auto] supports-[content-visibility:auto]:[contain-intrinsic-size:auto_100lvh] scroll-mt-[calc(var(--header-height)+min(200px,max(70px,20svh)))]\" dir=\"auto\" tabindex=\"-1\" data-turn-id=\"6eb16c21-8c2b-4f5d-a760-f50523ee9c38\" data-testid=\"conversation-turn-216\" data-scroll-anchor=\"true\" data-turn=\"assistant\">\n<div class=\"text-base my-auto mx-auto pb-10 [--thread-content-margin:--spacing(4)] thread-sm:[--thread-content-margin:--spacing(6)] thread-lg:[--thread-content-margin:--spacing(16)] px-(--thread-content-margin)\">\n<div class=\"[--thread-content-max-width:40rem] thread-lg:[--thread-content-max-width:48rem] mx-auto max-w-(--thread-content-max-width) flex-1 group\/turn-messages focus-visible:outline-hidden relative flex w-full min-w-0 flex-col agent-turn\" tabindex=\"-1\">\n<div class=\"flex max-w-full flex-col grow\">\n<div class=\"min-h-8 text-message relative flex w-full flex-col items-end gap-2 text-start break-words whitespace-normal [.text-message+&amp;]:mt-5\" dir=\"auto\" data-message-author-role=\"assistant\" data-message-id=\"120c35a4-fd84-49f7-9ee6-093be3701092\" data-message-model-slug=\"gpt-5-thinking\">\n<div class=\"flex w-full flex-col gap-1 empty:hidden first:pt-[1px]\">\n<div class=\"markdown prose dark:prose-invert w-full break-words dark markdown-new-styling\">\n<p data-start=\"0\" data-end=\"368\" data-is-last-node=\"\" data-is-only-node=\"\">Robust, sweet <strong data-start=\"14\" data-end=\"31\">black currant<\/strong> for an intense, satisfying taste. The <strong data-start=\"70\" data-end=\"85\">slim,<\/strong> black pouches sit comfortably under the lip and won\u2019t stain teeth, ideal for on-the-go use. Each pouch contains <strong data-start=\"192\" data-end=\"221\">~43 mg nicotine per pouch<\/strong> (43 mg\/g), delivering a powerful kick for experienced users. Each can holds 20 pouches, crafted by CUBA to premium, tobacco-free standards.<\/p>\n<\/div>\n<\/div>\n<\/div>\n<\/div>\n<div class=\"z-0 flex min-h-[46px] justify-start\"><\/div>\n<div class=\"mt-3 w-full empty:hidden\">\n<div class=\"text-center\"><\/div>\n<\/div>\n<\/div>\n<\/div>\n<\/article>\n<div class=\"pointer-events-none h-px w-px\" aria-hidden=\"true\" data-edge=\"true\"><\/div>\n","protected":false},"featured_media":8417,"comment_status":"open","ping_status":"closed","template":"","format":[206],"meta":{"_acf_changed":false},"product_brand":[],"product_cat":[46],"product_tag":[16567],"flavours":[196],"nicotine":[227,232],"class_list":{"0":"post-8416","1":"product","2":"type-product","3":"status-publish","4":"has-post-thumbnail","6":"product_cat-cuba","7":"product_tag-43-mg-pouch","8":"pa_quantity-1-pack","9":"pa_quantity-10-pack","10":"pa_quantity-3-pack","11":"pa_quantity-30-pack","12":"pa_quantity-5-pack","13":"pa_quantity-60-pack","14":"flavours-fruits-berries","15":"format-slim","16":"nicotine-43-mg-g","17":"nicotine-extra-strong","19":"first","20":"outofstock","21":"taxable","22":"shipping-taxable","23":"purchasable","24":"product-type-variable"},"acf":[],"_links":{"self":[{"href":"https:\/\/whitelip.com\/de\/wp-json\/wp\/v2\/product\/8416","targetHints":{"allow":["GET"]}}],"collection":[{"href":"https:\/\/whitelip.com\/de\/wp-json\/wp\/v2\/product"}],"about":[{"href":"https:\/\/whitelip.com\/de\/wp-json\/wp\/v2\/types\/product"}],"replies":[{"embeddable":true,"href":"https:\/\/whitelip.com\/de\/wp-json\/wp\/v2\/comments?post=8416"}],"wp:featuredmedia":[{"embeddable":true,"href":"https:\/\/whitelip.com\/de\/wp-json\/wp\/v2\/media\/8417"}],"wp:attachment":[{"href":"https:\/\/whitelip.com\/de\/wp-json\/wp\/v2\/media?parent=8416"}],"wp:term":[{"taxonomy":"product_brand","embeddable":true,"href":"https:\/\/whitelip.com\/de\/wp-json\/wp\/v2\/product_brand?post=8416"},{"taxonomy":"product_cat","embeddable":true,"href":"https:\/\/whitelip.com\/de\/wp-json\/wp\/v2\/product_cat?post=8416"},{"taxonomy":"product_tag","embeddable":true,"href":"https:\/\/whitelip.com\/de\/wp-json\/wp\/v2\/product_tag?post=8416"},{"taxonomy":"flavours","embeddable":true,"href":"https:\/\/whitelip.com\/de\/wp-json\/wp\/v2\/flavours?post=8416"},{"taxonomy":"format","embeddable":true,"href":"https:\/\/whitelip.com\/de\/wp-json\/wp\/v2\/format?post=8416"},{"taxonomy":"nicotine","embeddable":true,"href":"https:\/\/whitelip.com\/de\/wp-json\/wp\/v2\/nicotine?post=8416"}],"curies":[{"name":"wp","href":"https:\/\/api.w.org\/{rel}","templated":true}]}}