{"id":8414,"date":"2024-11-28T12:45:01","date_gmt":"2024-11-28T12:45:01","guid":{"rendered":"https:\/\/whitelip.com\/cuba-black-peach\/"},"modified":"2026-04-29T10:11:09","modified_gmt":"2026-04-29T10:11:09","slug":"cuba-black-peach","status":"publish","type":"product","link":"https:\/\/whitelip.com\/de\/cuba\/cuba-black-peach\/","title":{"rendered":"CUBA Schwarzer Pfirsich"},"content":{"rendered":"<h2><b>CUBA Schwarzer Pfirsich<\/b><\/h2>\n<p><span style=\"font-weight: 400;\">Die CUBA Black Peach Nikotinbeutel bieten einen kr\u00e4ftigen und s\u00fc\u00dfen Pfirsichgeschmack und sorgen f\u00fcr ein intensives und befriedigendes Erlebnis. Jeder schlanke, ganz wei\u00dfe Beutel enth\u00e4lt 43 mg Nikotin pro Gramm, was ungef\u00e4hr 43 mg pro Beutel entspricht und somit f\u00fcr erfahrene Nutzer geeignet ist, die eine starke Nikotinwirkung suchen. Die einzigartigen, schwarz gef\u00e4rbten Beutel verleihen nicht nur einen Hauch von Mystik, sondern sorgen auch daf\u00fcr, dass Ihre Z\u00e4hne w\u00e4hrend des Konsums nicht beeintr\u00e4chtigt werden. Jede Dose enth\u00e4lt 20 Beutel und bietet somit einen ausreichenden Vorrat f\u00fcr Ihren Genuss. Produziert von CUBA, einem polnischen Hersteller, der daf\u00fcr bekannt ist, moderne Methoden mit traditioneller Qualit\u00e4t zu verbinden, sind diese Beutel ein Beispiel f\u00fcr hohe Standards und innovative Geschmackskombinationen.<\/span><\/p>\n<table>\n<tbody>\n<tr>\n<td><b>Attribut<\/b><\/td>\n<td><b>Einzelheiten<\/b><\/td>\n<\/tr>\n<tr>\n<td><b>Inhalt pro Dose<\/b><\/td>\n<td><span style=\"font-weight: 400;\">13g (20 Beutel)<\/span><\/td>\n<\/tr>\n<tr>\n<td><b>Nikotingehalt<\/b><\/td>\n<td><span style=\"font-weight: 400;\">43 mg\/g (43 mg pro Beutel)<\/span><\/td>\n<\/tr>\n<tr>\n<td><b>Format des Beutels<\/b><\/td>\n<td><span style=\"font-weight: 400;\">Schlank<\/span><\/td>\n<\/tr>\n<tr>\n<td><b>Produzent<\/b><\/td>\n<td><span style=\"font-weight: 400;\">CUBA<\/span><\/td>\n<\/tr>\n<tr>\n<td><b>Geschmack<\/b><\/td>\n<td><span style=\"font-weight: 400;\">Pfirsich<\/span><\/td>\n<\/tr>\n<tr>\n<td><b>Typ<\/b><\/td>\n<td><span style=\"font-weight: 400;\">Ganz wei\u00dfe Tasche<\/span><\/td>\n<\/tr>\n<\/tbody>\n<\/table>\n<p>\u00a0<\/p>","protected":false},"excerpt":{"rendered":"<p>Robust, s\u00fc\u00df <strong data-start=\"14\" data-end=\"23\">Pfirsich<\/strong> f\u00fcr einen intensiven, befriedigenden Geschmack. Die <strong data-start=\"62\" data-end=\"77\">schlank, <\/strong>Die schwarzen Beutel sitzen bequem unter der Lippe und hinterlassen keine Flecken auf den Z\u00e4hnen - ideal f\u00fcr die Verwendung unterwegs. Jeder Beutel enth\u00e4lt <strong data-start=\"184\" data-end=\"213\">~43 mg Nikotin pro Beutel<\/strong> (43 mg\/g) und liefert einen starken Kick, der f\u00fcr erfahrene Konsumenten geeignet ist. Produziert von CUBA f\u00fcr erstklassige, tabakfreie Leistung.<\/p>","protected":false},"featured_media":8415,"comment_status":"open","ping_status":"closed","template":"","format":[206],"meta":{"_acf_changed":false},"product_brand":[],"product_cat":[46],"product_tag":[16567],"flavours":[196],"nicotine":[227,233],"class_list":{"0":"post-8414","1":"product","2":"type-product","3":"status-publish","4":"has-post-thumbnail","6":"product_cat-cuba","7":"product_tag-43-mg-pouch","8":"pa_quantity-1-pack","9":"pa_quantity-10-pack","10":"pa_quantity-3-pack","11":"pa_quantity-30-pack","12":"pa_quantity-5-pack","13":"pa_quantity-60-pack","14":"flavours-fruits-berries","15":"format-slim","16":"nicotine-43-mg-g","17":"nicotine-extreme","19":"first","20":"outofstock","21":"taxable","22":"shipping-taxable","23":"purchasable","24":"product-type-variable"},"acf":[],"_links":{"self":[{"href":"https:\/\/whitelip.com\/de\/wp-json\/wp\/v2\/product\/8414","targetHints":{"allow":["GET"]}}],"collection":[{"href":"https:\/\/whitelip.com\/de\/wp-json\/wp\/v2\/product"}],"about":[{"href":"https:\/\/whitelip.com\/de\/wp-json\/wp\/v2\/types\/product"}],"replies":[{"embeddable":true,"href":"https:\/\/whitelip.com\/de\/wp-json\/wp\/v2\/comments?post=8414"}],"wp:featuredmedia":[{"embeddable":true,"href":"https:\/\/whitelip.com\/de\/wp-json\/wp\/v2\/media\/8415"}],"wp:attachment":[{"href":"https:\/\/whitelip.com\/de\/wp-json\/wp\/v2\/media?parent=8414"}],"wp:term":[{"taxonomy":"product_brand","embeddable":true,"href":"https:\/\/whitelip.com\/de\/wp-json\/wp\/v2\/product_brand?post=8414"},{"taxonomy":"product_cat","embeddable":true,"href":"https:\/\/whitelip.com\/de\/wp-json\/wp\/v2\/product_cat?post=8414"},{"taxonomy":"product_tag","embeddable":true,"href":"https:\/\/whitelip.com\/de\/wp-json\/wp\/v2\/product_tag?post=8414"},{"taxonomy":"flavours","embeddable":true,"href":"https:\/\/whitelip.com\/de\/wp-json\/wp\/v2\/flavours?post=8414"},{"taxonomy":"format","embeddable":true,"href":"https:\/\/whitelip.com\/de\/wp-json\/wp\/v2\/format?post=8414"},{"taxonomy":"nicotine","embeddable":true,"href":"https:\/\/whitelip.com\/de\/wp-json\/wp\/v2\/nicotine?post=8414"}],"curies":[{"name":"wp","href":"https:\/\/api.w.org\/{rel}","templated":true}]}}