{"id":8412,"date":"2024-11-28T12:44:38","date_gmt":"2024-11-28T12:44:38","guid":{"rendered":"https:\/\/whitelip.com\/apres-raspberry-liqorice-petite\/"},"modified":"2026-05-06T10:11:14","modified_gmt":"2026-05-06T10:11:14","slug":"apres-raspberry-liqorice-petite","status":"publish","type":"product","link":"https:\/\/whitelip.com\/de\/apres\/apres-raspberry-liqorice-petite\/","title":{"rendered":"APR\u00c8S Himbeer-Lakritz Petite"},"content":{"rendered":"<h2><b>APR\u00c8S Himbeer-Lakritz Petite<\/b><\/h2>\n<p><span style=\"font-weight: 400;\">APR\u00c8S Raspberry Licorice Petite Nikotinbeutel bieten eine harmonische Mischung aus s\u00fc\u00dfer Himbeere und reichhaltigem Lakritzgeschmack und sorgen f\u00fcr ein unverwechselbares Geschmackserlebnis. Jeder wei\u00dfe Mini-Beutel enth\u00e4lt 3,2 mg Nikotin und bietet ein mildes Gef\u00fchl, das f\u00fcr diejenigen geeignet ist, die eine sanfte Nikotinwirkung suchen. Das kompakte und diskrete Design sorgt f\u00fcr einen bequemen Sitz unter der Lippe, so dass es jederzeit verwendet werden kann, ohne die Z\u00e4hne zu beschmutzen. Die von APR\u00c8S Nicotine AB hergestellten tabakfreien Beutel stehen f\u00fcr hohe Qualit\u00e4tsstandards und innovative Geschmackskombinationen.<\/span><\/p>\n<table>\n<tbody>\n<tr>\n<td><b>Attribut<\/b><\/td>\n<td><b>Einzelheiten<\/b><\/td>\n<\/tr>\n<tr>\n<td><b>Inhalt pro Dose<\/b><\/td>\n<td><span style=\"font-weight: 400;\">8g (20 Beutel)<\/span><\/td>\n<\/tr>\n<tr>\n<td><b>Nikotingehalt<\/b><\/td>\n<td><span style=\"font-weight: 400;\">8 mg\/g (3,2 mg pro Beutel)<\/span><\/td>\n<\/tr>\n<tr>\n<td><b>Format des Beutels<\/b><\/td>\n<td><span style=\"font-weight: 400;\">Mini<\/span><\/td>\n<\/tr>\n<tr>\n<td><b>Produzent<\/b><\/td>\n<td><span style=\"font-weight: 400;\">APR\u00c8S Nicotine AB<\/span><\/td>\n<\/tr>\n<tr>\n<td><b>Geschmack<\/b><\/td>\n<td><span style=\"font-weight: 400;\">Himbeere und Lakritze<\/span><\/td>\n<\/tr>\n<tr>\n<td><b>Typ<\/b><\/td>\n<td><span style=\"font-weight: 400;\">Ganz wei\u00dfe Tasche<\/span><\/td>\n<\/tr>\n<\/tbody>\n<\/table>","protected":false},"excerpt":{"rendered":"<p>S\u00fc\u00df <strong data-start=\"6\" data-end=\"19\">Himbeere<\/strong> gemischt mit reichen <strong data-start=\"38\" data-end=\"50\">Lakritz<\/strong> f\u00fcr einen unverwechselbaren, ausgewogenen Geschmack. Die <strong data-start=\"90\" data-end=\"109\">Mini, <\/strong>Die komplett wei\u00dfen Beutel sitzen diskret und bequem unter der Lippe und k\u00f6nnen jederzeit sauber verwendet werden. Jeder Beutel enth\u00e4lt <strong data-start=\"207\" data-end=\"226\">3,2 mg Nikotin<\/strong>, und bietet einen sanften, angenehmen Auftrieb von APR\u00c8S Nicotine AB.<\/p>","protected":false},"featured_media":3107,"comment_status":"open","ping_status":"closed","template":"","format":[205],"meta":{"_acf_changed":false},"product_brand":[],"product_cat":[41],"product_tag":[16555],"flavours":[196,198],"nicotine":[230,236],"class_list":{"0":"post-8412","1":"product","2":"type-product","3":"status-publish","4":"has-post-thumbnail","6":"product_cat-apres","7":"product_tag-3-2-mg-pouch","8":"pa_quantity-1-pack","9":"pa_quantity-10-pack","10":"pa_quantity-3-pack","11":"pa_quantity-30-pack","12":"pa_quantity-5-pack","13":"pa_quantity-60-pack","14":"flavours-fruits-berries","15":"flavours-licorice","16":"format-mini","17":"nicotine-8-mg-g","18":"nicotine-strong","20":"first","21":"instock","22":"taxable","23":"shipping-taxable","24":"purchasable","25":"product-type-variable"},"acf":[],"_links":{"self":[{"href":"https:\/\/whitelip.com\/de\/wp-json\/wp\/v2\/product\/8412","targetHints":{"allow":["GET"]}}],"collection":[{"href":"https:\/\/whitelip.com\/de\/wp-json\/wp\/v2\/product"}],"about":[{"href":"https:\/\/whitelip.com\/de\/wp-json\/wp\/v2\/types\/product"}],"replies":[{"embeddable":true,"href":"https:\/\/whitelip.com\/de\/wp-json\/wp\/v2\/comments?post=8412"}],"wp:featuredmedia":[{"embeddable":true,"href":"https:\/\/whitelip.com\/de\/wp-json\/wp\/v2\/media\/3107"}],"wp:attachment":[{"href":"https:\/\/whitelip.com\/de\/wp-json\/wp\/v2\/media?parent=8412"}],"wp:term":[{"taxonomy":"product_brand","embeddable":true,"href":"https:\/\/whitelip.com\/de\/wp-json\/wp\/v2\/product_brand?post=8412"},{"taxonomy":"product_cat","embeddable":true,"href":"https:\/\/whitelip.com\/de\/wp-json\/wp\/v2\/product_cat?post=8412"},{"taxonomy":"product_tag","embeddable":true,"href":"https:\/\/whitelip.com\/de\/wp-json\/wp\/v2\/product_tag?post=8412"},{"taxonomy":"flavours","embeddable":true,"href":"https:\/\/whitelip.com\/de\/wp-json\/wp\/v2\/flavours?post=8412"},{"taxonomy":"format","embeddable":true,"href":"https:\/\/whitelip.com\/de\/wp-json\/wp\/v2\/format?post=8412"},{"taxonomy":"nicotine","embeddable":true,"href":"https:\/\/whitelip.com\/de\/wp-json\/wp\/v2\/nicotine?post=8412"}],"curies":[{"name":"wp","href":"https:\/\/api.w.org\/{rel}","templated":true}]}}