{"id":8396,"date":"2024-11-28T12:44:16","date_gmt":"2024-11-28T12:44:16","guid":{"rendered":"https:\/\/whitelip.com\/iceberg-black-extreme\/"},"modified":"2026-04-21T10:11:27","modified_gmt":"2026-04-21T10:11:27","slug":"iceberg-black-extreme","status":"publish","type":"product","link":"https:\/\/whitelip.com\/de\/iceberg\/iceberg-black-extreme\/","title":{"rendered":"ICEBERG Schwarz Extrem"},"content":{"rendered":"<h2><b>ICEBERG Schwarz Extrem<\/b><\/h2>\n<p><span style=\"font-weight: 400;\">ICEBERG Black Extreme Nikotinbeutel bieten eine starke Kombination aus s\u00fc\u00dfem Tutti-Frutti-Geschmack und einem hohen Nikotingehalt und richten sich an erfahrene Konsumenten, die ein starkes Erlebnis suchen. Jeder Beutel im Slim-Format enth\u00e4lt 50 mg Nikotin pro Gramm, was ungef\u00e4hr 35 mg pro Beutel entspricht. Die Beutel sind so konzipiert, dass sie diskret verwendet werden k\u00f6nnen, ohne die Z\u00e4hne zu verf\u00e4rben, was sie ideal f\u00fcr den Genuss unterwegs macht. Produziert von Neoptolem, einem polnischen Hersteller, der daf\u00fcr bekannt ist, moderne Methoden mit traditioneller Qualit\u00e4t zu verbinden, stehen diese Beutel f\u00fcr hohe Standards und innovative Geschmackskombinationen.<\/span><\/p>\n<table>\n<tbody>\n<tr>\n<td><b>Attribut<\/b><\/td>\n<td><b>Einzelheiten<\/b><\/td>\n<\/tr>\n<tr>\n<td><b>Inhalt pro Dose<\/b><\/td>\n<td><span style=\"font-weight: 400;\">13g (20 Beutel)<\/span><\/td>\n<\/tr>\n<tr>\n<td><b>Nikotingehalt<\/b><\/td>\n<td><span style=\"font-weight: 400;\">50 mg\/g (35 mg pro Beutel)<\/span><\/td>\n<\/tr>\n<tr>\n<td><b>Format des Beutels<\/b><\/td>\n<td><span style=\"font-weight: 400;\">Schlank<\/span><\/td>\n<\/tr>\n<tr>\n<td><b>Produzent<\/b><\/td>\n<td><span style=\"font-weight: 400;\">Neoptolem<\/span><\/td>\n<\/tr>\n<tr>\n<td><b>Geschmack<\/b><\/td>\n<td><span style=\"font-weight: 400;\">Tutti Frutti<\/span><\/td>\n<\/tr>\n<tr>\n<td><b>Typ<\/b><\/td>\n<td><span style=\"font-weight: 400;\">Ganz wei\u00dfe Tasche<\/span><\/td>\n<\/tr>\n<\/tbody>\n<\/table>\n<p>\u00a0<\/p>","protected":false},"excerpt":{"rendered":"<p>ICEBERG Black bietet eine s\u00fc\u00dfe <strong data-start=\"29\" data-end=\"45\">Tutti Frutti<\/strong> Profil mit einer k\u00fchnen, bonbonartigen Note. <strong data-start=\"85\" data-end=\"93\">Schlank<\/strong> Die ganz wei\u00dfen Beutel sitzen diskret unter der Lippe, ohne zu f\u00e4rben. Jeder Beutel enth\u00e4lt <strong data-start=\"179\" data-end=\"197\">35 mg Nikotin<\/strong>, und liefert einen kr\u00e4ftigen, befriedigenden Schlag. Tabakfrei. Produziert von Neoptolem in Polen.<\/p>","protected":false},"featured_media":8397,"comment_status":"open","ping_status":"closed","template":"","format":[206],"meta":{"_acf_changed":false},"product_brand":[],"product_cat":[50],"product_tag":[16603],"flavours":[196],"nicotine":[226,233],"class_list":{"0":"post-8396","1":"product","2":"type-product","3":"status-publish","4":"has-post-thumbnail","6":"product_cat-iceberg","7":"product_tag-35-mg-pouch","8":"pa_quantity-1-pack","9":"pa_quantity-10-pack","10":"pa_quantity-3-pack","11":"pa_quantity-30-pack","12":"pa_quantity-5-pack","13":"pa_quantity-60-pack","14":"flavours-fruits-berries","15":"format-slim","16":"nicotine-50-mg-g","17":"nicotine-extreme","19":"first","20":"instock","21":"taxable","22":"shipping-taxable","23":"purchasable","24":"product-type-variable"},"acf":[],"_links":{"self":[{"href":"https:\/\/whitelip.com\/de\/wp-json\/wp\/v2\/product\/8396","targetHints":{"allow":["GET"]}}],"collection":[{"href":"https:\/\/whitelip.com\/de\/wp-json\/wp\/v2\/product"}],"about":[{"href":"https:\/\/whitelip.com\/de\/wp-json\/wp\/v2\/types\/product"}],"replies":[{"embeddable":true,"href":"https:\/\/whitelip.com\/de\/wp-json\/wp\/v2\/comments?post=8396"}],"wp:featuredmedia":[{"embeddable":true,"href":"https:\/\/whitelip.com\/de\/wp-json\/wp\/v2\/media\/8397"}],"wp:attachment":[{"href":"https:\/\/whitelip.com\/de\/wp-json\/wp\/v2\/media?parent=8396"}],"wp:term":[{"taxonomy":"product_brand","embeddable":true,"href":"https:\/\/whitelip.com\/de\/wp-json\/wp\/v2\/product_brand?post=8396"},{"taxonomy":"product_cat","embeddable":true,"href":"https:\/\/whitelip.com\/de\/wp-json\/wp\/v2\/product_cat?post=8396"},{"taxonomy":"product_tag","embeddable":true,"href":"https:\/\/whitelip.com\/de\/wp-json\/wp\/v2\/product_tag?post=8396"},{"taxonomy":"flavours","embeddable":true,"href":"https:\/\/whitelip.com\/de\/wp-json\/wp\/v2\/flavours?post=8396"},{"taxonomy":"format","embeddable":true,"href":"https:\/\/whitelip.com\/de\/wp-json\/wp\/v2\/format?post=8396"},{"taxonomy":"nicotine","embeddable":true,"href":"https:\/\/whitelip.com\/de\/wp-json\/wp\/v2\/nicotine?post=8396"}],"curies":[{"name":"wp","href":"https:\/\/api.w.org\/{rel}","templated":true}]}}