{"id":8394,"date":"2024-12-20T19:39:06","date_gmt":"2024-12-20T19:39:06","guid":{"rendered":"https:\/\/whitelip.com\/velo-simply-spearmint-mini\/"},"modified":"2026-05-01T10:10:57","modified_gmt":"2026-05-01T10:10:57","slug":"velo-simply-spearmint-mini","status":"publish","type":"product","link":"https:\/\/whitelip.com\/de\/velo\/velo-simply-spearmint-mini\/","title":{"rendered":"VELO Einfach Spearmint Mini"},"content":{"rendered":"<h2><strong>VELO Einfach Spearmint Mini<\/strong><\/h2>\n<p><span style=\"font-weight: 400;\">VELO Simply Spearmint Mini bietet eine erfrischende Mischung aus Minz- und Pfefferminzgeschmack, die ein mildes und angenehmes Mentholerlebnis in einem diskreten Minibeutel bietet. Ideal f\u00fcr diejenigen, die ein leichteres Nikotinerlebnis mit einem subtilen k\u00fchlenden Gef\u00fchl suchen, bieten diese tabakfreien, ganz wei\u00dfen Beutel einen bequemen Sitz und eine gleichm\u00e4\u00dfige Freisetzung von Geschmack und Nikotin.<\/span><\/p>\n<table>\n<tbody>\n<tr>\n<td><b>Attribut<\/b><\/td>\n<td><b>Einzelheiten<\/b><\/td>\n<\/tr>\n<tr>\n<td><span style=\"font-weight: 400;\">Marke<\/span><\/td>\n<td><span style=\"font-weight: 400;\">VELO<\/span><\/td>\n<\/tr>\n<tr>\n<td><span style=\"font-weight: 400;\">Produkttyp<\/span><\/td>\n<td><span style=\"font-weight: 400;\">Alle wei\u00dfen Nikotinbeutel<\/span><\/td>\n<\/tr>\n<tr>\n<td><span style=\"font-weight: 400;\">Format<\/span><\/td>\n<td><span style=\"font-weight: 400;\">Mini<\/span><\/td>\n<\/tr>\n<tr>\n<td><span style=\"font-weight: 400;\">Geschmack<\/span><\/td>\n<td><span style=\"font-weight: 400;\">Minze und Krauseminze<\/span><\/td>\n<\/tr>\n<tr>\n<td><span style=\"font-weight: 400;\">Nikotinst\u00e4rke<\/span><\/td>\n<td><span style=\"font-weight: 400;\">9,5 mg\/g (4 mg pro Beutel)<\/span><\/td>\n<\/tr>\n<tr>\n<td><span style=\"font-weight: 400;\">Portion Gewicht<\/span><\/td>\n<td><span style=\"font-weight: 400;\">0,42 Gramm<\/span><\/td>\n<\/tr>\n<tr>\n<td><span style=\"font-weight: 400;\">Anzahl der Portionen<\/span><\/td>\n<td><span style=\"font-weight: 400;\">20 pro Dose<\/span><\/td>\n<\/tr>\n<tr>\n<td><span style=\"font-weight: 400;\">Gesamtgewicht der Dose<\/span><\/td>\n<td><span style=\"font-weight: 400;\">8,4 Gramm<\/span><\/td>\n<\/tr>\n<tr>\n<td><span style=\"font-weight: 400;\">Hersteller<\/span><\/td>\n<td><span style=\"font-weight: 400;\">BAT<\/span><\/td>\n<\/tr>\n<tr>\n<td><span style=\"font-weight: 400;\">Bemerkenswerte Merkmale<\/span><\/td>\n<td><span style=\"font-weight: 400;\">Tabakfrei, diskrete Miniportionen, milder Mentholgeschmack<\/span><\/td>\n<\/tr>\n<\/tbody>\n<\/table>","protected":false},"excerpt":{"rendered":"<p class=\"translation-block\">VELO Simply Spearmint Mini Nikotinbeutel liefern ein erfrischendes Spearmint &amp; Mint Aroma mit einem milden Menthol-Lift. Mini, reinwei\u00dfes Format f\u00fcr diskrete, bequeme Verwendung und eine konsistente Freisetzung. Jeder Beutel enth\u00e4lt 4 mg Nikotin.<\/p>","protected":false},"featured_media":8395,"comment_status":"open","ping_status":"closed","template":"","format":[205],"meta":{"_acf_changed":false},"product_brand":[],"product_cat":[48],"product_tag":[16585],"flavours":[199],"nicotine":[231,236],"class_list":{"0":"post-8394","1":"product","2":"type-product","3":"status-publish","4":"has-post-thumbnail","6":"product_cat-velo","7":"product_tag-4-mg-pouch","8":"pa_quantity-1-pack","9":"pa_quantity-10-pack","10":"pa_quantity-3-pack","11":"pa_quantity-30-pack","12":"pa_quantity-5-pack","13":"pa_quantity-60-pack","14":"flavours-mint","15":"format-mini","16":"nicotine-9-mg-g","17":"nicotine-strong","19":"first","20":"instock","21":"taxable","22":"shipping-taxable","23":"purchasable","24":"product-type-variable"},"acf":[],"_links":{"self":[{"href":"https:\/\/whitelip.com\/de\/wp-json\/wp\/v2\/product\/8394","targetHints":{"allow":["GET"]}}],"collection":[{"href":"https:\/\/whitelip.com\/de\/wp-json\/wp\/v2\/product"}],"about":[{"href":"https:\/\/whitelip.com\/de\/wp-json\/wp\/v2\/types\/product"}],"replies":[{"embeddable":true,"href":"https:\/\/whitelip.com\/de\/wp-json\/wp\/v2\/comments?post=8394"}],"wp:featuredmedia":[{"embeddable":true,"href":"https:\/\/whitelip.com\/de\/wp-json\/wp\/v2\/media\/8395"}],"wp:attachment":[{"href":"https:\/\/whitelip.com\/de\/wp-json\/wp\/v2\/media?parent=8394"}],"wp:term":[{"taxonomy":"product_brand","embeddable":true,"href":"https:\/\/whitelip.com\/de\/wp-json\/wp\/v2\/product_brand?post=8394"},{"taxonomy":"product_cat","embeddable":true,"href":"https:\/\/whitelip.com\/de\/wp-json\/wp\/v2\/product_cat?post=8394"},{"taxonomy":"product_tag","embeddable":true,"href":"https:\/\/whitelip.com\/de\/wp-json\/wp\/v2\/product_tag?post=8394"},{"taxonomy":"flavours","embeddable":true,"href":"https:\/\/whitelip.com\/de\/wp-json\/wp\/v2\/flavours?post=8394"},{"taxonomy":"format","embeddable":true,"href":"https:\/\/whitelip.com\/de\/wp-json\/wp\/v2\/format?post=8394"},{"taxonomy":"nicotine","embeddable":true,"href":"https:\/\/whitelip.com\/de\/wp-json\/wp\/v2\/nicotine?post=8394"}],"curies":[{"name":"wp","href":"https:\/\/api.w.org\/{rel}","templated":true}]}}