{"id":8392,"date":"2024-12-20T19:39:27","date_gmt":"2024-12-20T19:39:27","guid":{"rendered":"https:\/\/whitelip.com\/xqs-wintergreen-light\/"},"modified":"2026-04-28T10:11:19","modified_gmt":"2026-04-28T10:11:19","slug":"xqs-wintergreen-light","status":"publish","type":"product","link":"https:\/\/whitelip.com\/de\/xqs\/xqs-wintergreen-light\/","title":{"rendered":"XQS Wintergr\u00fcn Leicht"},"content":{"rendered":"<h2><b>XQS Wintergr\u00fcn Leicht<\/b><\/h2>\n<p><span style=\"font-weight: 400;\">XQS Wintergreen Light liefert ein <\/span><b>weicher und erfrischender Wintergr\u00fcn-Geschmack<\/b><span style=\"font-weight: 400;\">, und bietet ein mildes und k\u00fchlendes Gef\u00fchl mit einem Hauch von nat\u00fcrlicher S\u00fc\u00dfe. Perfekt f\u00fcr Benutzer, die eine leichtere Nikotinoption suchen, enth\u00e4lt jeder schlanke, ganz wei\u00dfe Beutel <\/span><b>4 mg Nikotin<\/b><span style=\"font-weight: 400;\">, und bietet eine sanfte und gleichm\u00e4\u00dfige Freisetzung, die f\u00fcr den t\u00e4glichen Gebrauch geeignet ist.<\/span><\/p>\n<p><span style=\"font-weight: 400;\">Das schlanke Format sorgt f\u00fcr einen diskreten und bequemen Sitz unter der Lippe und ist somit ideal f\u00fcr den Gebrauch unterwegs, ohne die Z\u00e4hne zu verf\u00e4rben. V\u00f6llig tabakfrei und aus hochwertigen Pflanzenfasern hergestellt, bietet XQS Wintergreen Light eine saubere und moderne Alternative mit einem angenehmen und erfrischenden Minzgeschmack. Sie ist eine gute Wahl f\u00fcr alle, die ein milderes, aber dennoch befriedigendes Nikotinerlebnis bevorzugen.<\/span><\/p>\n<table>\n<tbody>\n<tr>\n<td><b>Attribut<\/b><\/td>\n<td><b>Einzelheiten<\/b><\/td>\n<\/tr>\n<tr>\n<td><b>Marke<\/b><\/td>\n<td><span style=\"font-weight: 400;\">XQS<\/span><\/td>\n<\/tr>\n<tr>\n<td><b>Produkttyp<\/b><\/td>\n<td><span style=\"font-weight: 400;\">Alle wei\u00dfen Nikotinbeutel<\/span><\/td>\n<\/tr>\n<tr>\n<td><b>Format<\/b><\/td>\n<td><span style=\"font-weight: 400;\">Schlank<\/span><\/td>\n<\/tr>\n<tr>\n<td><b>Geschmack<\/b><\/td>\n<td><span style=\"font-weight: 400;\">Wintergr\u00fcn<\/span><\/td>\n<\/tr>\n<tr>\n<td><b>Nikotinst\u00e4rke<\/b><\/td>\n<td><span style=\"font-weight: 400;\">4 mg pro Beutel (5 mg\/g)<\/span><\/td>\n<\/tr>\n<tr>\n<td><b>Portion Gewicht<\/b><\/td>\n<td><span style=\"font-weight: 400;\">0,75 Gramm<\/span><\/td>\n<\/tr>\n<tr>\n<td><b>Anzahl der Portionen<\/b><\/td>\n<td><span style=\"font-weight: 400;\">20 pro Dose<\/span><\/td>\n<\/tr>\n<tr>\n<td><b>Gesamtgewicht der Dose<\/b><\/td>\n<td><span style=\"font-weight: 400;\">15 Gramm<\/span><\/td>\n<\/tr>\n<tr>\n<td><b>Hersteller<\/b><\/td>\n<td><span style=\"font-weight: 400;\">XQS International<\/span><\/td>\n<\/tr>\n<tr>\n<td><b>Bemerkenswerte Merkmale<\/b><\/td>\n<td><span style=\"font-weight: 400;\">Tabakfreies, schlankes Format, sanfter und erfrischender Wintergr\u00fcn-Geschmack<\/span><\/td>\n<\/tr>\n<\/tbody>\n<\/table>","protected":false},"excerpt":{"rendered":"<p><span style=\"font-weight: 400;\">XQS Wintergreen Light liefert ein <\/span><b>weicher und erfrischender Wintergr\u00fcn-Geschmack<\/b><span style=\"font-weight: 400;\">, und bietet ein mildes und k\u00fchlendes Gef\u00fchl mit einem Hauch von nat\u00fcrlicher S\u00fc\u00dfe. Perfekt f\u00fcr Benutzer, die eine leichtere Nikotinoption suchen, jedes <strong>schlank<\/strong>, Der komplett wei\u00dfe Beutel enth\u00e4lt <\/span><b>4 mg Nikotin<\/b><span style=\"font-weight: 400;\">, und bietet eine sanfte und gleichm\u00e4\u00dfige Freisetzung, die f\u00fcr den t\u00e4glichen Gebrauch geeignet ist.<\/span><\/p>","protected":false},"featured_media":8393,"comment_status":"open","ping_status":"closed","template":"","format":[206],"meta":{"_acf_changed":false},"product_brand":[],"product_cat":[27],"product_tag":[16585],"flavours":[203],"nicotine":[230,236],"class_list":{"0":"post-8392","1":"product","2":"type-product","3":"status-publish","4":"has-post-thumbnail","6":"product_cat-xqs","7":"product_tag-4-mg-pouch","8":"pa_quantity-1-pack","9":"pa_quantity-10-pack","10":"pa_quantity-3-pack","11":"pa_quantity-30-pack","12":"pa_quantity-5-pack","13":"pa_quantity-60-pack","14":"flavours-wintergreen","15":"format-slim","16":"nicotine-8-mg-g","17":"nicotine-strong","19":"first","20":"outofstock","21":"taxable","22":"shipping-taxable","23":"purchasable","24":"product-type-variable"},"acf":[],"_links":{"self":[{"href":"https:\/\/whitelip.com\/de\/wp-json\/wp\/v2\/product\/8392","targetHints":{"allow":["GET"]}}],"collection":[{"href":"https:\/\/whitelip.com\/de\/wp-json\/wp\/v2\/product"}],"about":[{"href":"https:\/\/whitelip.com\/de\/wp-json\/wp\/v2\/types\/product"}],"replies":[{"embeddable":true,"href":"https:\/\/whitelip.com\/de\/wp-json\/wp\/v2\/comments?post=8392"}],"wp:featuredmedia":[{"embeddable":true,"href":"https:\/\/whitelip.com\/de\/wp-json\/wp\/v2\/media\/8393"}],"wp:attachment":[{"href":"https:\/\/whitelip.com\/de\/wp-json\/wp\/v2\/media?parent=8392"}],"wp:term":[{"taxonomy":"product_brand","embeddable":true,"href":"https:\/\/whitelip.com\/de\/wp-json\/wp\/v2\/product_brand?post=8392"},{"taxonomy":"product_cat","embeddable":true,"href":"https:\/\/whitelip.com\/de\/wp-json\/wp\/v2\/product_cat?post=8392"},{"taxonomy":"product_tag","embeddable":true,"href":"https:\/\/whitelip.com\/de\/wp-json\/wp\/v2\/product_tag?post=8392"},{"taxonomy":"flavours","embeddable":true,"href":"https:\/\/whitelip.com\/de\/wp-json\/wp\/v2\/flavours?post=8392"},{"taxonomy":"format","embeddable":true,"href":"https:\/\/whitelip.com\/de\/wp-json\/wp\/v2\/format?post=8392"},{"taxonomy":"nicotine","embeddable":true,"href":"https:\/\/whitelip.com\/de\/wp-json\/wp\/v2\/nicotine?post=8392"}],"curies":[{"name":"wp","href":"https:\/\/api.w.org\/{rel}","templated":true}]}}