{"id":8388,"date":"2024-11-28T12:43:54","date_gmt":"2024-11-28T12:43:54","guid":{"rendered":"https:\/\/whitelip.com\/lundgrens-vagsvall\/"},"modified":"2026-04-28T10:11:19","modified_gmt":"2026-04-28T10:11:19","slug":"lundgrens-vagsvall","status":"publish","type":"product","link":"https:\/\/whitelip.com\/de\/lundgrens\/lundgrens-vagsvall\/","title":{"rendered":"LUNDGRENS V\u00e5gsvall"},"content":{"rendered":"<h2><b>LUNDGRENS V\u00e5gsvall<\/b><\/h2>\n<p><span style=\"font-weight: 400;\">LUNDGRENS V\u00e5gsvall Nikotinbeutel sind von der schwedischen K\u00fcste inspiriert und bieten eine einzigartige Mischung aus Sanddorn und salzigem Lakritz f\u00fcr ein erfrischendes und geschmackvolles Erlebnis. Diese schlanken, ganz in Wei\u00df gehaltenen Beutel sind so gestaltet, dass sie diskret und bequem unter der Lippe sitzen und eine saubere und zufriedenstellende Freisetzung von Geschmack und Nikotin gew\u00e4hrleisten. LUNDGRENS V\u00e5gsvall wurde f\u00fcr diejenigen entwickelt, die k\u00fchne und doch ausgewogene Geschm\u00e4cker m\u00f6gen, und bietet ein ausgepr\u00e4gtes Gef\u00fchl, das sich abhebt.<\/span><\/p>\n<table>\n<tbody>\n<tr>\n<td><b>Attribut<\/b><\/td>\n<td><b>Einzelheiten<\/b><\/td>\n<\/tr>\n<tr>\n<td><span style=\"font-weight: 400;\">Inhalt pro Dose<\/span><\/td>\n<td><span style=\"font-weight: 400;\">21.6g<\/span><\/td>\n<\/tr>\n<tr>\n<td><span style=\"font-weight: 400;\">Nikotingehalt<\/span><\/td>\n<td><span style=\"font-weight: 400;\">10 mg\/g (8 mg pro Beutel)<\/span><\/td>\n<\/tr>\n<tr>\n<td><span style=\"font-weight: 400;\">Format der Tasche<\/span><\/td>\n<td><span style=\"font-weight: 400;\">Schlank<\/span><\/td>\n<\/tr>\n<tr>\n<td><span style=\"font-weight: 400;\">Produzent<\/span><\/td>\n<td><span style=\"font-weight: 400;\">Fiedler &amp; Lundgren<\/span><\/td>\n<\/tr>\n<tr>\n<td><span style=\"font-weight: 400;\">Geschmack<\/span><\/td>\n<td><span style=\"font-weight: 400;\">Sanddorn und salziges Lakritz<\/span><\/td>\n<\/tr>\n<tr>\n<td><span style=\"font-weight: 400;\">Typ<\/span><\/td>\n<td><span style=\"font-weight: 400;\">Wei\u00dfe Beutel, tabakfrei<\/span><\/td>\n<\/tr>\n<\/tbody>\n<\/table>","protected":false},"excerpt":{"rendered":"<p><span style=\"font-weight: 400;\">LUNDGRENS V\u00e5gsvall bietet eine einzigartige Mischung aus <strong data-start=\"0\" data-end=\"34\" data-is-only-node=\"\">Sanddorn &amp; salzige Lakritze<\/strong> liefern ein erfrischendes, geschmackvolles Profil, das von der schwedischen K\u00fcste inspiriert ist. <strong>Schlank<\/strong>, Die komplett wei\u00dfen Beutel passen diskret und bequem unter die Lippen und sorgen f\u00fcr eine saubere, befriedigende Freisetzung. LUNDGRENS V\u00e5gsvall wurde f\u00fcr diejenigen entwickelt, die k\u00fchne und doch ausgewogene Geschm\u00e4cker m\u00f6gen, und bietet ein ausgepr\u00e4gtes Gef\u00fchl, das sich abhebt.<\/span><\/p>","protected":false},"featured_media":8389,"comment_status":"open","ping_status":"closed","template":"","format":[204],"meta":{"_acf_changed":false},"product_brand":[],"product_cat":[59],"product_tag":[16583],"flavours":[196],"nicotine":[207,236],"class_list":{"0":"post-8388","1":"product","2":"type-product","3":"status-publish","4":"has-post-thumbnail","6":"product_cat-lundgrens","7":"product_tag-8-mg-pouch","8":"pa_quantity-1-pack","9":"pa_quantity-10-pack","10":"pa_quantity-3-pack","11":"pa_quantity-30-pack","12":"pa_quantity-5-pack","13":"pa_quantity-60-pack","14":"flavours-fruits-berries","15":"format-large","16":"nicotine-10-mg-g","17":"nicotine-strong","19":"first","20":"outofstock","21":"taxable","22":"shipping-taxable","23":"purchasable","24":"product-type-variable"},"acf":[],"_links":{"self":[{"href":"https:\/\/whitelip.com\/de\/wp-json\/wp\/v2\/product\/8388","targetHints":{"allow":["GET"]}}],"collection":[{"href":"https:\/\/whitelip.com\/de\/wp-json\/wp\/v2\/product"}],"about":[{"href":"https:\/\/whitelip.com\/de\/wp-json\/wp\/v2\/types\/product"}],"replies":[{"embeddable":true,"href":"https:\/\/whitelip.com\/de\/wp-json\/wp\/v2\/comments?post=8388"}],"wp:featuredmedia":[{"embeddable":true,"href":"https:\/\/whitelip.com\/de\/wp-json\/wp\/v2\/media\/8389"}],"wp:attachment":[{"href":"https:\/\/whitelip.com\/de\/wp-json\/wp\/v2\/media?parent=8388"}],"wp:term":[{"taxonomy":"product_brand","embeddable":true,"href":"https:\/\/whitelip.com\/de\/wp-json\/wp\/v2\/product_brand?post=8388"},{"taxonomy":"product_cat","embeddable":true,"href":"https:\/\/whitelip.com\/de\/wp-json\/wp\/v2\/product_cat?post=8388"},{"taxonomy":"product_tag","embeddable":true,"href":"https:\/\/whitelip.com\/de\/wp-json\/wp\/v2\/product_tag?post=8388"},{"taxonomy":"flavours","embeddable":true,"href":"https:\/\/whitelip.com\/de\/wp-json\/wp\/v2\/flavours?post=8388"},{"taxonomy":"format","embeddable":true,"href":"https:\/\/whitelip.com\/de\/wp-json\/wp\/v2\/format?post=8388"},{"taxonomy":"nicotine","embeddable":true,"href":"https:\/\/whitelip.com\/de\/wp-json\/wp\/v2\/nicotine?post=8388"}],"curies":[{"name":"wp","href":"https:\/\/api.w.org\/{rel}","templated":true}]}}