{"id":8384,"date":"2024-11-28T12:43:54","date_gmt":"2024-11-28T12:43:54","guid":{"rendered":"https:\/\/whitelip.com\/77-melon-mint-light\/"},"modified":"2026-05-01T10:10:53","modified_gmt":"2026-05-01T10:10:53","slug":"77-melon-mint-light","status":"publish","type":"product","link":"https:\/\/whitelip.com\/de\/77\/77-melon-mint-light\/","title":{"rendered":"77 Melone Minze Leicht"},"content":{"rendered":"<h2><strong>77 Melone Minze Leicht<\/strong><\/h2>\n<p><span style=\"font-weight: 400;\">77 Melon Mint Light Nikotinbeutel kombinieren den s\u00fc\u00dfen, saftigen Geschmack von Melone mit einem erfrischenden Minzgeschmack, was ein k\u00f6stliches Geschmacksprofil ergibt. Jeder schlanke, ganz wei\u00dfe Beutel enth\u00e4lt 5,2 mg Nikotin und ist damit ideal f\u00fcr alle, die eine sanfte Nikotinwirkung suchen. Das diskrete Design sorgt f\u00fcr einen bequemen Sitz unter der Lippe, so dass sie jederzeit verwendet werden k\u00f6nnen, ohne die Z\u00e4hne zu verf\u00e4rben. Diese von der 77 Group hergestellten tabakfreien Beutel werden mit der neuesten Technologie hergestellt, um ein befriedigendes Erlebnis zu bieten.<\/span><\/p>\n<table>\n<tbody>\n<tr>\n<td><b>Attribut<\/b><\/td>\n<td><b>Einzelheiten<\/b><\/td>\n<\/tr>\n<tr>\n<td><b>Inhalt pro Dose<\/b><\/td>\n<td><span style=\"font-weight: 400;\">10g (20 Beutel)<\/span><\/td>\n<\/tr>\n<tr>\n<td><b>Nikotingehalt<\/b><\/td>\n<td><span style=\"font-weight: 400;\">8 mg\/g (5,2 mg pro Beutel)<\/span><\/td>\n<\/tr>\n<tr>\n<td><b>Format des Beutels<\/b><\/td>\n<td><span style=\"font-weight: 400;\">Schlank<\/span><\/td>\n<\/tr>\n<tr>\n<td><b>Produzent<\/b><\/td>\n<td><span style=\"font-weight: 400;\">77 Gruppe<\/span><\/td>\n<\/tr>\n<tr>\n<td><b>Geschmack<\/b><\/td>\n<td><span style=\"font-weight: 400;\">Melone und Minze<\/span><\/td>\n<\/tr>\n<tr>\n<td><b>Typ<\/b><\/td>\n<td><span style=\"font-weight: 400;\">Ganz wei\u00dfe Tasche<\/span><\/td>\n<\/tr>\n<\/tbody>\n<\/table>","protected":false},"excerpt":{"rendered":"<p>S\u00fc\u00df, saftig <strong data-start=\"13\" data-end=\"32\">Melone mit Minze<\/strong> f\u00fcr einen frischen, belebenden Geschmack. Die <strong data-start=\"67\" data-end=\"86\">schlank, <\/strong>Die komplett wei\u00dfen Beutel sitzen diskret und bequem unter der Lippe und k\u00f6nnen jederzeit sauber verwendet werden. Jeder Beutel enth\u00e4lt <strong data-start=\"184\" data-end=\"203\">5,2 mg Nikotin<\/strong>, liefert ein sanftes, leichtes Erlebnis von 77 Group.<\/p>","protected":false},"featured_media":8385,"comment_status":"open","ping_status":"closed","template":"","format":[206],"meta":{"_acf_changed":false},"product_brand":[],"product_cat":[23],"product_tag":[16547],"flavours":[196,199],"nicotine":[230,236],"class_list":{"0":"post-8384","1":"product","2":"type-product","3":"status-publish","4":"has-post-thumbnail","6":"product_cat-23","7":"product_tag-5-2-mg-pouch","8":"pa_quantity-1-pack","9":"pa_quantity-10-pack","10":"pa_quantity-3-pack","11":"pa_quantity-30-pack","12":"pa_quantity-5-pack","13":"pa_quantity-60-pack","14":"flavours-fruits-berries","15":"flavours-mint","16":"format-slim","17":"nicotine-8-mg-g","18":"nicotine-strong","20":"first","21":"instock","22":"taxable","23":"shipping-taxable","24":"purchasable","25":"product-type-variable"},"acf":[],"_links":{"self":[{"href":"https:\/\/whitelip.com\/de\/wp-json\/wp\/v2\/product\/8384","targetHints":{"allow":["GET"]}}],"collection":[{"href":"https:\/\/whitelip.com\/de\/wp-json\/wp\/v2\/product"}],"about":[{"href":"https:\/\/whitelip.com\/de\/wp-json\/wp\/v2\/types\/product"}],"replies":[{"embeddable":true,"href":"https:\/\/whitelip.com\/de\/wp-json\/wp\/v2\/comments?post=8384"}],"wp:featuredmedia":[{"embeddable":true,"href":"https:\/\/whitelip.com\/de\/wp-json\/wp\/v2\/media\/8385"}],"wp:attachment":[{"href":"https:\/\/whitelip.com\/de\/wp-json\/wp\/v2\/media?parent=8384"}],"wp:term":[{"taxonomy":"product_brand","embeddable":true,"href":"https:\/\/whitelip.com\/de\/wp-json\/wp\/v2\/product_brand?post=8384"},{"taxonomy":"product_cat","embeddable":true,"href":"https:\/\/whitelip.com\/de\/wp-json\/wp\/v2\/product_cat?post=8384"},{"taxonomy":"product_tag","embeddable":true,"href":"https:\/\/whitelip.com\/de\/wp-json\/wp\/v2\/product_tag?post=8384"},{"taxonomy":"flavours","embeddable":true,"href":"https:\/\/whitelip.com\/de\/wp-json\/wp\/v2\/flavours?post=8384"},{"taxonomy":"format","embeddable":true,"href":"https:\/\/whitelip.com\/de\/wp-json\/wp\/v2\/format?post=8384"},{"taxonomy":"nicotine","embeddable":true,"href":"https:\/\/whitelip.com\/de\/wp-json\/wp\/v2\/nicotine?post=8384"}],"curies":[{"name":"wp","href":"https:\/\/api.w.org\/{rel}","templated":true}]}}