{"id":8366,"date":"2024-11-28T12:43:29","date_gmt":"2024-11-28T12:43:29","guid":{"rendered":"https:\/\/whitelip.com\/zyn-lemon-spritz-6-5mg\/"},"modified":"2026-04-21T14:13:24","modified_gmt":"2026-04-21T14:13:24","slug":"zyn-lemon-spritz-6-mg","status":"publish","type":"product","link":"https:\/\/whitelip.com\/de\/zyn\/zyn-lemon-spritz-6-mg\/","title":{"rendered":"ZYN Lemon Spritz 6mg"},"content":{"rendered":"<h2><b>ZYN Lemon Spritz 6mg<\/b><\/h2>\n<p><span style=\"font-weight: 400;\">ZYN Lemon Spritz 6mg offers a refreshing blend of citrus flavors, combining the tartness of lemon and grapefruit with the sweetness of peach and a hint of rose water. Each slim, all-white pouch contains 6 mg of nicotine, providing a moderate and steady release, ideal for those seeking a balanced nicotine experience.<\/span><\/p>\n<p><span style=\"font-weight: 400;\">Das schlanke Format sorgt f\u00fcr eine diskrete und bequeme Passform unter der Lippe und erm\u00f6glicht jederzeit einen sauberen, fleckenfreien Gebrauch. Vollst\u00e4ndig aus hochwertigen, pflanzlichen Materialien hergestellt, bietet ZYN Lemon Spritz 6,5mg eine moderne und angenehme Nikotin-Alternative mit einem lebendigen, k\u00fchlenden Geschmack.<\/span><\/p>\n<table>\n<tbody>\n<tr>\n<td><b>Attribut<\/b><\/td>\n<td><b>Einzelheiten<\/b><\/td>\n<\/tr>\n<tr>\n<td><span style=\"font-weight: 400;\">Marke<\/span><\/td>\n<td><span style=\"font-weight: 400;\">ZYN<\/span><\/td>\n<\/tr>\n<tr>\n<td><span style=\"font-weight: 400;\">Produkttyp<\/span><\/td>\n<td><span style=\"font-weight: 400;\">Alle wei\u00dfen Nikotinbeutel<\/span><\/td>\n<\/tr>\n<tr>\n<td><span style=\"font-weight: 400;\">Format<\/span><\/td>\n<td><span style=\"font-weight: 400;\">Schlank<\/span><\/td>\n<\/tr>\n<tr>\n<td><span style=\"font-weight: 400;\">Geschmack<\/span><\/td>\n<td><span style=\"font-weight: 400;\">Zitrone, Grapefruit, Pfirsich und Rosenwasser<\/span><\/td>\n<\/tr>\n<tr>\n<td><span style=\"font-weight: 400;\">Nikotinst\u00e4rke<\/span><\/td>\n<td><span style=\"font-weight: 400;\">6 mg pro Beutel<\/span><\/td>\n<\/tr>\n<tr>\n<td><span style=\"font-weight: 400;\">Portion Gewicht<\/span><\/td>\n<td><span style=\"font-weight: 400;\">0,7 Gramm<\/span><\/td>\n<\/tr>\n<tr>\n<td><span style=\"font-weight: 400;\">Anzahl der Portionen<\/span><\/td>\n<td><span style=\"font-weight: 400;\">21 pro Dose<\/span><\/td>\n<\/tr>\n<tr>\n<td><span style=\"font-weight: 400;\">Gesamtgewicht der Dose<\/span><\/td>\n<td><span style=\"font-weight: 400;\">14,7 Gramm<\/span><\/td>\n<\/tr>\n<tr>\n<td><span style=\"font-weight: 400;\">Hersteller<\/span><\/td>\n<td><span style=\"font-weight: 400;\">Schwedisches Streichholz<\/span><\/td>\n<\/tr>\n<tr>\n<td><span style=\"font-weight: 400;\">Bemerkenswerte Merkmale<\/span><\/td>\n<td><span style=\"font-weight: 400;\">Tabakfrei, schlankes Format, Zitrus- und Blumengeschmack<\/span><\/td>\n<\/tr>\n<\/tbody>\n<\/table>","protected":false},"excerpt":{"rendered":"<p>ZYN <strong data-start=\"4\" data-end=\"20\">Zitronenspritzer<\/strong> <strong data-start=\"21\" data-end=\"29\">schlank<\/strong> mischt s\u00e4uerliche Zitrone und Grapefruit mit s\u00fc\u00dfem Pfirsich und einem Hauch von Rosenwasser f\u00fcr ein helles, erfrischendes Profil. Jeder Beutel enth\u00e4lt <strong data-start=\"159\" data-end=\"178\">6 mg Nikotin<\/strong> f\u00fcr eine moderate, gleichm\u00e4\u00dfige Freisetzung.<\/p>","protected":false},"featured_media":95543,"comment_status":"open","ping_status":"closed","template":"","format":[206],"meta":{"_acf_changed":false},"product_brand":[],"product_cat":[37],"product_tag":[16638],"flavours":[190,191,196],"nicotine":[236,231],"class_list":{"0":"post-8366","1":"product","2":"type-product","3":"status-publish","4":"has-post-thumbnail","6":"product_cat-zyn","7":"product_tag-6-5-mg-pouch","8":"pa_quantity-1-pack","9":"pa_quantity-10-pack","10":"pa_quantity-3-pack","11":"pa_quantity-30-pack","12":"pa_quantity-5-pack","13":"pa_quantity-60-pack","14":"flavours-citrus","15":"flavours-cocktails","16":"flavours-fruits-berries","17":"format-slim","18":"nicotine-strong","19":"nicotine-9-mg-g","21":"first","22":"instock","23":"taxable","24":"shipping-taxable","25":"purchasable","26":"product-type-variable"},"acf":[],"_links":{"self":[{"href":"https:\/\/whitelip.com\/de\/wp-json\/wp\/v2\/product\/8366","targetHints":{"allow":["GET"]}}],"collection":[{"href":"https:\/\/whitelip.com\/de\/wp-json\/wp\/v2\/product"}],"about":[{"href":"https:\/\/whitelip.com\/de\/wp-json\/wp\/v2\/types\/product"}],"replies":[{"embeddable":true,"href":"https:\/\/whitelip.com\/de\/wp-json\/wp\/v2\/comments?post=8366"}],"wp:featuredmedia":[{"embeddable":true,"href":"https:\/\/whitelip.com\/de\/wp-json\/wp\/v2\/media\/95543"}],"wp:attachment":[{"href":"https:\/\/whitelip.com\/de\/wp-json\/wp\/v2\/media?parent=8366"}],"wp:term":[{"taxonomy":"product_brand","embeddable":true,"href":"https:\/\/whitelip.com\/de\/wp-json\/wp\/v2\/product_brand?post=8366"},{"taxonomy":"product_cat","embeddable":true,"href":"https:\/\/whitelip.com\/de\/wp-json\/wp\/v2\/product_cat?post=8366"},{"taxonomy":"product_tag","embeddable":true,"href":"https:\/\/whitelip.com\/de\/wp-json\/wp\/v2\/product_tag?post=8366"},{"taxonomy":"flavours","embeddable":true,"href":"https:\/\/whitelip.com\/de\/wp-json\/wp\/v2\/flavours?post=8366"},{"taxonomy":"format","embeddable":true,"href":"https:\/\/whitelip.com\/de\/wp-json\/wp\/v2\/format?post=8366"},{"taxonomy":"nicotine","embeddable":true,"href":"https:\/\/whitelip.com\/de\/wp-json\/wp\/v2\/nicotine?post=8366"}],"curies":[{"name":"wp","href":"https:\/\/api.w.org\/{rel}","templated":true}]}}