{"id":8364,"date":"2024-11-28T12:43:29","date_gmt":"2024-11-28T12:43:29","guid":{"rendered":"https:\/\/whitelip.com\/zyn-coffee-3mg\/"},"modified":"2026-04-30T03:01:03","modified_gmt":"2026-04-30T03:01:03","slug":"zyn-coffee-3mg","status":"publish","type":"product","link":"https:\/\/whitelip.com\/de\/zyn\/zyn-coffee-3mg\/","title":{"rendered":"ZYN Kaffee 3mg"},"content":{"rendered":"<h2><strong>ZYN Kaffee 3mg<\/strong><\/h2>\n<p><span style=\"font-weight: 400;\">ZYN Coffee 3mg bietet ein reichhaltiges und aromatisches Erlebnis, das die kr\u00e4ftigen Aromen von frisch ger\u00f6stetem Kaffee mit subtilen Noten von Schokolade, Nougat und Vanille kombiniert. Jeder ganz wei\u00dfe Beutel im Miniformat enth\u00e4lt 3 mg Nikotin und bietet eine starke, aber gleichm\u00e4\u00dfige Freisetzung, ideal f\u00fcr diejenigen, die einen starken Kick suchen.<\/span><\/p>\n<p><span style=\"font-weight: 400;\">Das Miniformat sorgt f\u00fcr einen diskreten und bequemen Sitz unter der Lippe und erm\u00f6glicht jederzeit einen sauberen, fleckenfreien Gebrauch. Vollst\u00e4ndig aus hochwertigen, pflanzlichen Materialien hergestellt, bietet ZYN Coffee 3mg eine moderne und angenehme Nikotin-Alternative mit einem anspruchsvollen Geschmacksprofil.<\/span><\/p>\n<table>\n<tbody>\n<tr>\n<td><b>Attribut<\/b><\/td>\n<td><b>Einzelheiten<\/b><\/td>\n<\/tr>\n<tr>\n<td><span style=\"font-weight: 400;\">Marke<\/span><\/td>\n<td><span style=\"font-weight: 400;\">ZYN<\/span><\/td>\n<\/tr>\n<tr>\n<td><span style=\"font-weight: 400;\">Produkttyp<\/span><\/td>\n<td><span style=\"font-weight: 400;\">Alle wei\u00dfen Nikotinbeutel<\/span><\/td>\n<\/tr>\n<tr>\n<td><span style=\"font-weight: 400;\">Format<\/span><\/td>\n<td><span style=\"font-weight: 400;\">Mini<\/span><\/td>\n<\/tr>\n<tr>\n<td><span style=\"font-weight: 400;\">Geschmack<\/span><\/td>\n<td><span style=\"font-weight: 400;\">Kaffee, Schokolade, Nougat und Vanille<\/span><\/td>\n<\/tr>\n<tr>\n<td><span style=\"font-weight: 400;\">Nikotinst\u00e4rke<\/span><\/td>\n<td><span style=\"font-weight: 400;\"> 3 mg pro Beutel<\/span><\/td>\n<\/tr>\n<tr>\n<td><span style=\"font-weight: 400;\">Portion Gewicht<\/span><\/td>\n<td><span style=\"font-weight: 400;\">0,4 Gramm<\/span><\/td>\n<\/tr>\n<tr>\n<td><span style=\"font-weight: 400;\">Anzahl der Portionen<\/span><\/td>\n<td><span style=\"font-weight: 400;\">20 pro Dose<\/span><\/td>\n<\/tr>\n<tr>\n<td><span style=\"font-weight: 400;\">Gesamtgewicht der Dose<\/span><\/td>\n<td><span style=\"font-weight: 400;\">8 Gramm<\/span><\/td>\n<\/tr>\n<tr>\n<td><span style=\"font-weight: 400;\">Hersteller<\/span><\/td>\n<td><span style=\"font-weight: 400;\">Schwedisches Streichholz<\/span><\/td>\n<\/tr>\n<tr>\n<td><span style=\"font-weight: 400;\">Bemerkenswerte Merkmale<\/span><\/td>\n<td><span style=\"font-weight: 400;\">Tabakfrei, Miniformat, reichhaltiger Kaffeegeschmack mit Schokoladen- und Vanillenoten<\/span><\/td>\n<\/tr>\n<\/tbody>\n<\/table>","protected":false},"excerpt":{"rendered":"<p><strong>ZYN Coffee 3mg vormals ZYN Espressino 3mg W\u00e4hrend der \u00dcbergangszeit d\u00fcrfen beide Designs verkauft werden.<\/strong><\/p>\n<p>ZYN <strong data-start=\"4\" data-end=\"14\">Kaffee<\/strong> <strong data-start=\"15\" data-end=\"23\">Mini<\/strong> liefert reichhaltigen, aromatischen Kaffee mit subtilen Noten von Schokolade, Nougat und Vanille. Die ganz in Wei\u00df gehaltenen Beutel sind diskret und bequem. Jeder Beutel enth\u00e4lt <strong data-start=\"177\" data-end=\"194\">3 mg Nikotin<\/strong> f\u00fcr eine starke, gleichm\u00e4\u00dfige Freisetzung.<\/p>","protected":false},"featured_media":8365,"comment_status":"open","ping_status":"closed","template":"","format":[205],"meta":{"_acf_changed":false},"product_brand":[],"product_cat":[37],"product_tag":[16579],"flavours":[192],"nicotine":[230,236],"class_list":{"0":"post-8364","1":"product","2":"type-product","3":"status-publish","4":"has-post-thumbnail","6":"product_cat-zyn","7":"product_tag-3-mg-pouch","8":"pa_quantity-1-pack","9":"pa_quantity-10-pack","10":"pa_quantity-3-pack","11":"pa_quantity-30-pack","12":"pa_quantity-5-pack","13":"pa_quantity-60-pack","14":"flavours-coffee","15":"format-mini","16":"nicotine-8-mg-g","17":"nicotine-strong","19":"first","20":"instock","21":"taxable","22":"shipping-taxable","23":"purchasable","24":"product-type-variable"},"acf":[],"_links":{"self":[{"href":"https:\/\/whitelip.com\/de\/wp-json\/wp\/v2\/product\/8364","targetHints":{"allow":["GET"]}}],"collection":[{"href":"https:\/\/whitelip.com\/de\/wp-json\/wp\/v2\/product"}],"about":[{"href":"https:\/\/whitelip.com\/de\/wp-json\/wp\/v2\/types\/product"}],"replies":[{"embeddable":true,"href":"https:\/\/whitelip.com\/de\/wp-json\/wp\/v2\/comments?post=8364"}],"wp:featuredmedia":[{"embeddable":true,"href":"https:\/\/whitelip.com\/de\/wp-json\/wp\/v2\/media\/8365"}],"wp:attachment":[{"href":"https:\/\/whitelip.com\/de\/wp-json\/wp\/v2\/media?parent=8364"}],"wp:term":[{"taxonomy":"product_brand","embeddable":true,"href":"https:\/\/whitelip.com\/de\/wp-json\/wp\/v2\/product_brand?post=8364"},{"taxonomy":"product_cat","embeddable":true,"href":"https:\/\/whitelip.com\/de\/wp-json\/wp\/v2\/product_cat?post=8364"},{"taxonomy":"product_tag","embeddable":true,"href":"https:\/\/whitelip.com\/de\/wp-json\/wp\/v2\/product_tag?post=8364"},{"taxonomy":"flavours","embeddable":true,"href":"https:\/\/whitelip.com\/de\/wp-json\/wp\/v2\/flavours?post=8364"},{"taxonomy":"format","embeddable":true,"href":"https:\/\/whitelip.com\/de\/wp-json\/wp\/v2\/format?post=8364"},{"taxonomy":"nicotine","embeddable":true,"href":"https:\/\/whitelip.com\/de\/wp-json\/wp\/v2\/nicotine?post=8364"}],"curies":[{"name":"wp","href":"https:\/\/api.w.org\/{rel}","templated":true}]}}