{"id":8360,"date":"2024-11-28T12:43:07","date_gmt":"2024-11-28T12:43:07","guid":{"rendered":"https:\/\/whitelip.com\/zyn-citrus-3mg\/"},"modified":"2026-04-15T11:58:44","modified_gmt":"2026-04-15T11:58:44","slug":"zyn-citrus-3mg","status":"publish","type":"product","link":"https:\/\/whitelip.com\/de\/zyn\/zyn-citrus-3mg\/","title":{"rendered":"ZYN Zitrusfr\u00fcchte 3mg"},"content":{"rendered":"<h2><b>ZYN Zitrusfr\u00fcchte 3mg<\/b><\/h2>\n<p><span style=\"font-weight: 400;\">ZYN Citrus 3mg bietet eine erfrischende Mischung aus Zitrusaromen, die die Herbheit von Zitrone und Grapefruit mit der S\u00fc\u00dfe von Pfirsich und einem Hauch von Rosenwasser kombiniert. Jeder wei\u00dfe Mini-Beutel enth\u00e4lt 3 mg Nikotin und bietet eine sanfte und gleichm\u00e4\u00dfige Freisetzung, ideal f\u00fcr diejenigen, die eine leichtere Nikotinoption suchen.<\/span><\/p>\n<p><span style=\"font-weight: 400;\">Das Miniformat sorgt f\u00fcr einen diskreten und bequemen Sitz unter der Lippe und erm\u00f6glicht jederzeit einen sauberen, fleckenfreien Gebrauch. Komplett aus hochwertigen, pflanzlichen Materialien hergestellt, bietet ZYN Citrus 3mg eine moderne und angenehme Nikotin-Alternative mit einem lebendigen, k\u00fchlenden Geschmack.<\/span><\/p>\n<table>\n<tbody>\n<tr>\n<td><b>Attribut<\/b><\/td>\n<td><b>Einzelheiten<\/b><\/td>\n<\/tr>\n<tr>\n<td><span style=\"font-weight: 400;\">Marke<\/span><\/td>\n<td><span style=\"font-weight: 400;\">ZYN<\/span><\/td>\n<\/tr>\n<tr>\n<td><span style=\"font-weight: 400;\">Produkttyp<\/span><\/td>\n<td><span style=\"font-weight: 400;\">Alle wei\u00dfen Nikotinbeutel<\/span><\/td>\n<\/tr>\n<tr>\n<td><span style=\"font-weight: 400;\">Format<\/span><\/td>\n<td><span style=\"font-weight: 400;\">Mini<\/span><\/td>\n<\/tr>\n<tr>\n<td><span style=\"font-weight: 400;\">Geschmack<\/span><\/td>\n<td><span style=\"font-weight: 400;\">Zitrone, Grapefruit, Pfirsich und Rosenwasser<\/span><\/td>\n<\/tr>\n<tr>\n<td><span style=\"font-weight: 400;\">Nikotinst\u00e4rke<\/span><\/td>\n<td><span style=\"font-weight: 400;\">3 mg pro Beutel<\/span><\/td>\n<\/tr>\n<tr>\n<td><span style=\"font-weight: 400;\">Portion Gewicht<\/span><\/td>\n<td><span style=\"font-weight: 400;\">0,4 Gramm<\/span><\/td>\n<\/tr>\n<tr>\n<td><span style=\"font-weight: 400;\">Anzahl der Portionen<\/span><\/td>\n<td><span style=\"font-weight: 400;\">20 pro Dose<\/span><\/td>\n<\/tr>\n<tr>\n<td><span style=\"font-weight: 400;\">Gesamtgewicht der Dose<\/span><\/td>\n<td><span style=\"font-weight: 400;\">8 Gramm<\/span><\/td>\n<\/tr>\n<tr>\n<td><span style=\"font-weight: 400;\">Hersteller<\/span><\/td>\n<td><span style=\"font-weight: 400;\">Schwedisches Streichholz<\/span><\/td>\n<\/tr>\n<tr>\n<td><span style=\"font-weight: 400;\">Bemerkenswerte Merkmale<\/span><\/td>\n<td><span style=\"font-weight: 400;\">Tabakfrei, Mini-Format, Zitrus- und Bl\u00fctengeschmack<\/span><\/td>\n<\/tr>\n<\/tbody>\n<\/table>","protected":false},"excerpt":{"rendered":"<p><strong>Neues Design! W\u00e4hrend der Umstellung k\u00f6nnen beide Designs verkauft werden.<\/strong><\/p>\n<p>ZYN <strong data-start=\"4\" data-end=\"14\">Zitrusfr\u00fcchte<\/strong> <strong data-start=\"15\" data-end=\"23\">Mini<\/strong> mischt s\u00e4uerliche Zitrone und Grapefruit mit s\u00fc\u00dfem Pfirsich und einem Hauch von Rosenwasser f\u00fcr ein erfrischendes Profil. Jeder Beutel enth\u00e4lt <strong data-start=\"145\" data-end=\"162\">3 mg Nikotin<\/strong> f\u00fcr eine sanfte, gleichm\u00e4\u00dfige Freisetzung.<\/p>","protected":false},"featured_media":8361,"comment_status":"open","ping_status":"closed","template":"","format":[205],"meta":{"_acf_changed":false},"product_brand":[],"product_cat":[37],"product_tag":[16579],"flavours":[190],"nicotine":[230,236],"class_list":{"0":"post-8360","1":"product","2":"type-product","3":"status-publish","4":"has-post-thumbnail","6":"product_cat-zyn","7":"product_tag-3-mg-pouch","8":"pa_quantity-1-pack","9":"pa_quantity-10-pack","10":"pa_quantity-5-pack","11":"flavours-citrus","12":"format-mini","13":"nicotine-8-mg-g","14":"nicotine-strong","16":"first","17":"instock","18":"taxable","19":"shipping-taxable","20":"purchasable","21":"product-type-variable"},"acf":[],"_links":{"self":[{"href":"https:\/\/whitelip.com\/de\/wp-json\/wp\/v2\/product\/8360","targetHints":{"allow":["GET"]}}],"collection":[{"href":"https:\/\/whitelip.com\/de\/wp-json\/wp\/v2\/product"}],"about":[{"href":"https:\/\/whitelip.com\/de\/wp-json\/wp\/v2\/types\/product"}],"replies":[{"embeddable":true,"href":"https:\/\/whitelip.com\/de\/wp-json\/wp\/v2\/comments?post=8360"}],"wp:featuredmedia":[{"embeddable":true,"href":"https:\/\/whitelip.com\/de\/wp-json\/wp\/v2\/media\/8361"}],"wp:attachment":[{"href":"https:\/\/whitelip.com\/de\/wp-json\/wp\/v2\/media?parent=8360"}],"wp:term":[{"taxonomy":"product_brand","embeddable":true,"href":"https:\/\/whitelip.com\/de\/wp-json\/wp\/v2\/product_brand?post=8360"},{"taxonomy":"product_cat","embeddable":true,"href":"https:\/\/whitelip.com\/de\/wp-json\/wp\/v2\/product_cat?post=8360"},{"taxonomy":"product_tag","embeddable":true,"href":"https:\/\/whitelip.com\/de\/wp-json\/wp\/v2\/product_tag?post=8360"},{"taxonomy":"flavours","embeddable":true,"href":"https:\/\/whitelip.com\/de\/wp-json\/wp\/v2\/flavours?post=8360"},{"taxonomy":"format","embeddable":true,"href":"https:\/\/whitelip.com\/de\/wp-json\/wp\/v2\/format?post=8360"},{"taxonomy":"nicotine","embeddable":true,"href":"https:\/\/whitelip.com\/de\/wp-json\/wp\/v2\/nicotine?post=8360"}],"curies":[{"name":"wp","href":"https:\/\/api.w.org\/{rel}","templated":true}]}}