{"id":8356,"date":"2024-12-20T19:39:09","date_gmt":"2024-12-20T19:39:09","guid":{"rendered":"https:\/\/whitelip.com\/xqs-cactus-sour-strong\/"},"modified":"2026-04-28T10:11:41","modified_gmt":"2026-04-28T10:11:41","slug":"xqs-cactus-sour-strong","status":"publish","type":"product","link":"https:\/\/whitelip.com\/de\/xqs\/xqs-cactus-sour-strong\/","title":{"rendered":"XQS Kaktus sauer stark"},"content":{"rendered":"<h2><b>XQS Kaktus sauer stark<\/b><\/h2>\n<p><span style=\"font-weight: 400;\">XQS Cactus Sour Strong liefert einen <\/span><b>einzigartiges und w\u00fcrziges Kaktusaroma<\/b><span style=\"font-weight: 400;\"> mit einer erfrischend s\u00e4uerlichen Note, die ein unverwechselbares und belebendes Nikotinerlebnis bietet. Dieses k\u00fchne und leicht s\u00e4uerliche Profil ist perfekt f\u00fcr Nutzer, die abenteuerliche und pikante Aromen m\u00f6gen. Jeder schlanke, ganz wei\u00dfe Beutel enth\u00e4lt <\/span><b>10 mg Nikotin<\/b><span style=\"font-weight: 400;\">, und bietet eine starke und gleichm\u00e4\u00dfige Freisetzung, die f\u00fcr erfahrene Benutzer geeignet ist.<\/span><\/p>\n<p><span style=\"font-weight: 400;\">Das schlanke Format sorgt f\u00fcr einen bequemen und diskreten Sitz unter der Lippe und erm\u00f6glicht jederzeit einen sauberen und fleckenfreien Gebrauch. XQS Cactus Sour Strong ist eine moderne Nikotin-Alternative mit einem frischen und sauren Geschmack, der sich vom Gew\u00f6hnlichen abhebt und komplett ohne Tabak und aus hochwertigen pflanzlichen Materialien hergestellt wird.<\/span><\/p>\n<table>\n<tbody>\n<tr>\n<td><b>Attribut<\/b><\/td>\n<td><b>Einzelheiten<\/b><\/td>\n<\/tr>\n<tr>\n<td><b>Marke<\/b><\/td>\n<td><span style=\"font-weight: 400;\">XQS<\/span><\/td>\n<\/tr>\n<tr>\n<td><b>Produkttyp<\/b><\/td>\n<td><span style=\"font-weight: 400;\">Alle wei\u00dfen Nikotinbeutel<\/span><\/td>\n<\/tr>\n<tr>\n<td><b>Format<\/b><\/td>\n<td><span style=\"font-weight: 400;\">Schlank<\/span><\/td>\n<\/tr>\n<tr>\n<td><b>Geschmack<\/b><\/td>\n<td><span style=\"font-weight: 400;\">Kaktus und saure Noten<\/span><\/td>\n<\/tr>\n<tr>\n<td><b>Nikotinst\u00e4rke<\/b><\/td>\n<td><span style=\"font-weight: 400;\">10 mg pro Beutel (13 mg\/g)<\/span><\/td>\n<\/tr>\n<tr>\n<td><b>Portion Gewicht<\/b><\/td>\n<td><span style=\"font-weight: 400;\">0,75 Gramm<\/span><\/td>\n<\/tr>\n<tr>\n<td><b>Anzahl der Portionen<\/b><\/td>\n<td><span style=\"font-weight: 400;\">20 pro Dose<\/span><\/td>\n<\/tr>\n<tr>\n<td><b>Gesamtgewicht der Dose<\/b><\/td>\n<td><span style=\"font-weight: 400;\">15 Gramm<\/span><\/td>\n<\/tr>\n<tr>\n<td><b>Hersteller<\/b><\/td>\n<td><span style=\"font-weight: 400;\">XQS International<\/span><\/td>\n<\/tr>\n<tr>\n<td><b>Bemerkenswerte Merkmale<\/b><\/td>\n<td><span style=\"font-weight: 400;\">Tabakfrei, schlankes Format, w\u00fcrziger Kaktusgeschmack mit saurer Note<\/span><\/td>\n<\/tr>\n<\/tbody>\n<\/table>","protected":false},"excerpt":{"rendered":"<p>XQS <strong data-start=\"4\" data-end=\"19\">Kaktus Sour<\/strong> <strong data-start=\"20\" data-end=\"30\">Stark<\/strong> liefert w\u00fcrzigen Kaktus mit einer erfrischend sauren Note f\u00fcr ein unverwechselbares, belebendes Profil. Die <strong data-start=\"127\" data-end=\"135\">schlank<\/strong>, Die ganz in Wei\u00df gehaltenen Beutel sind diskret und bequem. Jeder Beutel enth\u00e4lt <strong data-start=\"205\" data-end=\"223\">10 mg Nikotin<\/strong> f\u00fcr eine starke, gleichm\u00e4\u00dfige Freisetzung, die f\u00fcr erfahrene Benutzer geeignet ist.<\/p>","protected":false},"featured_media":8357,"comment_status":"open","ping_status":"closed","template":"","format":[206],"meta":{"_acf_changed":false},"product_brand":[],"product_cat":[27],"product_tag":[16587],"flavours":[196],"nicotine":[213,232],"class_list":{"0":"post-8356","1":"product","2":"type-product","3":"status-publish","4":"has-post-thumbnail","6":"product_cat-xqs","7":"product_tag-10-mg-pouch","8":"pa_quantity-1-pack","9":"pa_quantity-10-pack","10":"pa_quantity-3-pack","11":"pa_quantity-30-pack","12":"pa_quantity-5-pack","13":"pa_quantity-60-pack","14":"flavours-fruits-berries","15":"format-slim","16":"nicotine-16-mg-g","17":"nicotine-extra-strong","19":"first","20":"instock","21":"taxable","22":"shipping-taxable","23":"product-type-variable"},"acf":[],"_links":{"self":[{"href":"https:\/\/whitelip.com\/de\/wp-json\/wp\/v2\/product\/8356","targetHints":{"allow":["GET"]}}],"collection":[{"href":"https:\/\/whitelip.com\/de\/wp-json\/wp\/v2\/product"}],"about":[{"href":"https:\/\/whitelip.com\/de\/wp-json\/wp\/v2\/types\/product"}],"replies":[{"embeddable":true,"href":"https:\/\/whitelip.com\/de\/wp-json\/wp\/v2\/comments?post=8356"}],"wp:featuredmedia":[{"embeddable":true,"href":"https:\/\/whitelip.com\/de\/wp-json\/wp\/v2\/media\/8357"}],"wp:attachment":[{"href":"https:\/\/whitelip.com\/de\/wp-json\/wp\/v2\/media?parent=8356"}],"wp:term":[{"taxonomy":"product_brand","embeddable":true,"href":"https:\/\/whitelip.com\/de\/wp-json\/wp\/v2\/product_brand?post=8356"},{"taxonomy":"product_cat","embeddable":true,"href":"https:\/\/whitelip.com\/de\/wp-json\/wp\/v2\/product_cat?post=8356"},{"taxonomy":"product_tag","embeddable":true,"href":"https:\/\/whitelip.com\/de\/wp-json\/wp\/v2\/product_tag?post=8356"},{"taxonomy":"flavours","embeddable":true,"href":"https:\/\/whitelip.com\/de\/wp-json\/wp\/v2\/flavours?post=8356"},{"taxonomy":"format","embeddable":true,"href":"https:\/\/whitelip.com\/de\/wp-json\/wp\/v2\/format?post=8356"},{"taxonomy":"nicotine","embeddable":true,"href":"https:\/\/whitelip.com\/de\/wp-json\/wp\/v2\/nicotine?post=8356"}],"curies":[{"name":"wp","href":"https:\/\/api.w.org\/{rel}","templated":true}]}}