{"id":8354,"date":"2024-12-20T19:39:25","date_gmt":"2024-12-20T19:39:25","guid":{"rendered":"https:\/\/whitelip.com\/xqs-fizzy-cola-strong\/"},"modified":"2026-04-13T17:36:45","modified_gmt":"2026-04-13T17:36:45","slug":"xqs-fizzy-cola-strong","status":"publish","type":"product","link":"https:\/\/whitelip.com\/de\/xqs\/xqs-fizzy-cola-strong\/","title":{"rendered":"XQS Sprudel Cola Stark"},"content":{"rendered":"<h2><b>XQS Sprudel Cola Stark<\/b><\/h2>\n<p><span style=\"font-weight: 400;\">XQS Fizzy Cola Strong liefert die <\/span><b>klassischer Geschmack von kohlens\u00e4urehaltiger Cola<\/b><span style=\"font-weight: 400;\">, Sie kombiniert s\u00fc\u00dfe und w\u00fcrzige Noten mit einem subtilen prickelnden Gef\u00fchl f\u00fcr ein einzigartiges und erfrischendes Nikotinerlebnis. Perfekt f\u00fcr Benutzer, die einen spielerischen und doch starken Geschmack suchen, enth\u00e4lt jeder schlanke, ganz wei\u00dfe Beutel <\/span><b>10 mg Nikotin<\/b><span style=\"font-weight: 400;\">, und sorgt f\u00fcr eine befriedigende und gleichm\u00e4\u00dfige Entspannung.<\/span><\/p>\n<p><span style=\"font-weight: 400;\">Das schlanke Format sorgt f\u00fcr einen diskreten und bequemen Sitz unter der Lippe und erm\u00f6glicht einen sauberen und fleckenfreien Gebrauch jederzeit und \u00fcberall. XQS Fizzy Cola Strong ist v\u00f6llig tabakfrei und wird aus hochwertigen pflanzlichen Fasern hergestellt. Sie bietet eine moderne Nikotin-Alternative mit einem nostalgischen und angenehmen Cola-Geschmack. Ideal f\u00fcr Nutzer, die einen kr\u00e4ftigen Kick gepaart mit einem vertrauten und lustigen Geschmack genie\u00dfen.<\/span><\/p>\n<table>\n<tbody>\n<tr>\n<td><b>Attribut<\/b><\/td>\n<td><b>Einzelheiten<\/b><\/td>\n<\/tr>\n<tr>\n<td><b>Marke<\/b><\/td>\n<td><span style=\"font-weight: 400;\">XQS<\/span><\/td>\n<\/tr>\n<tr>\n<td><b>Produkttyp<\/b><\/td>\n<td><span style=\"font-weight: 400;\">Alle wei\u00dfen Nikotinbeutel<\/span><\/td>\n<\/tr>\n<tr>\n<td><b>Format<\/b><\/td>\n<td><span style=\"font-weight: 400;\">Schlank<\/span><\/td>\n<\/tr>\n<tr>\n<td><b>Geschmack<\/b><\/td>\n<td><span style=\"font-weight: 400;\">Cola mit Kohlens\u00e4ure<\/span><\/td>\n<\/tr>\n<tr>\n<td><b>Nikotinst\u00e4rke<\/b><\/td>\n<td><span style=\"font-weight: 400;\">10 mg pro Beutel (13 mg\/g)<\/span><\/td>\n<\/tr>\n<tr>\n<td><b>Portion Gewicht<\/b><\/td>\n<td><span style=\"font-weight: 400;\">0,75 Gramm<\/span><\/td>\n<\/tr>\n<tr>\n<td><b>Anzahl der Portionen<\/b><\/td>\n<td><span style=\"font-weight: 400;\">20 pro Dose<\/span><\/td>\n<\/tr>\n<tr>\n<td><b>Gesamtgewicht der Dose<\/b><\/td>\n<td><span style=\"font-weight: 400;\">15 Gramm<\/span><\/td>\n<\/tr>\n<tr>\n<td><b>Hersteller<\/b><\/td>\n<td><span style=\"font-weight: 400;\">XQS International<\/span><\/td>\n<\/tr>\n<tr>\n<td><b>Bemerkenswerte Merkmale<\/b><\/td>\n<td><span style=\"font-weight: 400;\">Tabakfrei, schlankes Format, s\u00fc\u00dfer und w\u00fcrziger Cola-Geschmack<\/span><\/td>\n<\/tr>\n<\/tbody>\n<\/table>","protected":false},"excerpt":{"rendered":"<p>XQS <strong data-start=\"4\" data-end=\"18\">Cola mit Kohlens\u00e4ure<\/strong> <strong data-start=\"19\" data-end=\"29\">Stark<\/strong> liefert klassische Cola mit s\u00fc\u00dfen, spritzigen Noten und einem subtilen Prickeln f\u00fcr einen erfrischenden Kick. Die <strong data-start=\"131\" data-end=\"139\">schlank<\/strong>, Die ganz in Wei\u00df gehaltenen Beutel sind diskret und bequem. Jeder Beutel enth\u00e4lt <strong data-start=\"209\" data-end=\"227\">10 mg Nikotin<\/strong> f\u00fcr eine gleichm\u00e4\u00dfige, befriedigende Entspannung.<\/p>","protected":false},"featured_media":8355,"comment_status":"open","ping_status":"closed","template":"","format":[206],"meta":{"_acf_changed":false},"product_brand":[],"product_cat":[27],"product_tag":[16587],"flavours":[193],"nicotine":[210,232],"class_list":{"0":"post-8354","1":"product","2":"type-product","3":"status-publish","4":"has-post-thumbnail","6":"product_cat-xqs","7":"product_tag-10-mg-pouch","8":"pa_quantity-1-pack","9":"pa_quantity-10-pack","10":"pa_quantity-3-pack","11":"pa_quantity-30-pack","12":"pa_quantity-5-pack","13":"pa_quantity-60-pack","14":"flavours-cola","15":"format-slim","16":"nicotine-13-mg-g","17":"nicotine-extra-strong","19":"first","20":"outofstock","21":"taxable","22":"shipping-taxable","23":"purchasable","24":"product-type-variable"},"acf":[],"_links":{"self":[{"href":"https:\/\/whitelip.com\/de\/wp-json\/wp\/v2\/product\/8354","targetHints":{"allow":["GET"]}}],"collection":[{"href":"https:\/\/whitelip.com\/de\/wp-json\/wp\/v2\/product"}],"about":[{"href":"https:\/\/whitelip.com\/de\/wp-json\/wp\/v2\/types\/product"}],"replies":[{"embeddable":true,"href":"https:\/\/whitelip.com\/de\/wp-json\/wp\/v2\/comments?post=8354"}],"wp:featuredmedia":[{"embeddable":true,"href":"https:\/\/whitelip.com\/de\/wp-json\/wp\/v2\/media\/8355"}],"wp:attachment":[{"href":"https:\/\/whitelip.com\/de\/wp-json\/wp\/v2\/media?parent=8354"}],"wp:term":[{"taxonomy":"product_brand","embeddable":true,"href":"https:\/\/whitelip.com\/de\/wp-json\/wp\/v2\/product_brand?post=8354"},{"taxonomy":"product_cat","embeddable":true,"href":"https:\/\/whitelip.com\/de\/wp-json\/wp\/v2\/product_cat?post=8354"},{"taxonomy":"product_tag","embeddable":true,"href":"https:\/\/whitelip.com\/de\/wp-json\/wp\/v2\/product_tag?post=8354"},{"taxonomy":"flavours","embeddable":true,"href":"https:\/\/whitelip.com\/de\/wp-json\/wp\/v2\/flavours?post=8354"},{"taxonomy":"format","embeddable":true,"href":"https:\/\/whitelip.com\/de\/wp-json\/wp\/v2\/format?post=8354"},{"taxonomy":"nicotine","embeddable":true,"href":"https:\/\/whitelip.com\/de\/wp-json\/wp\/v2\/nicotine?post=8354"}],"curies":[{"name":"wp","href":"https:\/\/api.w.org\/{rel}","templated":true}]}}