{"id":8350,"date":"2024-12-20T19:39:09","date_gmt":"2024-12-20T19:39:09","guid":{"rendered":"https:\/\/whitelip.com\/xqs-tropical-light\/"},"modified":"2026-04-28T20:54:02","modified_gmt":"2026-04-28T20:54:02","slug":"xqs-tropical-light","status":"publish","type":"product","link":"https:\/\/whitelip.com\/de\/xqs\/xqs-tropical-light\/","title":{"rendered":"XQS Tropisches Licht"},"content":{"rendered":"<h2><b>XQS Tropisches Licht<\/b><\/h2>\n<p><span style=\"font-weight: 400;\">XQS Tropical Light bietet einen <\/span><b>lebendigen und erfrischenden tropischen Fruchtgeschmack<\/b><span style=\"font-weight: 400;\">, das saftige Ananas, s\u00fc\u00dfe Mango und subtile Zitrus verbindet f\u00fcr ein sanftes und angenehmes Erlebnis. Perfekt f\u00fcr Benutzer, die eine milde Nikotinoption suchen, enth\u00e4lt jeder schlanke, vollst\u00e4ndig wei\u00dfe Beutel <\/span><b>4 mg Nikotin<\/b><span style=\"font-weight: 400;\">und liefert eine sanfte und gleichm\u00e4\u00dfige Freisetzung, ideal f\u00fcr den t\u00e4glichen Gebrauch.<\/span><\/p>\n<p><span style=\"font-weight: 400;\">Das schlanke Format gew\u00e4hrleistet eine diskrete und bequeme Passform unter der Lippe und bietet ein sauberes und fleckenfreies Erlebnis. XQS Tropical Light ist tabakfrei und wird aus hochwertigen pflanzlichen Materialien hergestellt und ist eine moderne Nikotinalternative mit exotischem Geschmacksprofil. Dieser Beutel ist die perfekte Wahl f\u00fcr Benutzer, die ein leichtes und fruchtiges Nikotinerlebnis genie\u00dfen m\u00f6chten.<\/span><\/p>\n<table>\n<tbody>\n<tr>\n<td><b>Attribut<\/b><\/td>\n<td><b>Einzelheiten<\/b><\/td>\n<\/tr>\n<tr>\n<td><b>Marke<\/b><\/td>\n<td><span style=\"font-weight: 400;\">XQS<\/span><\/td>\n<\/tr>\n<tr>\n<td><b>Produkttyp<\/b><\/td>\n<td><span style=\"font-weight: 400;\">Alle wei\u00dfen Nikotinbeutel<\/span><\/td>\n<\/tr>\n<tr>\n<td><b>Format<\/b><\/td>\n<td><span style=\"font-weight: 400;\">Schlank<\/span><\/td>\n<\/tr>\n<tr>\n<td><b>Geschmack<\/b><\/td>\n<td><span style=\"font-weight: 400;\">Tropische Fr\u00fcchte<\/span><\/td>\n<\/tr>\n<tr>\n<td><b>Nikotinst\u00e4rke<\/b><\/td>\n<td><span style=\"font-weight: 400;\">4 mg pro Beutel (5 mg\/g)<\/span><\/td>\n<\/tr>\n<tr>\n<td><b>Portion Gewicht<\/b><\/td>\n<td><span style=\"font-weight: 400;\">0,75 Gramm<\/span><\/td>\n<\/tr>\n<tr>\n<td><b>Anzahl der Portionen<\/b><\/td>\n<td><span style=\"font-weight: 400;\">20 pro Dose<\/span><\/td>\n<\/tr>\n<tr>\n<td><b>Gesamtgewicht der Dose<\/b><\/td>\n<td><span style=\"font-weight: 400;\">15 Gramm<\/span><\/td>\n<\/tr>\n<tr>\n<td><b>Hersteller<\/b><\/td>\n<td><span style=\"font-weight: 400;\">XQS International<\/span><\/td>\n<\/tr>\n<tr>\n<td><b>Bemerkenswerte Merkmale<\/b><\/td>\n<td><span style=\"font-weight: 400;\">Tabakfrei, schlankes Format, leichter tropischer Fruchtgeschmack<\/span><\/td>\n<\/tr>\n<\/tbody>\n<\/table>","protected":false},"excerpt":{"rendered":"<p>XQS <strong data-start=\"4\" data-end=\"16\">Tropisch<\/strong> <strong data-start=\"17\" data-end=\"26\">Licht<\/strong> verbindet saftige Ananas, s\u00fc\u00dfe Mango und subtile Zitrus f\u00fcr ein sanftes, erfrischendes Profil. Der <strong data-start=\"120\" data-end=\"128\">schlank<\/strong>, Die ganz in Wei\u00df gehaltenen Beutel sind diskret und bequem. Jeder Beutel enth\u00e4lt <strong data-start=\"198\" data-end=\"215\">4 mg Nikotin<\/strong> f\u00fcr eine sanfte, gleichm\u00e4\u00dfige Freisetzung, die f\u00fcr den t\u00e4glichen Gebrauch geeignet ist.<\/p>","protected":false},"featured_media":63923,"comment_status":"open","ping_status":"closed","template":"","format":[206],"meta":{"_acf_changed":false},"product_brand":[],"product_cat":[27],"product_tag":[16585],"flavours":[196],"nicotine":[230,236],"class_list":{"0":"post-8350","1":"product","2":"type-product","3":"status-publish","4":"has-post-thumbnail","6":"product_cat-xqs","7":"product_tag-4-mg-pouch","8":"pa_quantity-1-pack","9":"pa_quantity-10-pack","10":"pa_quantity-3-pack","11":"pa_quantity-30-pack","12":"pa_quantity-5-pack","13":"pa_quantity-60-pack","14":"flavours-fruits-berries","15":"format-slim","16":"nicotine-8-mg-g","17":"nicotine-strong","19":"first","20":"instock","21":"taxable","22":"shipping-taxable","23":"purchasable","24":"product-type-variable"},"acf":[],"_links":{"self":[{"href":"https:\/\/whitelip.com\/de\/wp-json\/wp\/v2\/product\/8350","targetHints":{"allow":["GET"]}}],"collection":[{"href":"https:\/\/whitelip.com\/de\/wp-json\/wp\/v2\/product"}],"about":[{"href":"https:\/\/whitelip.com\/de\/wp-json\/wp\/v2\/types\/product"}],"replies":[{"embeddable":true,"href":"https:\/\/whitelip.com\/de\/wp-json\/wp\/v2\/comments?post=8350"}],"wp:featuredmedia":[{"embeddable":true,"href":"https:\/\/whitelip.com\/de\/wp-json\/wp\/v2\/media\/63923"}],"wp:attachment":[{"href":"https:\/\/whitelip.com\/de\/wp-json\/wp\/v2\/media?parent=8350"}],"wp:term":[{"taxonomy":"product_brand","embeddable":true,"href":"https:\/\/whitelip.com\/de\/wp-json\/wp\/v2\/product_brand?post=8350"},{"taxonomy":"product_cat","embeddable":true,"href":"https:\/\/whitelip.com\/de\/wp-json\/wp\/v2\/product_cat?post=8350"},{"taxonomy":"product_tag","embeddable":true,"href":"https:\/\/whitelip.com\/de\/wp-json\/wp\/v2\/product_tag?post=8350"},{"taxonomy":"flavours","embeddable":true,"href":"https:\/\/whitelip.com\/de\/wp-json\/wp\/v2\/flavours?post=8350"},{"taxonomy":"format","embeddable":true,"href":"https:\/\/whitelip.com\/de\/wp-json\/wp\/v2\/format?post=8350"},{"taxonomy":"nicotine","embeddable":true,"href":"https:\/\/whitelip.com\/de\/wp-json\/wp\/v2\/nicotine?post=8350"}],"curies":[{"name":"wp","href":"https:\/\/api.w.org\/{rel}","templated":true}]}}