{"id":8346,"date":"2024-12-20T19:39:25","date_gmt":"2024-12-20T19:39:25","guid":{"rendered":"https:\/\/whitelip.com\/xqs-blueberry-mint-strong\/"},"modified":"2026-04-26T10:10:49","modified_gmt":"2026-04-26T10:10:49","slug":"xqs-blueberry-mint-strong","status":"publish","type":"product","link":"https:\/\/whitelip.com\/de\/xqs\/xqs-blueberry-mint-strong\/","title":{"rendered":"XQS Blaubeere-Minze Stark"},"content":{"rendered":"<h2><b>XQS Blaubeere-Minze Stark<\/b><\/h2>\n<p><span style=\"font-weight: 400;\">XQS Blueberry Mint Strong liefert eine k\u00f6stliche Mischung aus <\/span><b>s\u00fc\u00dfer Heidelbeergeschmack<\/b><span style=\"font-weight: 400;\"> und ein knackiges <\/span><b>minzige Frische<\/b><span style=\"font-weight: 400;\">, und schafft so ein ausgewogenes und belebendes Nikotinerlebnis. Perfekt f\u00fcr Benutzer, die fruchtige Noten mit einer erfrischenden Kante genie\u00dfen, enth\u00e4lt jeder schlanke, ganz wei\u00dfe Beutel <\/span><b>10 mg Nikotin<\/b><span style=\"font-weight: 400;\">, und bietet eine starke und konsistente Freisetzung, ideal f\u00fcr den t\u00e4glichen Gebrauch.<\/span><\/p>\n<p><span style=\"font-weight: 400;\">Das schlanke Format sorgt f\u00fcr einen bequemen und diskreten Sitz unter der Lippe und bietet eine saubere, tabakfreie Option, ohne die Z\u00e4hne zu verf\u00e4rben. Hergestellt aus hochwertigen pflanzlichen Fasern, kombiniert XQS Blueberry Mint Strong eine sanfte S\u00fc\u00dfe mit einem k\u00fchlenden Abgang und ist damit die erste Wahl f\u00fcr Nutzer, die eine zuverl\u00e4ssige St\u00e4rke gepaart mit einem angenehmen Geschmack suchen.<\/span><\/p>\n<table>\n<tbody>\n<tr>\n<td><b>Attribut<\/b><\/td>\n<td><b>Einzelheiten<\/b><\/td>\n<\/tr>\n<tr>\n<td><b>Marke<\/b><\/td>\n<td><span style=\"font-weight: 400;\">XQS<\/span><\/td>\n<\/tr>\n<tr>\n<td><b>Produkttyp<\/b><\/td>\n<td><span style=\"font-weight: 400;\">Alle wei\u00dfen Nikotinbeutel<\/span><\/td>\n<\/tr>\n<tr>\n<td><b>Format<\/b><\/td>\n<td><span style=\"font-weight: 400;\">Schlank<\/span><\/td>\n<\/tr>\n<tr>\n<td><b>Geschmack<\/b><\/td>\n<td><span style=\"font-weight: 400;\">Heidelbeere und Minze<\/span><\/td>\n<\/tr>\n<tr>\n<td><b>Nikotinst\u00e4rke<\/b><\/td>\n<td><span style=\"font-weight: 400;\">10 mg pro Beutel (13 mg\/g)<\/span><\/td>\n<\/tr>\n<tr>\n<td><b>Portion Gewicht<\/b><\/td>\n<td><span style=\"font-weight: 400;\">0,75 Gramm<\/span><\/td>\n<\/tr>\n<tr>\n<td><b>Anzahl der Portionen<\/b><\/td>\n<td><span style=\"font-weight: 400;\">20 pro Dose<\/span><\/td>\n<\/tr>\n<tr>\n<td><b>Gesamtgewicht der Dose<\/b><\/td>\n<td><span style=\"font-weight: 400;\">15 Gramm<\/span><\/td>\n<\/tr>\n<tr>\n<td><b>Hersteller<\/b><\/td>\n<td><span style=\"font-weight: 400;\">XQS International<\/span><\/td>\n<\/tr>\n<tr>\n<td><b>Bemerkenswerte Merkmale<\/b><\/td>\n<td><span style=\"font-weight: 400;\">Tabakfrei, schlankes Format, s\u00fc\u00dfer Blaubeer-Geschmack mit erfrischendem Minzhauch<\/span><\/td>\n<\/tr>\n<\/tbody>\n<\/table>","protected":false},"excerpt":{"rendered":"<p><span style=\"font-weight: 400;\">XQS Blueberry Mint Strong liefert eine k\u00f6stliche Mischung aus <\/span><b>s\u00fc\u00dfer Heidelbeergeschmack<\/b><span style=\"font-weight: 400;\"> und ein knackiges <\/span><b>minzige Frische<\/b><span style=\"font-weight: 400;\">, und schafft so ein ausgewogenes und belebendes Nikotinerlebnis. Perfekt f\u00fcr Benutzer, die fruchtige Noten mit einer erfrischenden Kante genie\u00dfen, jedes <strong>schlank<\/strong>, Der komplett wei\u00dfe Beutel enth\u00e4lt <\/span><b>10 mg Nikotin<\/b><span style=\"font-weight: 400;\">, und bietet eine starke und konsistente Freisetzung, ideal f\u00fcr den t\u00e4glichen Gebrauch.<\/span><\/p>","protected":false},"featured_media":63916,"comment_status":"open","ping_status":"closed","template":"","format":[206],"meta":{"_acf_changed":false},"product_brand":[],"product_cat":[27],"product_tag":[16587],"flavours":[196,199],"nicotine":[210,232],"class_list":{"0":"post-8346","1":"product","2":"type-product","3":"status-publish","4":"has-post-thumbnail","6":"product_cat-xqs","7":"product_tag-10-mg-pouch","8":"pa_quantity-1-pack","9":"pa_quantity-10-pack","10":"pa_quantity-3-pack","11":"pa_quantity-30-pack","12":"pa_quantity-5-pack","13":"pa_quantity-60-pack","14":"flavours-fruits-berries","15":"flavours-mint","16":"format-slim","17":"nicotine-13-mg-g","18":"nicotine-extra-strong","20":"first","21":"instock","22":"taxable","23":"shipping-taxable","24":"purchasable","25":"product-type-variable"},"acf":[],"_links":{"self":[{"href":"https:\/\/whitelip.com\/de\/wp-json\/wp\/v2\/product\/8346","targetHints":{"allow":["GET"]}}],"collection":[{"href":"https:\/\/whitelip.com\/de\/wp-json\/wp\/v2\/product"}],"about":[{"href":"https:\/\/whitelip.com\/de\/wp-json\/wp\/v2\/types\/product"}],"replies":[{"embeddable":true,"href":"https:\/\/whitelip.com\/de\/wp-json\/wp\/v2\/comments?post=8346"}],"wp:featuredmedia":[{"embeddable":true,"href":"https:\/\/whitelip.com\/de\/wp-json\/wp\/v2\/media\/63916"}],"wp:attachment":[{"href":"https:\/\/whitelip.com\/de\/wp-json\/wp\/v2\/media?parent=8346"}],"wp:term":[{"taxonomy":"product_brand","embeddable":true,"href":"https:\/\/whitelip.com\/de\/wp-json\/wp\/v2\/product_brand?post=8346"},{"taxonomy":"product_cat","embeddable":true,"href":"https:\/\/whitelip.com\/de\/wp-json\/wp\/v2\/product_cat?post=8346"},{"taxonomy":"product_tag","embeddable":true,"href":"https:\/\/whitelip.com\/de\/wp-json\/wp\/v2\/product_tag?post=8346"},{"taxonomy":"flavours","embeddable":true,"href":"https:\/\/whitelip.com\/de\/wp-json\/wp\/v2\/flavours?post=8346"},{"taxonomy":"format","embeddable":true,"href":"https:\/\/whitelip.com\/de\/wp-json\/wp\/v2\/format?post=8346"},{"taxonomy":"nicotine","embeddable":true,"href":"https:\/\/whitelip.com\/de\/wp-json\/wp\/v2\/nicotine?post=8346"}],"curies":[{"name":"wp","href":"https:\/\/api.w.org\/{rel}","templated":true}]}}