{"id":8335,"date":"2024-12-20T19:39:05","date_gmt":"2024-12-20T19:39:05","guid":{"rendered":"https:\/\/whitelip.com\/velo-tropical-mango\/"},"modified":"2026-04-15T16:12:04","modified_gmt":"2026-04-15T16:12:04","slug":"velo-tropical-mango","status":"publish","type":"product","link":"https:\/\/whitelip.com\/de\/velo\/velo-tropical-mango\/","title":{"rendered":"VELO Tropische Mango"},"content":{"rendered":"<h2><strong>VELO Tropische Mango<\/strong><\/h2>\n<p><span style=\"font-weight: 400;\">VELO Tropical Mango ist eine tropische Mischung aus Mango-, Mandarinen- und Passionsfruchtgeschmack und bietet einen ausgewogenen s\u00fc\u00df-sauren Geschmack, der an exotische Fr\u00fcchte erinnert. Diese schlanken, komplett wei\u00dfen Nikotinbeutel sind f\u00fcr einen diskreten und bequemen Sitz konzipiert und gew\u00e4hrleisten eine gleichm\u00e4\u00dfige Freisetzung von Geschmack und Nikotin. Dieses tabakfreie Produkt ist ideal f\u00fcr alle, die ein erfrischendes und fruchtiges Nikotinerlebnis suchen.<\/span><\/p>\n<table>\n<tbody>\n<tr>\n<td><b>Attribut<\/b><\/td>\n<td><b>Einzelheiten<\/b><\/td>\n<\/tr>\n<tr>\n<td><span style=\"font-weight: 400;\">Marke<\/span><\/td>\n<td><span style=\"font-weight: 400;\">VELO<\/span><\/td>\n<\/tr>\n<tr>\n<td><span style=\"font-weight: 400;\">Produkttyp<\/span><\/td>\n<td><span style=\"font-weight: 400;\">Alle wei\u00dfen Nikotinbeutel<\/span><\/td>\n<\/tr>\n<tr>\n<td><span style=\"font-weight: 400;\">Format<\/span><\/td>\n<td><span style=\"font-weight: 400;\">Schlank<\/span><\/td>\n<\/tr>\n<tr>\n<td><span style=\"font-weight: 400;\">Geschmack<\/span><\/td>\n<td><span style=\"font-weight: 400;\">Mango, Mandarine, Maracuja<\/span><\/td>\n<\/tr>\n<tr>\n<td><span style=\"font-weight: 400;\">Nikotinst\u00e4rke<\/span><\/td>\n<td><span style=\"font-weight: 400;\">Erh\u00e4ltlich in 8,6 mg\/g (6 mg pro Beutel) und 20 mg\/g (14 mg pro Beutel)<\/span><\/td>\n<\/tr>\n<tr>\n<td><span style=\"font-weight: 400;\">Portion Gewicht<\/span><\/td>\n<td><span style=\"font-weight: 400;\">0,7 Gramm<\/span><\/td>\n<\/tr>\n<tr>\n<td><span style=\"font-weight: 400;\">Anzahl der Portionen<\/span><\/td>\n<td><span style=\"font-weight: 400;\">20 pro Dose<\/span><\/td>\n<\/tr>\n<tr>\n<td><span style=\"font-weight: 400;\">Gesamtgewicht der Dose<\/span><\/td>\n<td><span style=\"font-weight: 400;\">14 Gramm<\/span><\/td>\n<\/tr>\n<tr>\n<td><span style=\"font-weight: 400;\">Hersteller<\/span><\/td>\n<td><span style=\"font-weight: 400;\">BAT<\/span><\/td>\n<\/tr>\n<tr>\n<td><span style=\"font-weight: 400;\">Bemerkenswerte Merkmale<\/span><\/td>\n<td><span style=\"font-weight: 400;\">Tabakfrei, diskrete Slim-Portionen, schneller Geschmacksentfaltung<\/span><\/td>\n<\/tr>\n<\/tbody>\n<\/table>","protected":false},"excerpt":{"rendered":"<p>VELO Tropical Mango Nikotin-Beutel liefern einen erfrischenden <strong data-start=\"58\" data-end=\"76\">Tropische Mango<\/strong> Mischung aus Mango, Mandarine und Passionsfrucht mit einem ausgewogenen s\u00fc\u00df-sauren Profil. <strong data-start=\"156\" data-end=\"164\">Schlank<\/strong>, Das komplett wei\u00dfe Format sorgt f\u00fcr eine diskrete, bequeme Anwendung mit gleichm\u00e4\u00dfiger Ausl\u00f6sung.<\/p>","protected":false},"featured_media":8336,"comment_status":"open","ping_status":"closed","template":"","format":[206],"meta":{"_acf_changed":false},"product_brand":[],"product_cat":[48],"product_tag":[16559],"flavours":[196],"nicotine":[230,236],"class_list":{"0":"post-8335","1":"product","2":"type-product","3":"status-publish","4":"has-post-thumbnail","6":"product_cat-velo","7":"product_tag-6-mg-pouch","8":"pa_quantity-1-pack","9":"pa_quantity-10-pack","10":"pa_quantity-3-pack","11":"pa_quantity-30-pack","12":"pa_quantity-5-pack","13":"pa_quantity-60-pack","14":"flavours-fruits-berries","15":"format-slim","16":"nicotine-8-mg-g","17":"nicotine-strong","19":"first","20":"instock","21":"taxable","22":"shipping-taxable","23":"purchasable","24":"product-type-variable"},"acf":[],"_links":{"self":[{"href":"https:\/\/whitelip.com\/de\/wp-json\/wp\/v2\/product\/8335","targetHints":{"allow":["GET"]}}],"collection":[{"href":"https:\/\/whitelip.com\/de\/wp-json\/wp\/v2\/product"}],"about":[{"href":"https:\/\/whitelip.com\/de\/wp-json\/wp\/v2\/types\/product"}],"replies":[{"embeddable":true,"href":"https:\/\/whitelip.com\/de\/wp-json\/wp\/v2\/comments?post=8335"}],"wp:featuredmedia":[{"embeddable":true,"href":"https:\/\/whitelip.com\/de\/wp-json\/wp\/v2\/media\/8336"}],"wp:attachment":[{"href":"https:\/\/whitelip.com\/de\/wp-json\/wp\/v2\/media?parent=8335"}],"wp:term":[{"taxonomy":"product_brand","embeddable":true,"href":"https:\/\/whitelip.com\/de\/wp-json\/wp\/v2\/product_brand?post=8335"},{"taxonomy":"product_cat","embeddable":true,"href":"https:\/\/whitelip.com\/de\/wp-json\/wp\/v2\/product_cat?post=8335"},{"taxonomy":"product_tag","embeddable":true,"href":"https:\/\/whitelip.com\/de\/wp-json\/wp\/v2\/product_tag?post=8335"},{"taxonomy":"flavours","embeddable":true,"href":"https:\/\/whitelip.com\/de\/wp-json\/wp\/v2\/flavours?post=8335"},{"taxonomy":"format","embeddable":true,"href":"https:\/\/whitelip.com\/de\/wp-json\/wp\/v2\/format?post=8335"},{"taxonomy":"nicotine","embeddable":true,"href":"https:\/\/whitelip.com\/de\/wp-json\/wp\/v2\/nicotine?post=8335"}],"curies":[{"name":"wp","href":"https:\/\/api.w.org\/{rel}","templated":true}]}}