{"id":8315,"date":"2024-11-28T12:42:20","date_gmt":"2024-11-28T12:42:20","guid":{"rendered":"https:\/\/whitelip.com\/77-strawberry-medium\/"},"modified":"2026-04-29T16:15:04","modified_gmt":"2026-04-29T16:15:04","slug":"77-strawberry-medium","status":"publish","type":"product","link":"https:\/\/whitelip.com\/de\/77\/77-strawberry-medium\/","title":{"rendered":"77 Erdbeere Medium"},"content":{"rendered":"<h2><strong>77 Erdbeere Medium<\/strong><\/h2>\n<p><span style=\"font-weight: 400;\">77 Strawberry Medium Nikotinbeutel liefern den vertrauten und klassischen Geschmack von frischen, saftigen Erdbeeren und wecken Erinnerungen an den Sommer. Jeder schlanke, ganz wei\u00dfe Beutel enth\u00e4lt 10 mg Nikotin und bietet ein starkes Gef\u00fchl, das f\u00fcr erfahrene Raucher geeignet ist. Das diskrete Design sorgt f\u00fcr einen bequemen Sitz unter der Lippe, so dass sie jederzeit verwendet werden k\u00f6nnen, ohne die Z\u00e4hne zu verf\u00e4rben. Diese von der 77 Group hergestellten tabakfreien Beutel stehen f\u00fcr hohe Qualit\u00e4tsstandards und innovative Geschmackskombinationen.<\/span><\/p>\n<table>\n<tbody>\n<tr>\n<td><b>Attribut<\/b><\/td>\n<td><b>Einzelheiten<\/b><\/td>\n<\/tr>\n<tr>\n<td><b>Inhalt pro Dose<\/b><\/td>\n<td><span style=\"font-weight: 400;\">13g (20 Beutel)<\/span><\/td>\n<\/tr>\n<tr>\n<td><b>Nikotingehalt<\/b><\/td>\n<td><span style=\"font-weight: 400;\">16 mg\/g (10 mg pro Beutel)<\/span><\/td>\n<\/tr>\n<tr>\n<td><b>Format des Beutels<\/b><\/td>\n<td><span style=\"font-weight: 400;\">Schlank<\/span><\/td>\n<\/tr>\n<tr>\n<td><b>Produzent<\/b><\/td>\n<td><span style=\"font-weight: 400;\">77 Gruppe<\/span><\/td>\n<\/tr>\n<tr>\n<td><b>Geschmack<\/b><\/td>\n<td><span style=\"font-weight: 400;\">Strawberry<\/span><\/td>\n<\/tr>\n<tr>\n<td><b>Typ<\/b><\/td>\n<td><span style=\"font-weight: 400;\">Ganz wei\u00dfe Tasche<\/span><\/td>\n<\/tr>\n<\/tbody>\n<\/table>","protected":false},"excerpt":{"rendered":"<p>Klassisch, saftig <strong data-start=\"15\" data-end=\"29\">Erdbeere<\/strong> f\u00fcr einen vertrauten, sommerlichen Geschmack. Die <strong data-start=\"65\" data-end=\"84\">schlank, <\/strong>Die komplett wei\u00dfen Beutel sitzen diskret und bequem unter der Lippe und k\u00f6nnen jederzeit sauber verwendet werden. Jeder Beutel enth\u00e4lt <strong data-start=\"182\" data-end=\"200\">10 mg Nikotin<\/strong>, Die 77er Gruppe bietet ein stabiles, mittelstarkes Erlebnis.<\/p>","protected":false},"featured_media":8316,"comment_status":"open","ping_status":"closed","template":"","format":[206],"meta":{"_acf_changed":false},"product_brand":[],"product_cat":[23],"product_tag":[16543],"flavours":[196],"nicotine":[213,232],"class_list":{"0":"post-8315","1":"product","2":"type-product","3":"status-publish","4":"has-post-thumbnail","6":"product_cat-23","7":"product_tag-10-4-mg-pouch","8":"pa_quantity-1-pack","9":"pa_quantity-10-pack","10":"pa_quantity-3-pack","11":"pa_quantity-30-pack","12":"pa_quantity-5-pack","13":"pa_quantity-60-pack","14":"flavours-fruits-berries","15":"format-slim","16":"nicotine-16-mg-g","17":"nicotine-extra-strong","19":"first","20":"instock","21":"taxable","22":"shipping-taxable","23":"purchasable","24":"product-type-variable"},"acf":[],"_links":{"self":[{"href":"https:\/\/whitelip.com\/de\/wp-json\/wp\/v2\/product\/8315","targetHints":{"allow":["GET"]}}],"collection":[{"href":"https:\/\/whitelip.com\/de\/wp-json\/wp\/v2\/product"}],"about":[{"href":"https:\/\/whitelip.com\/de\/wp-json\/wp\/v2\/types\/product"}],"replies":[{"embeddable":true,"href":"https:\/\/whitelip.com\/de\/wp-json\/wp\/v2\/comments?post=8315"}],"wp:featuredmedia":[{"embeddable":true,"href":"https:\/\/whitelip.com\/de\/wp-json\/wp\/v2\/media\/8316"}],"wp:attachment":[{"href":"https:\/\/whitelip.com\/de\/wp-json\/wp\/v2\/media?parent=8315"}],"wp:term":[{"taxonomy":"product_brand","embeddable":true,"href":"https:\/\/whitelip.com\/de\/wp-json\/wp\/v2\/product_brand?post=8315"},{"taxonomy":"product_cat","embeddable":true,"href":"https:\/\/whitelip.com\/de\/wp-json\/wp\/v2\/product_cat?post=8315"},{"taxonomy":"product_tag","embeddable":true,"href":"https:\/\/whitelip.com\/de\/wp-json\/wp\/v2\/product_tag?post=8315"},{"taxonomy":"flavours","embeddable":true,"href":"https:\/\/whitelip.com\/de\/wp-json\/wp\/v2\/flavours?post=8315"},{"taxonomy":"format","embeddable":true,"href":"https:\/\/whitelip.com\/de\/wp-json\/wp\/v2\/format?post=8315"},{"taxonomy":"nicotine","embeddable":true,"href":"https:\/\/whitelip.com\/de\/wp-json\/wp\/v2\/nicotine?post=8315"}],"curies":[{"name":"wp","href":"https:\/\/api.w.org\/{rel}","templated":true}]}}