{"id":8298,"date":"2024-11-28T12:41:58","date_gmt":"2024-11-28T12:41:58","guid":{"rendered":"https:\/\/whitelip.com\/zyn-violet-licorice-6-5mg\/"},"modified":"2026-04-20T10:11:17","modified_gmt":"2026-04-20T10:11:17","slug":"zyn-violet-licorice-65mg-exp-01-06-2026","status":"publish","type":"product","link":"https:\/\/whitelip.com\/de\/zyn\/zyn-violet-licorice-65mg-exp-01-06-2026\/","title":{"rendered":"ZYN Violet Licorice 6,5mg Exp.01\/06\/2026"},"content":{"rendered":"<h2>ZYN Violet Licorice 6,5mg<\/h2>\n<p><span style=\"font-weight: 400;\">ZYN Violet Licorice 6mg bietet ein charakteristisches und geschmackvolles Nikotinerlebnis, das die reichen Geschm\u00e4cker von s\u00fc\u00dfem Lakritz, floralem Veilchen und einem Hauch salzigem Salmiak kombiniert. Jeder schlanke, vollst\u00e4ndig wei\u00dfe Beutel enth\u00e4lt 6mg Nikotin und bietet eine ausgewogene und stetige Freisetzung, ideal f\u00fcr diejenigen, die eine moderate Nikotinoption suchen.<\/span><\/p>\n<p><span style=\"font-weight: 400;\">Das schlanke Format gew\u00e4hrleistet eine diskrete und bequeme Passform unter der Lippe und erm\u00f6glicht eine saubere, fleckenfreie Verwendung jederzeit. ZYN Violet Licorice 6mg ist vollst\u00e4ndig aus hochwertigen, pflanzlichen Materialien gefertigt und bietet eine moderne und angenehme Nikotinalternative mit einem einzigartigen Geschmacksprofil.<\/span><\/p>\n<table>\n<tbody>\n<tr>\n<td><b>Attribut<\/b><\/td>\n<td><b>Einzelheiten<\/b><\/td>\n<\/tr>\n<tr>\n<td><span style=\"font-weight: 400;\">Marke<\/span><\/td>\n<td><span style=\"font-weight: 400;\">ZYN<\/span><\/td>\n<\/tr>\n<tr>\n<td><span style=\"font-weight: 400;\">Produkttyp<\/span><\/td>\n<td><span style=\"font-weight: 400;\">Alle wei\u00dfen Nikotinbeutel<\/span><\/td>\n<\/tr>\n<tr>\n<td><span style=\"font-weight: 400;\">Format<\/span><\/td>\n<td><span style=\"font-weight: 400;\">Schlank<\/span><\/td>\n<\/tr>\n<tr>\n<td><span style=\"font-weight: 400;\">Geschmack<\/span><\/td>\n<td><span style=\"font-weight: 400;\">Lakritz, Veilchen und Salmiak<\/span><\/td>\n<\/tr>\n<tr>\n<td><span style=\"font-weight: 400;\">Nikotinst\u00e4rke<\/span><\/td>\n<td><span style=\"font-weight: 400;\">6,5 mg pro Beutel<\/span><\/td>\n<\/tr>\n<tr>\n<td><span style=\"font-weight: 400;\">Portion Gewicht<\/span><\/td>\n<td><span style=\"font-weight: 400;\">0,7 Gramm<\/span><\/td>\n<\/tr>\n<tr>\n<td><span style=\"font-weight: 400;\">Anzahl der Portionen<\/span><\/td>\n<td><span style=\"font-weight: 400;\">21 pro Dose<\/span><\/td>\n<\/tr>\n<tr>\n<td><span style=\"font-weight: 400;\">Gesamtgewicht der Dose<\/span><\/td>\n<td><span style=\"font-weight: 400;\">14,7 Gramm<\/span><\/td>\n<\/tr>\n<tr>\n<td><span style=\"font-weight: 400;\">Hersteller<\/span><\/td>\n<td><span style=\"font-weight: 400;\">Schwedisches Streichholz<\/span><\/td>\n<\/tr>\n<tr>\n<td><span style=\"font-weight: 400;\">Bemerkenswerte Merkmale<\/span><\/td>\n<td><span style=\"font-weight: 400;\">Tabakfrei, schlankes Format, einzigartiges Lakritz- und Blumenaroma<\/span><\/td>\n<\/tr>\n<\/tbody>\n<\/table>","protected":false},"excerpt":{"rendered":"<p><strong>Neues Design! W\u00e4hrend der Umstellung k\u00f6nnen beide Designs verkauft werden.<\/strong><\/p>\n<p>ZYN <strong data-start=\"4\" data-end=\"23\">Violettes Lakritz<\/strong> <strong data-start=\"24\" data-end=\"32\">schlank<\/strong> kombiniert s\u00fc\u00dfe Lakritze, blumiges Veilchen und einen Hauch von salzigem Salmiak zu einem unverwechselbaren, weichen Profil. Die komplett wei\u00dfen Beutel sind diskret und bequem. Jeder Beutel enth\u00e4lt <strong data-start=\"208\" data-end=\"227\">6,5mg nicotine<\/strong> f\u00fcr eine ausgewogene, gleichm\u00e4\u00dfige Freisetzung.<\/p>","protected":false},"featured_media":8299,"comment_status":"open","ping_status":"closed","template":"","format":[206],"meta":{"_acf_changed":false},"product_brand":[],"product_cat":[37],"product_tag":[17015,16638],"flavours":[198,202],"nicotine":[231,236],"class_list":{"0":"post-8298","1":"product","2":"type-product","3":"status-publish","4":"has-post-thumbnail","6":"product_cat-zyn","7":"product_tag-50-off","8":"product_tag-6-5-mg-pouch","9":"pa_quantity-1-pack","10":"pa_quantity-10-pack","11":"pa_quantity-3-pack","12":"pa_quantity-30-pack","13":"pa_quantity-5-pack","14":"pa_quantity-60-pack","15":"flavours-licorice","16":"flavours-violet","17":"format-slim","18":"nicotine-9-mg-g","19":"nicotine-strong","21":"first","22":"instock","23":"sale","24":"taxable","25":"shipping-taxable","26":"purchasable","27":"product-type-variable"},"acf":[],"_links":{"self":[{"href":"https:\/\/whitelip.com\/de\/wp-json\/wp\/v2\/product\/8298","targetHints":{"allow":["GET"]}}],"collection":[{"href":"https:\/\/whitelip.com\/de\/wp-json\/wp\/v2\/product"}],"about":[{"href":"https:\/\/whitelip.com\/de\/wp-json\/wp\/v2\/types\/product"}],"replies":[{"embeddable":true,"href":"https:\/\/whitelip.com\/de\/wp-json\/wp\/v2\/comments?post=8298"}],"wp:featuredmedia":[{"embeddable":true,"href":"https:\/\/whitelip.com\/de\/wp-json\/wp\/v2\/media\/8299"}],"wp:attachment":[{"href":"https:\/\/whitelip.com\/de\/wp-json\/wp\/v2\/media?parent=8298"}],"wp:term":[{"taxonomy":"product_brand","embeddable":true,"href":"https:\/\/whitelip.com\/de\/wp-json\/wp\/v2\/product_brand?post=8298"},{"taxonomy":"product_cat","embeddable":true,"href":"https:\/\/whitelip.com\/de\/wp-json\/wp\/v2\/product_cat?post=8298"},{"taxonomy":"product_tag","embeddable":true,"href":"https:\/\/whitelip.com\/de\/wp-json\/wp\/v2\/product_tag?post=8298"},{"taxonomy":"flavours","embeddable":true,"href":"https:\/\/whitelip.com\/de\/wp-json\/wp\/v2\/flavours?post=8298"},{"taxonomy":"format","embeddable":true,"href":"https:\/\/whitelip.com\/de\/wp-json\/wp\/v2\/format?post=8298"},{"taxonomy":"nicotine","embeddable":true,"href":"https:\/\/whitelip.com\/de\/wp-json\/wp\/v2\/nicotine?post=8298"}],"curies":[{"name":"wp","href":"https:\/\/api.w.org\/{rel}","templated":true}]}}