{"id":8296,"date":"2024-12-20T19:39:05","date_gmt":"2024-12-20T19:39:05","guid":{"rendered":"https:\/\/whitelip.com\/velo-sour-lime-mini\/"},"modified":"2026-05-06T12:28:18","modified_gmt":"2026-05-06T12:28:18","slug":"velo-sour-lime-mini","status":"publish","type":"product","link":"https:\/\/whitelip.com\/de\/velo\/velo-sour-lime-mini\/","title":{"rendered":"VELO Saure Limette Mini"},"content":{"rendered":"<h2><strong>VELO Saure Limette Mini<\/strong><\/h2>\n<p><span style=\"font-weight: 400; font-size: 16px;\">VELO Sour Lime Mini liefert einen lebendigen und spritzigen Limettengeschmack, perfekt ausbalanciert mit subtilen Noten von S\u00fc\u00dfe und einem Hauch von exotischen Untert\u00f6nen. Diese ganz wei\u00dfen Mini-Nikotinbeutel sind f\u00fcr den diskreten und bequemen Gebrauch konzipiert und passen nahtlos unter die Lippe, ohne aufzufallen. Die kompakte Gr\u00f6\u00dfe und die geringere Nikotinst\u00e4rke machen sie zu einer ausgezeichneten Wahl f\u00fcr Personen, die ein milderes Nikotinerlebnis suchen, oder f\u00fcr diejenigen, die zum ersten Mal Nikotinbeutel verwenden. Die trockene Oberfl\u00e4che der Beutel sorgt f\u00fcr eine verl\u00e4ngerte Freisetzung von Geschmack und Nikotin und damit f\u00fcr ein lang anhaltendes, befriedigendes Erlebnis. VELO Sour Lime Mini ist tabakfrei und wird aus hochwertigen Pflanzenfasern hergestellt. Sie bietet einen erfrischenden Zitruskick f\u00fcr alle, die ein lebendiges und belebendes Geschmacksprofil sch\u00e4tzen.<\/span><\/p>\n<table>\n<tbody>\n<tr>\n<td><b>Attribut<\/b><\/td>\n<td><b>Einzelheiten<\/b><\/td>\n<\/tr>\n<tr>\n<td><span style=\"font-weight: 400;\">Marke<\/span><\/td>\n<td><span style=\"font-weight: 400;\">VELO<\/span><\/td>\n<\/tr>\n<tr>\n<td><span style=\"font-weight: 400;\">Produkttyp<\/span><\/td>\n<td><span style=\"font-weight: 400;\">Alle wei\u00dfen Nikotinbeutel<\/span><\/td>\n<\/tr>\n<tr>\n<td><span style=\"font-weight: 400;\">Format<\/span><\/td>\n<td><span style=\"font-weight: 400;\">Mini<\/span><\/td>\n<\/tr>\n<tr>\n<td><span style=\"font-weight: 400;\">Geschmack<\/span><\/td>\n<td><span style=\"font-weight: 400;\">Limette mit subtilen s\u00fc\u00dfen und exotischen Noten<\/span><\/td>\n<\/tr>\n<tr>\n<td><span style=\"font-weight: 400;\">Nikotinst\u00e4rke<\/span><\/td>\n<td><span style=\"font-weight: 400;\">8 mg\/g (4 mg pro Beutel)<\/span><\/td>\n<\/tr>\n<tr>\n<td><span style=\"font-weight: 400;\">Portion Gewicht<\/span><\/td>\n<td><span style=\"font-weight: 400;\">0,5 Gramm<\/span><\/td>\n<\/tr>\n<tr>\n<td><span style=\"font-weight: 400;\">Anzahl der Portionen<\/span><\/td>\n<td><span style=\"font-weight: 400;\">20 pro Dose<\/span><\/td>\n<\/tr>\n<tr>\n<td><span style=\"font-weight: 400;\">Gesamtgewicht der Dose<\/span><\/td>\n<td><span style=\"font-weight: 400;\">10 Gramm<\/span><\/td>\n<\/tr>\n<tr>\n<td><span style=\"font-weight: 400;\">Hersteller<\/span><\/td>\n<td><span style=\"font-weight: 400;\">BAT<\/span><\/td>\n<\/tr>\n<tr>\n<td><span style=\"font-weight: 400;\">Bemerkenswerte Merkmale<\/span><\/td>\n<td><span style=\"font-weight: 400;\">Tabakfrei, diskrete Miniportionen, verl\u00e4ngerte Geschmacksfreigabe, geeignet f\u00fcr neue Konsumenten<\/span><\/td>\n<\/tr>\n<\/tbody>\n<\/table>","protected":false},"excerpt":{"rendered":"<p>VELO Sour Lime Mini Nikotinbeutel liefern einen lebendigen, spritzigen <strong data-start=\"62\" data-end=\"75\">Saure Limette<\/strong> Geschmack mit dezenter S\u00fc\u00dfe und exotischen Noten. Mini, <strong data-start=\"129\" data-end=\"137\">schlank<\/strong>, Das komplett wei\u00dfe Format sorgt f\u00fcr eine diskrete, bequeme Anwendung mit einer verl\u00e4ngerten, sauberen Abgabe. Jeder Beutel enth\u00e4lt <strong data-start=\"239\" data-end=\"256\">4 mg Nikotin<\/strong>.<\/p>","protected":false},"featured_media":8297,"comment_status":"open","ping_status":"closed","template":"","format":[205],"meta":{"_acf_changed":false},"product_brand":[],"product_cat":[48],"product_tag":[16585],"flavours":[190],"nicotine":[230,236],"class_list":{"0":"post-8296","1":"product","2":"type-product","3":"status-publish","4":"has-post-thumbnail","6":"product_cat-velo","7":"product_tag-4-mg-pouch","8":"pa_quantity-1-pack","9":"pa_quantity-10-pack","10":"pa_quantity-3-pack","11":"pa_quantity-30-pack","12":"pa_quantity-5-pack","13":"pa_quantity-60-pack","14":"flavours-citrus","15":"format-mini","16":"nicotine-8-mg-g","17":"nicotine-strong","19":"first","20":"instock","21":"taxable","22":"shipping-taxable","23":"purchasable","24":"product-type-variable"},"acf":[],"_links":{"self":[{"href":"https:\/\/whitelip.com\/de\/wp-json\/wp\/v2\/product\/8296","targetHints":{"allow":["GET"]}}],"collection":[{"href":"https:\/\/whitelip.com\/de\/wp-json\/wp\/v2\/product"}],"about":[{"href":"https:\/\/whitelip.com\/de\/wp-json\/wp\/v2\/types\/product"}],"replies":[{"embeddable":true,"href":"https:\/\/whitelip.com\/de\/wp-json\/wp\/v2\/comments?post=8296"}],"wp:featuredmedia":[{"embeddable":true,"href":"https:\/\/whitelip.com\/de\/wp-json\/wp\/v2\/media\/8297"}],"wp:attachment":[{"href":"https:\/\/whitelip.com\/de\/wp-json\/wp\/v2\/media?parent=8296"}],"wp:term":[{"taxonomy":"product_brand","embeddable":true,"href":"https:\/\/whitelip.com\/de\/wp-json\/wp\/v2\/product_brand?post=8296"},{"taxonomy":"product_cat","embeddable":true,"href":"https:\/\/whitelip.com\/de\/wp-json\/wp\/v2\/product_cat?post=8296"},{"taxonomy":"product_tag","embeddable":true,"href":"https:\/\/whitelip.com\/de\/wp-json\/wp\/v2\/product_tag?post=8296"},{"taxonomy":"flavours","embeddable":true,"href":"https:\/\/whitelip.com\/de\/wp-json\/wp\/v2\/flavours?post=8296"},{"taxonomy":"format","embeddable":true,"href":"https:\/\/whitelip.com\/de\/wp-json\/wp\/v2\/format?post=8296"},{"taxonomy":"nicotine","embeddable":true,"href":"https:\/\/whitelip.com\/de\/wp-json\/wp\/v2\/nicotine?post=8296"}],"curies":[{"name":"wp","href":"https:\/\/api.w.org\/{rel}","templated":true}]}}