{"id":8280,"date":"2024-11-28T12:41:10","date_gmt":"2024-11-28T12:41:10","guid":{"rendered":"https:\/\/whitelip.com\/siberia-80-all-white-maxi\/"},"modified":"2026-04-29T16:53:41","modified_gmt":"2026-04-29T16:53:41","slug":"siberia-80-all-white-maxi","status":"publish","type":"product","link":"https:\/\/whitelip.com\/de\/siberia\/siberia-80-all-white-maxi\/","title":{"rendered":"Sibirien -80 All White Maxi"},"content":{"rendered":"<h2><b>Sibirien -80 All White Maxi<\/b><\/h2>\n<p><span style=\"font-weight: 400;\">Siberia -80 All White Maxi Nikotinbeutel bieten ein intensives Nikotinerlebnis gepaart mit einem knackigen und eisigen Minzgeschmack, speziell entwickelt f\u00fcr diejenigen, die maximale St\u00e4rke und gr\u00f6\u00dfere Beutel suchen. Diese tabakfreien Beutel bieten eine kr\u00e4ftige und belebende Freisetzung von Nikotin, w\u00e4hrend sie einen bequemen Sitz unter der Lippe gew\u00e4hrleisten. Siberia -80 All White Maxi ist f\u00fcr erfahrene Raucher gedacht, die einen starken Nikotinkick in Kombination mit erfrischender Minze bevorzugen.<\/span><\/p>\n<table>\n<tbody>\n<tr>\n<td><b>Attribut<\/b><\/td>\n<td><b>Einzelheiten<\/b><\/td>\n<\/tr>\n<tr>\n<td><span style=\"font-weight: 400;\">Inhalt pro Dose<\/span><\/td>\n<td><span style=\"font-weight: 400;\">20g (15 Beutel)<\/span><\/td>\n<\/tr>\n<tr>\n<td><span style=\"font-weight: 400;\">Nikotingehalt<\/span><\/td>\n<td><span style=\"font-weight: 400;\">33 mg\/g (44 mg pro Beutel)<\/span><\/td>\n<\/tr>\n<tr>\n<td><span style=\"font-weight: 400;\">Format der Tasche<\/span><\/td>\n<td><span style=\"font-weight: 400;\">Maxi<\/span><\/td>\n<\/tr>\n<tr>\n<td><span style=\"font-weight: 400;\">Produzent<\/span><\/td>\n<td><span style=\"font-weight: 400;\">SIBERIEN<\/span><\/td>\n<\/tr>\n<tr>\n<td><span style=\"font-weight: 400;\">Geschmack<\/span><\/td>\n<td><span style=\"font-weight: 400;\">Eiskalte Minze<\/span><\/td>\n<\/tr>\n<tr>\n<td><span style=\"font-weight: 400;\">Typ<\/span><\/td>\n<td><span style=\"font-weight: 400;\">Wei\u00dfe Beutel, tabakfrei<\/span><\/td>\n<\/tr>\n<\/tbody>\n<\/table>","protected":false},"excerpt":{"rendered":"<p>Siberia -80 All White Maxi Nikotinbeutel liefern einen intensiven <strong data-start=\"63\" data-end=\"75\">Eiskalte Minze<\/strong> Geschmack mit maximaler St\u00e4rke und gr\u00f6\u00dferem Beutelformat. <strong data-start=\"128\" data-end=\"136\">Schlank<\/strong>, Das tabakfreie Format sorgt f\u00fcr einen bequemen, belebenden Sitz unter der Lippe. Jeder Beutel enth\u00e4lt <strong data-start=\"229\" data-end=\"247\">44 mg Nikotin<\/strong>.<\/p>","protected":false},"featured_media":8281,"comment_status":"open","ping_status":"closed","template":"","format":[204],"meta":{"_acf_changed":false},"product_brand":[],"product_cat":[61],"product_tag":[17000],"flavours":[199],"nicotine":[222,233],"class_list":{"0":"post-8280","1":"product","2":"type-product","3":"status-publish","4":"has-post-thumbnail","6":"product_cat-siberia","7":"product_tag-44-mg-pouch","8":"pa_quantity-1-pack","9":"pa_quantity-10-pack","10":"pa_quantity-3-pack","11":"pa_quantity-30-pack","12":"pa_quantity-5-pack","13":"pa_quantity-60-pack","14":"flavours-mint","15":"format-large","16":"nicotine-33-mg-g","17":"nicotine-extreme","19":"first","20":"instock","21":"taxable","22":"shipping-taxable","23":"purchasable","24":"product-type-variable"},"acf":[],"_links":{"self":[{"href":"https:\/\/whitelip.com\/de\/wp-json\/wp\/v2\/product\/8280","targetHints":{"allow":["GET"]}}],"collection":[{"href":"https:\/\/whitelip.com\/de\/wp-json\/wp\/v2\/product"}],"about":[{"href":"https:\/\/whitelip.com\/de\/wp-json\/wp\/v2\/types\/product"}],"replies":[{"embeddable":true,"href":"https:\/\/whitelip.com\/de\/wp-json\/wp\/v2\/comments?post=8280"}],"wp:featuredmedia":[{"embeddable":true,"href":"https:\/\/whitelip.com\/de\/wp-json\/wp\/v2\/media\/8281"}],"wp:attachment":[{"href":"https:\/\/whitelip.com\/de\/wp-json\/wp\/v2\/media?parent=8280"}],"wp:term":[{"taxonomy":"product_brand","embeddable":true,"href":"https:\/\/whitelip.com\/de\/wp-json\/wp\/v2\/product_brand?post=8280"},{"taxonomy":"product_cat","embeddable":true,"href":"https:\/\/whitelip.com\/de\/wp-json\/wp\/v2\/product_cat?post=8280"},{"taxonomy":"product_tag","embeddable":true,"href":"https:\/\/whitelip.com\/de\/wp-json\/wp\/v2\/product_tag?post=8280"},{"taxonomy":"flavours","embeddable":true,"href":"https:\/\/whitelip.com\/de\/wp-json\/wp\/v2\/flavours?post=8280"},{"taxonomy":"format","embeddable":true,"href":"https:\/\/whitelip.com\/de\/wp-json\/wp\/v2\/format?post=8280"},{"taxonomy":"nicotine","embeddable":true,"href":"https:\/\/whitelip.com\/de\/wp-json\/wp\/v2\/nicotine?post=8280"}],"curies":[{"name":"wp","href":"https:\/\/api.w.org\/{rel}","templated":true}]}}