{"id":8266,"date":"2024-12-20T19:39:11","date_gmt":"2024-12-20T19:39:11","guid":{"rendered":"https:\/\/whitelip.com\/xqs-spearmint-strong\/"},"modified":"2026-04-29T10:11:07","modified_gmt":"2026-04-29T10:11:07","slug":"xqs-wintergreen-strong","status":"publish","type":"product","link":"https:\/\/whitelip.com\/de\/xqs\/xqs-wintergreen-strong\/","title":{"rendered":"XQS Wintergreen Stark"},"content":{"rendered":"<h2>XQS Wintergreen Stark<\/h2>\n<p><span style=\"font-weight: 400;\">XQS Wintergreen Strong liefert einen <\/span><b>weicher und erfrischender Wintergr\u00fcn-Geschmack<\/b><span style=\"font-weight: 400;\">, Die Kombination aus k\u00fchlender Minze und dezenter S\u00fc\u00dfe sorgt f\u00fcr ein abgerundetes, belebendes Erlebnis. Jeder schlanke, ganz in Wei\u00df gehaltene Beutel enth\u00e4lt <\/span><b>10 mg Nikotin<\/b><span style=\"font-weight: 400;\">, Sie bietet eine starke und gleichm\u00e4\u00dfige Freisetzung, perfekt f\u00fcr Benutzer, die eine zuverl\u00e4ssige Nikotinbefriedigung mit einem klassischen Minzgeschmack suchen.<\/span><\/p>\n<p><span style=\"font-weight: 400;\">Das schlanke Format sorgt f\u00fcr einen diskreten und bequemen Sitz unter der Lippe und erm\u00f6glicht einen sauberen und fleckenfreien Gebrauch, wo immer Sie sind. V\u00f6llig tabakfrei und aus hochwertigen pflanzlichen Materialien hergestellt, bietet XQS Wintergreen Strong eine moderne Nikotin-Alternative f\u00fcr diejenigen, die einen kr\u00e4ftigen und k\u00fchlenden Wintergreen-Geschmack gepaart mit zufriedenstellender St\u00e4rke sch\u00e4tzen.<\/span><\/p>\n<table>\n<tbody>\n<tr>\n<td><b>Attribut<\/b><\/td>\n<td><b>Einzelheiten<\/b><\/td>\n<\/tr>\n<tr>\n<td><b>Marke<\/b><\/td>\n<td><span style=\"font-weight: 400;\">XQS<\/span><\/td>\n<\/tr>\n<tr>\n<td><b>Produkttyp<\/b><\/td>\n<td><span style=\"font-weight: 400;\">Alle wei\u00dfen Nikotinbeutel<\/span><\/td>\n<\/tr>\n<tr>\n<td><b>Format<\/b><\/td>\n<td><span style=\"font-weight: 400;\">Schlank<\/span><\/td>\n<\/tr>\n<tr>\n<td><b>Geschmack<\/b><\/td>\n<td><span style=\"font-weight: 400;\">Wintergr\u00fcn<\/span><\/td>\n<\/tr>\n<tr>\n<td><b>Nikotinst\u00e4rke<\/b><\/td>\n<td><span style=\"font-weight: 400;\">10 mg pro Beutel (13 mg\/g)<\/span><\/td>\n<\/tr>\n<tr>\n<td><b>Portion Gewicht<\/b><\/td>\n<td><span style=\"font-weight: 400;\">0,75 Gramm<\/span><\/td>\n<\/tr>\n<tr>\n<td><b>Anzahl der Portionen<\/b><\/td>\n<td><span style=\"font-weight: 400;\">20 pro Dose<\/span><\/td>\n<\/tr>\n<tr>\n<td><b>Gesamtgewicht der Dose<\/b><\/td>\n<td><span style=\"font-weight: 400;\">15 Gramm<\/span><\/td>\n<\/tr>\n<tr>\n<td><b>Hersteller<\/b><\/td>\n<td><span style=\"font-weight: 400;\">XQS International<\/span><\/td>\n<\/tr>\n<tr>\n<td><b>Bemerkenswerte Merkmale<\/b><\/td>\n<td><span style=\"font-weight: 400;\">Tabakfreies, schlankes Format, sanfter und erfrischender Wintergr\u00fcn-Geschmack<\/span><\/td>\n<\/tr>\n<\/tbody>\n<\/table>","protected":false},"excerpt":{"rendered":"<p>XQS <strong data-start=\"4\" data-end=\"19\">Wintergr\u00fcn<\/strong> <strong data-start=\"20\" data-end=\"30\">Stark<\/strong> liefert sanftes, erfrischendes Wintergr\u00fcn mit einer k\u00fchlenden Minznote und dezenter S\u00fc\u00dfe. Die <strong data-start=\"123\" data-end=\"131\">schlank<\/strong>, Die ganz in Wei\u00df gehaltenen Beutel sind diskret und bequem. Jeder Beutel enth\u00e4lt <strong data-start=\"201\" data-end=\"219\">10 mg Nikotin<\/strong> f\u00fcr eine starke, gleichm\u00e4\u00dfige Freisetzung.<\/p>","protected":false},"featured_media":63926,"comment_status":"open","ping_status":"closed","template":"","format":[206],"meta":{"_acf_changed":false},"product_brand":[],"product_cat":[27],"product_tag":[16587],"flavours":[196],"nicotine":[210,232],"class_list":{"0":"post-8266","1":"product","2":"type-product","3":"status-publish","4":"has-post-thumbnail","6":"product_cat-xqs","7":"product_tag-10-mg-pouch","8":"pa_quantity-1-pack","9":"pa_quantity-10-pack","10":"pa_quantity-3-pack","11":"pa_quantity-30-pack","12":"pa_quantity-5-pack","13":"pa_quantity-60-pack","14":"flavours-fruits-berries","15":"format-slim","16":"nicotine-13-mg-g","17":"nicotine-extra-strong","19":"first","20":"instock","21":"taxable","22":"shipping-taxable","23":"purchasable","24":"product-type-variable"},"acf":[],"_links":{"self":[{"href":"https:\/\/whitelip.com\/de\/wp-json\/wp\/v2\/product\/8266","targetHints":{"allow":["GET"]}}],"collection":[{"href":"https:\/\/whitelip.com\/de\/wp-json\/wp\/v2\/product"}],"about":[{"href":"https:\/\/whitelip.com\/de\/wp-json\/wp\/v2\/types\/product"}],"replies":[{"embeddable":true,"href":"https:\/\/whitelip.com\/de\/wp-json\/wp\/v2\/comments?post=8266"}],"wp:featuredmedia":[{"embeddable":true,"href":"https:\/\/whitelip.com\/de\/wp-json\/wp\/v2\/media\/63926"}],"wp:attachment":[{"href":"https:\/\/whitelip.com\/de\/wp-json\/wp\/v2\/media?parent=8266"}],"wp:term":[{"taxonomy":"product_brand","embeddable":true,"href":"https:\/\/whitelip.com\/de\/wp-json\/wp\/v2\/product_brand?post=8266"},{"taxonomy":"product_cat","embeddable":true,"href":"https:\/\/whitelip.com\/de\/wp-json\/wp\/v2\/product_cat?post=8266"},{"taxonomy":"product_tag","embeddable":true,"href":"https:\/\/whitelip.com\/de\/wp-json\/wp\/v2\/product_tag?post=8266"},{"taxonomy":"flavours","embeddable":true,"href":"https:\/\/whitelip.com\/de\/wp-json\/wp\/v2\/flavours?post=8266"},{"taxonomy":"format","embeddable":true,"href":"https:\/\/whitelip.com\/de\/wp-json\/wp\/v2\/format?post=8266"},{"taxonomy":"nicotine","embeddable":true,"href":"https:\/\/whitelip.com\/de\/wp-json\/wp\/v2\/nicotine?post=8266"}],"curies":[{"name":"wp","href":"https:\/\/api.w.org\/{rel}","templated":true}]}}