{"id":8264,"date":"2024-12-20T19:39:11","date_gmt":"2024-12-20T19:39:11","guid":{"rendered":"https:\/\/whitelip.com\/xqs-elderflower-strong\/"},"modified":"2026-04-29T02:56:40","modified_gmt":"2026-04-29T02:56:40","slug":"xqs-elderflower-strong","status":"publish","type":"product","link":"https:\/\/whitelip.com\/de\/xqs\/xqs-elderflower-strong\/","title":{"rendered":"XQS Holunderbl\u00fcte Stark"},"content":{"rendered":"<h2><b>XQS Holunderbl\u00fcte Stark<\/b><\/h2>\n<p><span style=\"font-weight: 400;\">XQS Elderflower Strong liefert einen <\/span><b>zarter und blumiger Holunderbl\u00fctengeschmack<\/b><span style=\"font-weight: 400;\">, und bietet einen sanften und erfrischenden Geschmack mit dezenter S\u00fc\u00dfe. Perfekt f\u00fcr diejenigen, die ein einzigartiges und raffiniertes Geschmackserlebnis suchen, bieten diese Beutel eine ausgewogene Nikotinabgabe. Jeder schlanke, ganz wei\u00dfe Beutel enth\u00e4lt <\/span><b>10 mg Nikotin<\/b><span style=\"font-weight: 400;\">, und sorgt f\u00fcr eine starke und gleichm\u00e4\u00dfige Wirkung, ideal f\u00fcr erfahrene Anwender.<\/span><\/p>\n<p><span style=\"font-weight: 400;\">Das schlanke Format sorgt f\u00fcr einen diskreten und bequemen Sitz unter der Lippe und bietet eine saubere und fleckenfreie Alternative f\u00fcr den Nikotingenuss. XQS Elderflower Strong ist komplett tabakfrei und wird aus hochwertigen pflanzlichen Fasern hergestellt. Sie bietet eine moderne Nikotinoption mit einer frischen, leicht blumigen Note f\u00fcr diejenigen, die subtile und elegante Aromen sch\u00e4tzen.<\/span><\/p>\n<table>\n<tbody>\n<tr>\n<td><b>Attribut<\/b><\/td>\n<td><b>Einzelheiten<\/b><\/td>\n<\/tr>\n<tr>\n<td><b>Marke<\/b><\/td>\n<td><span style=\"font-weight: 400;\">XQS<\/span><\/td>\n<\/tr>\n<tr>\n<td><b>Produkttyp<\/b><\/td>\n<td><span style=\"font-weight: 400;\">Alle wei\u00dfen Nikotinbeutel<\/span><\/td>\n<\/tr>\n<tr>\n<td><b>Format<\/b><\/td>\n<td><span style=\"font-weight: 400;\">Schlank<\/span><\/td>\n<\/tr>\n<tr>\n<td><b>Geschmack<\/b><\/td>\n<td><span style=\"font-weight: 400;\">Holunderbl\u00fcten<\/span><\/td>\n<\/tr>\n<tr>\n<td><b>Nikotinst\u00e4rke<\/b><\/td>\n<td><span style=\"font-weight: 400;\">10 mg pro Beutel (13 mg\/g)<\/span><\/td>\n<\/tr>\n<tr>\n<td><b>Portion Gewicht<\/b><\/td>\n<td><span style=\"font-weight: 400;\">0,75 Gramm<\/span><\/td>\n<\/tr>\n<tr>\n<td><b>Anzahl der Portionen<\/b><\/td>\n<td><span style=\"font-weight: 400;\">20 pro Dose<\/span><\/td>\n<\/tr>\n<tr>\n<td><b>Gesamtgewicht der Dose<\/b><\/td>\n<td><span style=\"font-weight: 400;\">15 Gramm<\/span><\/td>\n<\/tr>\n<tr>\n<td><b>Hersteller<\/b><\/td>\n<td><span style=\"font-weight: 400;\">XQS International<\/span><\/td>\n<\/tr>\n<tr>\n<td><b>Bemerkenswerte Merkmale<\/b><\/td>\n<td><span style=\"font-weight: 400;\">Tabakfrei, schlankes Format, sanfter und blumiger Holunderbl\u00fctengeschmack<\/span><\/td>\n<\/tr>\n<\/tbody>\n<\/table>","protected":false},"excerpt":{"rendered":"<p>XQS <strong data-start=\"4\" data-end=\"19\">Holunderbl\u00fcten<\/strong> <strong data-start=\"20\" data-end=\"30\">Stark<\/strong> liefert eine zarte, blumige Holunderbl\u00fcte mit dezenter S\u00fc\u00dfe f\u00fcr ein weiches, erfrischendes Profil. Die <strong data-start=\"131\" data-end=\"139\">schlank<\/strong>, Die ganz in Wei\u00df gehaltenen Beutel sind diskret und bequem. Jeder Beutel enth\u00e4lt <strong data-start=\"209\" data-end=\"227\">10 mg Nikotin<\/strong> f\u00fcr eine starke, gleichm\u00e4\u00dfige Freisetzung.<\/p>","protected":false},"featured_media":8265,"comment_status":"open","ping_status":"closed","template":"","format":[206],"meta":{"_acf_changed":false},"product_brand":[],"product_cat":[27],"product_tag":[16587],"flavours":[196],"nicotine":[210,232],"class_list":{"0":"post-8264","1":"product","2":"type-product","3":"status-publish","4":"has-post-thumbnail","6":"product_cat-xqs","7":"product_tag-10-mg-pouch","8":"pa_quantity-1-pack","9":"pa_quantity-10-pack","10":"pa_quantity-3-pack","11":"pa_quantity-30-pack","12":"pa_quantity-5-pack","13":"pa_quantity-60-pack","14":"flavours-fruits-berries","15":"format-slim","16":"nicotine-13-mg-g","17":"nicotine-extra-strong","19":"first","20":"instock","21":"taxable","22":"shipping-taxable","23":"purchasable","24":"product-type-variable"},"acf":[],"_links":{"self":[{"href":"https:\/\/whitelip.com\/de\/wp-json\/wp\/v2\/product\/8264","targetHints":{"allow":["GET"]}}],"collection":[{"href":"https:\/\/whitelip.com\/de\/wp-json\/wp\/v2\/product"}],"about":[{"href":"https:\/\/whitelip.com\/de\/wp-json\/wp\/v2\/types\/product"}],"replies":[{"embeddable":true,"href":"https:\/\/whitelip.com\/de\/wp-json\/wp\/v2\/comments?post=8264"}],"wp:featuredmedia":[{"embeddable":true,"href":"https:\/\/whitelip.com\/de\/wp-json\/wp\/v2\/media\/8265"}],"wp:attachment":[{"href":"https:\/\/whitelip.com\/de\/wp-json\/wp\/v2\/media?parent=8264"}],"wp:term":[{"taxonomy":"product_brand","embeddable":true,"href":"https:\/\/whitelip.com\/de\/wp-json\/wp\/v2\/product_brand?post=8264"},{"taxonomy":"product_cat","embeddable":true,"href":"https:\/\/whitelip.com\/de\/wp-json\/wp\/v2\/product_cat?post=8264"},{"taxonomy":"product_tag","embeddable":true,"href":"https:\/\/whitelip.com\/de\/wp-json\/wp\/v2\/product_tag?post=8264"},{"taxonomy":"flavours","embeddable":true,"href":"https:\/\/whitelip.com\/de\/wp-json\/wp\/v2\/flavours?post=8264"},{"taxonomy":"format","embeddable":true,"href":"https:\/\/whitelip.com\/de\/wp-json\/wp\/v2\/format?post=8264"},{"taxonomy":"nicotine","embeddable":true,"href":"https:\/\/whitelip.com\/de\/wp-json\/wp\/v2\/nicotine?post=8264"}],"curies":[{"name":"wp","href":"https:\/\/api.w.org\/{rel}","templated":true}]}}