{"id":8240,"date":"2024-12-20T19:39:04","date_gmt":"2024-12-20T19:39:04","guid":{"rendered":"https:\/\/whitelip.com\/velo-purple-grape\/"},"modified":"2026-05-01T10:10:56","modified_gmt":"2026-05-01T10:10:56","slug":"velo-purple-grape","status":"publish","type":"product","link":"https:\/\/whitelip.com\/de\/velo\/velo-purple-grape\/","title":{"rendered":"VELO Lila Traube"},"content":{"rendered":"<h2><strong>VELO Lila Traube<\/strong><\/h2>\n<p><span style=\"font-weight: 400;\">VELO Purple Grape bietet ein lebendiges und fruchtiges Nikotinerlebnis, das die s\u00fc\u00dfe und leicht herbe Essenz roter Trauben einf\u00e4ngt. Diese schlanken, ganz wei\u00dfen Nikotinbeutel sind f\u00fcr eine diskrete und bequeme Verwendung konzipiert und passen nahtlos unter die Lippe, ohne aufzufallen. Das ausgewogene Geschmacksprofil sorgt f\u00fcr ein befriedigendes Geschmackserlebnis und ist damit eine ausgezeichnete Wahl f\u00fcr alle, die eine geschmackvolle Alternative zu herk\u00f6mmlichen Produkten suchen. Die Beutel sind tabakfrei, bestehen aus hochwertigen Pflanzenfasern und sind so konzipiert, dass sie eine gleichm\u00e4\u00dfige Nikotin- und Geschmacksabgabe gew\u00e4hrleisten. Das schlanke Format sorgt f\u00fcr minimale Tropfenbildung und eine bequeme Passform und richtet sich sowohl an neue als auch an erfahrene Raucher, die nach einem erfrischenden und angenehmen Nikotinbeutel suchen.<\/span><\/p>\n<table>\n<tbody>\n<tr>\n<td><b>Attribut<\/b><\/td>\n<td><b>Einzelheiten<\/b><\/td>\n<\/tr>\n<tr>\n<td><span style=\"font-weight: 400;\">Marke<\/span><\/td>\n<td><span style=\"font-weight: 400;\">VELO<\/span><\/td>\n<\/tr>\n<tr>\n<td><span style=\"font-weight: 400;\">Produkttyp<\/span><\/td>\n<td><span style=\"font-weight: 400;\">Alle wei\u00dfen Nikotinbeutel<\/span><\/td>\n<\/tr>\n<tr>\n<td><span style=\"font-weight: 400;\">Format<\/span><\/td>\n<td><span style=\"font-weight: 400;\">Schlank<\/span><\/td>\n<\/tr>\n<tr>\n<td><span style=\"font-weight: 400;\">Geschmack<\/span><\/td>\n<td><span style=\"font-weight: 400;\">Rote Traube<\/span><\/td>\n<\/tr>\n<tr>\n<td><span style=\"font-weight: 400;\">Nikotinst\u00e4rke<\/span><\/td>\n<td><span style=\"font-weight: 400;\">14 mg\/g (10 mg pro Beutel)<\/span><\/td>\n<\/tr>\n<tr>\n<td><span style=\"font-weight: 400;\">Portion Gewicht<\/span><\/td>\n<td><span style=\"font-weight: 400;\">0,7 Gramm<\/span><\/td>\n<\/tr>\n<tr>\n<td><span style=\"font-weight: 400;\">Anzahl der Portionen<\/span><\/td>\n<td><span style=\"font-weight: 400;\">20 pro Dose<\/span><\/td>\n<\/tr>\n<tr>\n<td><span style=\"font-weight: 400;\">Gesamtgewicht der Dose<\/span><\/td>\n<td><span style=\"font-weight: 400;\">14 Gramm<\/span><\/td>\n<\/tr>\n<tr>\n<td><span style=\"font-weight: 400;\">Hersteller<\/span><\/td>\n<td><span style=\"font-weight: 400;\">BAT<\/span><\/td>\n<\/tr>\n<tr>\n<td><span style=\"font-weight: 400;\">Bemerkenswerte Merkmale<\/span><\/td>\n<td><span style=\"font-weight: 400;\">Tabakfrei, diskrete schlanke Portionen, ausgewogener s\u00fc\u00dfer und herber Geschmack<\/span><\/td>\n<\/tr>\n<\/tbody>\n<\/table>","protected":false},"excerpt":{"rendered":"<p>VELO Purple Grape Nikotin-Beutel liefern einen lebendigen, fruchtigen <strong data-start=\"61\" data-end=\"77\">Lila Traube<\/strong> Geschmack mit einem s\u00fc\u00dfen, leicht s\u00e4uerlichen Profil. <strong data-start=\"122\" data-end=\"130\">Schlank<\/strong>, Das komplett wei\u00dfe Format sorgt f\u00fcr eine diskrete, bequeme Anwendung und eine gleichm\u00e4\u00dfige Abgabe. Jeder Beutel enth\u00e4lt <strong data-start=\"225\" data-end=\"243\">10 mg Nikotin<\/strong>.<\/p>","protected":false},"featured_media":8241,"comment_status":"open","ping_status":"closed","template":"","format":[206],"meta":{"_acf_changed":false},"product_brand":[],"product_cat":[48],"product_tag":[16587],"flavours":[196],"nicotine":[211,232],"class_list":{"0":"post-8240","1":"product","2":"type-product","3":"status-publish","4":"has-post-thumbnail","6":"product_cat-velo","7":"product_tag-10-mg-pouch","8":"pa_quantity-1-pack","9":"pa_quantity-10-pack","10":"pa_quantity-3-pack","11":"pa_quantity-30-pack","12":"pa_quantity-5-pack","13":"pa_quantity-60-pack","14":"flavours-fruits-berries","15":"format-slim","16":"nicotine-14-mg-g","17":"nicotine-extra-strong","19":"first","20":"outofstock","21":"taxable","22":"shipping-taxable","23":"purchasable","24":"product-type-variable"},"acf":[],"_links":{"self":[{"href":"https:\/\/whitelip.com\/de\/wp-json\/wp\/v2\/product\/8240","targetHints":{"allow":["GET"]}}],"collection":[{"href":"https:\/\/whitelip.com\/de\/wp-json\/wp\/v2\/product"}],"about":[{"href":"https:\/\/whitelip.com\/de\/wp-json\/wp\/v2\/types\/product"}],"replies":[{"embeddable":true,"href":"https:\/\/whitelip.com\/de\/wp-json\/wp\/v2\/comments?post=8240"}],"wp:featuredmedia":[{"embeddable":true,"href":"https:\/\/whitelip.com\/de\/wp-json\/wp\/v2\/media\/8241"}],"wp:attachment":[{"href":"https:\/\/whitelip.com\/de\/wp-json\/wp\/v2\/media?parent=8240"}],"wp:term":[{"taxonomy":"product_brand","embeddable":true,"href":"https:\/\/whitelip.com\/de\/wp-json\/wp\/v2\/product_brand?post=8240"},{"taxonomy":"product_cat","embeddable":true,"href":"https:\/\/whitelip.com\/de\/wp-json\/wp\/v2\/product_cat?post=8240"},{"taxonomy":"product_tag","embeddable":true,"href":"https:\/\/whitelip.com\/de\/wp-json\/wp\/v2\/product_tag?post=8240"},{"taxonomy":"flavours","embeddable":true,"href":"https:\/\/whitelip.com\/de\/wp-json\/wp\/v2\/flavours?post=8240"},{"taxonomy":"format","embeddable":true,"href":"https:\/\/whitelip.com\/de\/wp-json\/wp\/v2\/format?post=8240"},{"taxonomy":"nicotine","embeddable":true,"href":"https:\/\/whitelip.com\/de\/wp-json\/wp\/v2\/nicotine?post=8240"}],"curies":[{"name":"wp","href":"https:\/\/api.w.org\/{rel}","templated":true}]}}