{"id":8236,"date":"2024-11-28T12:40:00","date_gmt":"2024-11-28T12:40:00","guid":{"rendered":"https:\/\/whitelip.com\/cuba-white-pineapple\/"},"modified":"2026-03-05T10:23:19","modified_gmt":"2026-03-05T10:23:19","slug":"cuba-white-pineapple","status":"publish","type":"product","link":"https:\/\/whitelip.com\/de\/cuba\/cuba-white-pineapple\/","title":{"rendered":"CUBA Wei\u00dfe Ananas"},"content":{"rendered":"<h2><b>CUBA Wei\u00dfe Ananas<\/b><\/h2>\n<p><span style=\"font-weight: 400;\">Die CUBA White Pineapple Nikotinbeutel bieten einen erfrischenden Ananasgeschmack in Kombination mit einer Nikotinst\u00e4rke von 16 mg pro Beutel und sorgen f\u00fcr ein befriedigendes Erlebnis f\u00fcr regelm\u00e4\u00dfige Konsumenten. Jede Dose enth\u00e4lt 20 schlanke Beutel, die f\u00fcr einen diskreten Gebrauch ohne Verf\u00e4rbung der Z\u00e4hne konzipiert sind. Produziert von CUBA, einem polnischen Hersteller, der daf\u00fcr bekannt ist, moderne Methoden mit traditioneller Qualit\u00e4t zu verbinden, stehen diese Beutel f\u00fcr hohe Standards und innovative Geschmackskombinationen.<\/span><\/p>\n<table>\n<tbody>\n<tr>\n<td><b>Attribut<\/b><\/td>\n<td><b>Einzelheiten<\/b><\/td>\n<\/tr>\n<tr>\n<td><b>Inhalt pro Dose<\/b><\/td>\n<td><span style=\"font-weight: 400;\">13g (20 Beutel)<\/span><\/td>\n<\/tr>\n<tr>\n<td><b>Nikotingehalt<\/b><\/td>\n<td><span style=\"font-weight: 400;\">16 mg\/g (16 mg pro Beutel)<\/span><\/td>\n<\/tr>\n<tr>\n<td><b>Format des Beutels<\/b><\/td>\n<td><span style=\"font-weight: 400;\">Schlank<\/span><\/td>\n<\/tr>\n<tr>\n<td><b>Produzent<\/b><\/td>\n<td><span style=\"font-weight: 400;\">CUBA<\/span><\/td>\n<\/tr>\n<tr>\n<td><b>Geschmack<\/b><\/td>\n<td><span style=\"font-weight: 400;\">Ananas<\/span><\/td>\n<\/tr>\n<tr>\n<td><b>Typ<\/b><\/td>\n<td><span style=\"font-weight: 400;\">Ganz wei\u00dfe Tasche<\/span><\/td>\n<\/tr>\n<\/tbody>\n<\/table>\n<p>\u00a0<\/p>","protected":false},"excerpt":{"rendered":"<p>Erfrischend <strong data-start=\"11\" data-end=\"24\">Ananas<\/strong> mit einem sauberen, saftigen Abgang. Die <strong data-start=\"57\" data-end=\"72\">schlank <\/strong>Die Formatbeutel sitzen diskret unter der Lippe und lassen sich auch unterwegs ohne Flecken verwenden. Jeder Beutel enth\u00e4lt <strong data-start=\"163\" data-end=\"191\">16 mg Nikotin pro Beutel<\/strong>, mit 20 Beuteln pro Dose aus CUBA.<\/p>","protected":false},"featured_media":8237,"comment_status":"open","ping_status":"closed","template":"","format":[206],"meta":{"_acf_changed":false},"product_brand":[],"product_cat":[46],"product_tag":[16569],"flavours":[196],"nicotine":[213,232],"class_list":{"0":"post-8236","1":"product","2":"type-product","3":"status-publish","4":"has-post-thumbnail","6":"product_cat-cuba","7":"product_tag-16-mg-pouch","8":"pa_quantity-1-pack","9":"pa_quantity-10-pack","10":"pa_quantity-3-pack","11":"pa_quantity-30-pack","12":"pa_quantity-5-pack","13":"pa_quantity-60-pack","14":"flavours-fruits-berries","15":"format-slim","16":"nicotine-16-mg-g","17":"nicotine-extra-strong","19":"first","20":"outofstock","21":"taxable","22":"shipping-taxable","23":"purchasable","24":"product-type-variable"},"acf":[],"_links":{"self":[{"href":"https:\/\/whitelip.com\/de\/wp-json\/wp\/v2\/product\/8236","targetHints":{"allow":["GET"]}}],"collection":[{"href":"https:\/\/whitelip.com\/de\/wp-json\/wp\/v2\/product"}],"about":[{"href":"https:\/\/whitelip.com\/de\/wp-json\/wp\/v2\/types\/product"}],"replies":[{"embeddable":true,"href":"https:\/\/whitelip.com\/de\/wp-json\/wp\/v2\/comments?post=8236"}],"wp:featuredmedia":[{"embeddable":true,"href":"https:\/\/whitelip.com\/de\/wp-json\/wp\/v2\/media\/8237"}],"wp:attachment":[{"href":"https:\/\/whitelip.com\/de\/wp-json\/wp\/v2\/media?parent=8236"}],"wp:term":[{"taxonomy":"product_brand","embeddable":true,"href":"https:\/\/whitelip.com\/de\/wp-json\/wp\/v2\/product_brand?post=8236"},{"taxonomy":"product_cat","embeddable":true,"href":"https:\/\/whitelip.com\/de\/wp-json\/wp\/v2\/product_cat?post=8236"},{"taxonomy":"product_tag","embeddable":true,"href":"https:\/\/whitelip.com\/de\/wp-json\/wp\/v2\/product_tag?post=8236"},{"taxonomy":"flavours","embeddable":true,"href":"https:\/\/whitelip.com\/de\/wp-json\/wp\/v2\/flavours?post=8236"},{"taxonomy":"format","embeddable":true,"href":"https:\/\/whitelip.com\/de\/wp-json\/wp\/v2\/format?post=8236"},{"taxonomy":"nicotine","embeddable":true,"href":"https:\/\/whitelip.com\/de\/wp-json\/wp\/v2\/nicotine?post=8236"}],"curies":[{"name":"wp","href":"https:\/\/api.w.org\/{rel}","templated":true}]}}