{"id":8220,"date":"2024-11-28T12:39:36","date_gmt":"2024-11-28T12:39:36","guid":{"rendered":"https:\/\/whitelip.com\/killa-spearmint\/"},"modified":"2026-04-22T10:11:29","modified_gmt":"2026-04-22T10:11:29","slug":"killa-spearmint","status":"publish","type":"product","link":"https:\/\/whitelip.com\/de\/killa\/killa-spearmint\/","title":{"rendered":"KILLA Pfefferminz"},"content":{"rendered":"<h2><b>KILLA Pfefferminz<\/b><\/h2>\n<p><span style=\"font-weight: 400;\">KILLA Spearmint Nikotinbeutel bieten einen erfrischenden Hauch von s\u00fc\u00dfem Spearmint-Geschmack in Kombination mit einem starken Nikotinerlebnis. Diese tabakfreien Beutel wurden f\u00fcr Nutzer entwickelt, die ein starkes und belebendes Gef\u00fchl suchen und bieten eine diskrete und bequeme M\u00f6glichkeit, Nikotin rauchfrei zu genie\u00dfen. Das schlanke Format sorgt f\u00fcr einen bequemen Sitz unter der Lippe und liefert eine befriedigende Freisetzung von Geschmack und Nikotin.<\/span><\/p>\n<table>\n<tbody>\n<tr>\n<td><b>Attribut<\/b><\/td>\n<td><b>Einzelheiten<\/b><\/td>\n<\/tr>\n<tr>\n<td><span style=\"font-weight: 400;\">Inhalt pro Dose<\/span><\/td>\n<td><span style=\"font-weight: 400;\">16g (20 Beutel)<\/span><\/td>\n<\/tr>\n<tr>\n<td><span style=\"font-weight: 400;\">Nikotingehalt<\/span><\/td>\n<td><span style=\"font-weight: 400;\">16 mg\/g (12,8 mg pro Beutel)<\/span><\/td>\n<\/tr>\n<tr>\n<td><span style=\"font-weight: 400;\">Format der Tasche<\/span><\/td>\n<td><span style=\"font-weight: 400;\">Schlank<\/span><\/td>\n<\/tr>\n<tr>\n<td><span style=\"font-weight: 400;\">Produzent<\/span><\/td>\n<td><span style=\"font-weight: 400;\">NGP-Imperium<\/span><\/td>\n<\/tr>\n<tr>\n<td><span style=\"font-weight: 400;\">Geschmack<\/span><\/td>\n<td><span style=\"font-weight: 400;\">Gr\u00fcne Minze<\/span><\/td>\n<\/tr>\n<tr>\n<td><span style=\"font-weight: 400;\">Typ<\/span><\/td>\n<td><span style=\"font-weight: 400;\">Wei\u00dfe Beutel, tabakfrei<\/span><\/td>\n<\/tr>\n<\/tbody>\n<\/table>","protected":false},"excerpt":{"rendered":"<p>Erfrischend, s\u00fc\u00df <strong data-start=\"18\" data-end=\"31\">Krauseminze<\/strong> mit einem sauberen, belebenden Auftrieb. <strong data-start=\"65\" data-end=\"73\">Schlank<\/strong>, Die tabakfreien Beutel sitzen diskret unter der Lippe und k\u00f6nnen so bequem und rauchfrei verwendet werden. Jeder Beutel enth\u00e4lt <strong data-start=\"177\" data-end=\"197\">12,8 mg Nikotin<\/strong>, und liefert eine starke, zufriedenstellende Ver\u00f6ffentlichung.<\/p>","protected":false},"featured_media":8221,"comment_status":"open","ping_status":"closed","template":"","format":[206],"meta":{"_acf_changed":false},"product_brand":[],"product_cat":[64],"product_tag":[16676],"flavours":[199],"nicotine":[213,232],"class_list":{"0":"post-8220","1":"product","2":"type-product","3":"status-publish","4":"has-post-thumbnail","6":"product_cat-killa","7":"product_tag-12-8-mg-pouch","8":"pa_quantity-1-pack","9":"pa_quantity-10-pack","10":"pa_quantity-3-pack","11":"pa_quantity-30-pack","12":"pa_quantity-5-pack","13":"pa_quantity-60-pack","14":"flavours-mint","15":"format-slim","16":"nicotine-16-mg-g","17":"nicotine-extra-strong","19":"first","20":"instock","21":"taxable","22":"shipping-taxable","23":"purchasable","24":"product-type-variable"},"acf":[],"_links":{"self":[{"href":"https:\/\/whitelip.com\/de\/wp-json\/wp\/v2\/product\/8220","targetHints":{"allow":["GET"]}}],"collection":[{"href":"https:\/\/whitelip.com\/de\/wp-json\/wp\/v2\/product"}],"about":[{"href":"https:\/\/whitelip.com\/de\/wp-json\/wp\/v2\/types\/product"}],"replies":[{"embeddable":true,"href":"https:\/\/whitelip.com\/de\/wp-json\/wp\/v2\/comments?post=8220"}],"wp:featuredmedia":[{"embeddable":true,"href":"https:\/\/whitelip.com\/de\/wp-json\/wp\/v2\/media\/8221"}],"wp:attachment":[{"href":"https:\/\/whitelip.com\/de\/wp-json\/wp\/v2\/media?parent=8220"}],"wp:term":[{"taxonomy":"product_brand","embeddable":true,"href":"https:\/\/whitelip.com\/de\/wp-json\/wp\/v2\/product_brand?post=8220"},{"taxonomy":"product_cat","embeddable":true,"href":"https:\/\/whitelip.com\/de\/wp-json\/wp\/v2\/product_cat?post=8220"},{"taxonomy":"product_tag","embeddable":true,"href":"https:\/\/whitelip.com\/de\/wp-json\/wp\/v2\/product_tag?post=8220"},{"taxonomy":"flavours","embeddable":true,"href":"https:\/\/whitelip.com\/de\/wp-json\/wp\/v2\/flavours?post=8220"},{"taxonomy":"format","embeddable":true,"href":"https:\/\/whitelip.com\/de\/wp-json\/wp\/v2\/format?post=8220"},{"taxonomy":"nicotine","embeddable":true,"href":"https:\/\/whitelip.com\/de\/wp-json\/wp\/v2\/nicotine?post=8220"}],"curies":[{"name":"wp","href":"https:\/\/api.w.org\/{rel}","templated":true}]}}