{"id":8214,"date":"2024-11-28T12:39:36","date_gmt":"2024-11-28T12:39:36","guid":{"rendered":"https:\/\/whitelip.com\/killa-melon\/"},"modified":"2026-04-21T10:11:25","modified_gmt":"2026-04-21T10:11:25","slug":"killa-melon","status":"publish","type":"product","link":"https:\/\/whitelip.com\/de\/killa\/killa-melon\/","title":{"rendered":"KILLA Melone"},"content":{"rendered":"<h2><strong>KILLA Melone<\/strong><\/h2>\n<p>KILLA Melon - Sp\u00fcren Sie die eisige K\u00fchle unter Ihren Lippen mit dem Geschmack von k\u00fchlender Melone. Die Dose enth\u00e4lt 20 Slim Pouches mit einer Nikotinst\u00e4rke von 16mg\/g.<\/p>\n<ul>\n<li>Geschmack: Melone<\/li>\n<li>Format: Schlank<\/li>\n<li>S\u00e4ckchen: 20 St\u00fcck<\/li>\n<li>Nikotin: 16 mg\/g<\/li>\n<li>Gewicht: 16 g<\/li>\n<li>Marke: <a href=\"https:\/\/whitelip.com\/de\/killa\/\">KILLA<\/a><\/li>\n<li>Hersteller: <a href=\"https:\/\/ngpeurope.eu\/en\/\" target=\"_blank\" rel=\"noopener\">N.G.P EUROPA<\/a><\/li>\n<\/ul>\n<p><em><strong>\u00dcber die Marke: KILLA<\/strong><\/em><\/p>\n<p>Entdecken Sie die erschwinglichen und qualitativ hochwertigen KILLA Nikotinbeutel - ein preisg\u00fcnstiges Sortiment, das keine Kompromisse bei der Qualit\u00e4t eingeht. Mit verschiedenen aufregenden Geschmacksrichtungen und Nikotinst\u00e4rken bietet KILLA eine erschwingliche und zufriedenstellende L\u00f6sung, um Ihren Nikotinbedarf zu decken. Entdecken Sie unser Angebot an g\u00fcnstigen KILLA Nikotinbeuteln und genie\u00dfen Sie ein erschwingliches und schmackhaftes Nikotinerlebnis, jederzeit und \u00fcberall.<\/p>\n<p><em><strong>\u00dcber Whitelip.se:\u00a0<\/strong><\/em><\/p>\n<p><span data-contrast=\"auto\">Willkommen bei Whitelip.se, Ihrer ultimativen Anlaufstelle f\u00fcr hochwertige Nikotinbeutel. Entdecken Sie unser umfangreiches Angebot an Produkten, die auf Ihre Nikotinbed\u00fcrfnisse zugeschnitten sind, mit Lieferung in die Vereinigten Staaten und Europa, die Sie bequem mit kostenlosen Versandoptionen an der Kasse erhalten. Steigern Sie Ihre Zufriedenheit mit jedem Kauf, denn wir bieten Ihnen erstklassige Marken und eine nahtlose Lieferung bis an Ihre Haust\u00fcr. Erleben Sie die ultimative Bequemlichkeit und Premium-Qualit\u00e4t nur bei Whitelip.se. Kaufen Sie jetzt ein und g\u00f6nnen Sie sich das Vergn\u00fcgen von hochwertigen, wei\u00dfen Nikotinbeuteln.<\/span><\/p>","protected":false},"excerpt":{"rendered":"<p>K\u00fchlung <strong data-start=\"8\" data-end=\"17\">Melone<\/strong> Geschmack mit einer eisigen, erfrischenden K\u00fchle. <strong data-start=\"56\" data-end=\"64\">Schlank<\/strong>, Die tabakfreien Pouches sitzen diskret unter der Lippe und sorgen f\u00fcr ein sauberes, sanftes Erlebnis. Jeder Beutel enth\u00e4lt <strong data-start=\"168\" data-end=\"188\">16 mg\/g Nikotin<\/strong>, und sorgt f\u00fcr einen kr\u00e4ftigen, befriedigenden Kick; <strong data-start=\"228\" data-end=\"250\">20 Beutel pro Dose<\/strong>.<\/p>","protected":false},"featured_media":8215,"comment_status":"open","ping_status":"closed","template":"","format":[206],"meta":{"_acf_changed":false},"product_brand":[],"product_cat":[64],"product_tag":[16676],"flavours":[196],"nicotine":[213,232],"class_list":{"0":"post-8214","1":"product","2":"type-product","3":"status-publish","4":"has-post-thumbnail","6":"product_cat-killa","7":"product_tag-12-8-mg-pouch","8":"pa_quantity-1-pack","9":"pa_quantity-10-pack","10":"pa_quantity-3-pack","11":"pa_quantity-30-pack","12":"pa_quantity-5-pack","13":"pa_quantity-60-pack","14":"flavours-fruits-berries","15":"format-slim","16":"nicotine-16-mg-g","17":"nicotine-extra-strong","19":"first","20":"instock","21":"taxable","22":"shipping-taxable","23":"purchasable","24":"product-type-variable"},"acf":[],"_links":{"self":[{"href":"https:\/\/whitelip.com\/de\/wp-json\/wp\/v2\/product\/8214","targetHints":{"allow":["GET"]}}],"collection":[{"href":"https:\/\/whitelip.com\/de\/wp-json\/wp\/v2\/product"}],"about":[{"href":"https:\/\/whitelip.com\/de\/wp-json\/wp\/v2\/types\/product"}],"replies":[{"embeddable":true,"href":"https:\/\/whitelip.com\/de\/wp-json\/wp\/v2\/comments?post=8214"}],"wp:featuredmedia":[{"embeddable":true,"href":"https:\/\/whitelip.com\/de\/wp-json\/wp\/v2\/media\/8215"}],"wp:attachment":[{"href":"https:\/\/whitelip.com\/de\/wp-json\/wp\/v2\/media?parent=8214"}],"wp:term":[{"taxonomy":"product_brand","embeddable":true,"href":"https:\/\/whitelip.com\/de\/wp-json\/wp\/v2\/product_brand?post=8214"},{"taxonomy":"product_cat","embeddable":true,"href":"https:\/\/whitelip.com\/de\/wp-json\/wp\/v2\/product_cat?post=8214"},{"taxonomy":"product_tag","embeddable":true,"href":"https:\/\/whitelip.com\/de\/wp-json\/wp\/v2\/product_tag?post=8214"},{"taxonomy":"flavours","embeddable":true,"href":"https:\/\/whitelip.com\/de\/wp-json\/wp\/v2\/flavours?post=8214"},{"taxonomy":"format","embeddable":true,"href":"https:\/\/whitelip.com\/de\/wp-json\/wp\/v2\/format?post=8214"},{"taxonomy":"nicotine","embeddable":true,"href":"https:\/\/whitelip.com\/de\/wp-json\/wp\/v2\/nicotine?post=8214"}],"curies":[{"name":"wp","href":"https:\/\/api.w.org\/{rel}","templated":true}]}}