{"id":8210,"date":"2024-11-28T12:39:14","date_gmt":"2024-11-28T12:39:14","guid":{"rendered":"https:\/\/whitelip.com\/zxs-melon-freeze-slim\/"},"modified":"2026-04-28T10:11:17","modified_gmt":"2026-04-28T10:11:17","slug":"zxs-melon-freeze-slim","status":"publish","type":"product","link":"https:\/\/whitelip.com\/de\/zxs\/zxs-melon-freeze-slim\/","title":{"rendered":"Z!XS Melone Freeze Slim"},"content":{"rendered":"<h2><b>Z!XS Melone Freeze Slim<\/b><\/h2>\n<p><span style=\"font-weight: 400;\">Z!XS Melon Freeze Slim kombiniert die <\/span><b>s\u00fc\u00dfer und saftiger Melonengeschmack<\/b><span style=\"font-weight: 400;\"> mit einer belebenden <\/span><b>Eiskalter Menthol-Twist<\/b><span style=\"font-weight: 400;\">, und liefert ein erfrischendes und fruchtiges Nikotinerlebnis. Diese einzigartige Mischung bietet ein perfektes Gleichgewicht von nat\u00fcrlicher S\u00fc\u00dfe und k\u00fchlender Frische, ideal f\u00fcr Nutzer, die ein sanftes und dennoch belebendes Geschmacksprofil suchen. Jeder schlanke, ganz wei\u00dfe Beutel enth\u00e4lt <\/span><b>10 mg Nikotin<\/b><span style=\"font-weight: 400;\">, und bietet eine starke und gleichm\u00e4\u00dfige Ausl\u00f6sung f\u00fcr eine zufriedenstellende Nutzung.<\/span><\/p>\n<p><span style=\"font-weight: 400;\">Das schlanke Format sorgt f\u00fcr eine diskrete und bequeme Passform unter der Lippe und ist somit perfekt f\u00fcr einen sauberen, fleckenfreien Genuss - jederzeit und \u00fcberall. Z!XS Melon Freeze Slim ist komplett tabakfrei und wird aus hochwertigen pflanzlichen Materialien hergestellt. Sie ist eine moderne Nikotin-Alternative mit fruchtigem Geschmack und einem knackig-k\u00fchlen Abgang.<\/span><\/p>\n<table>\n<tbody>\n<tr>\n<td><b>Attribut<\/b><\/td>\n<td><b>Einzelheiten<\/b><\/td>\n<\/tr>\n<tr>\n<td><b>Marke<\/b><\/td>\n<td><span style=\"font-weight: 400;\">Z!XS<\/span><\/td>\n<\/tr>\n<tr>\n<td><b>Produkttyp<\/b><\/td>\n<td><span style=\"font-weight: 400;\">Alle wei\u00dfen Nikotinbeutel<\/span><\/td>\n<\/tr>\n<tr>\n<td><b>Format<\/b><\/td>\n<td><span style=\"font-weight: 400;\">Schlank<\/span><\/td>\n<\/tr>\n<tr>\n<td><b>Geschmack<\/b><\/td>\n<td><span style=\"font-weight: 400;\">Melone und Menthol<\/span><\/td>\n<\/tr>\n<tr>\n<td><b>Nikotinst\u00e4rke<\/b><\/td>\n<td><span style=\"font-weight: 400;\">10 mg pro Beutel<\/span><\/td>\n<\/tr>\n<tr>\n<td><b>Portion Gewicht<\/b><\/td>\n<td><span style=\"font-weight: 400;\">0,7 Gramm<\/span><\/td>\n<\/tr>\n<tr>\n<td><b>Anzahl der Portionen<\/b><\/td>\n<td><span style=\"font-weight: 400;\">20 pro Dose<\/span><\/td>\n<\/tr>\n<tr>\n<td><b>Gesamtgewicht der Dose<\/b><\/td>\n<td><span style=\"font-weight: 400;\">14 Gramm<\/span><\/td>\n<\/tr>\n<tr>\n<td><b>Hersteller<\/b><\/td>\n<td><span style=\"font-weight: 400;\">Z!XS International<\/span><\/td>\n<\/tr>\n<tr>\n<td><b>Bemerkenswerte Merkmale<\/b><\/td>\n<td><span style=\"font-weight: 400;\">Tabakfreies, schlankes Format, s\u00fc\u00dfer Melonengeschmack mit einem eisigen Menthol-Twist<\/span><\/td>\n<\/tr>\n<\/tbody>\n<\/table>","protected":false},"excerpt":{"rendered":"<p>Z!XS <strong data-start=\"5\" data-end=\"21\">Melone einfrieren<\/strong> <strong data-start=\"22\" data-end=\"30\">schlank<\/strong> kombiniert s\u00fc\u00dfe, saftige Melone mit einem belebenden, eisigen Menthol-Twist f\u00fcr ein erfrischendes, fruchtiges Profil. Die komplett wei\u00dfen Beutel sind diskret und bequem. Jeder Beutel enth\u00e4lt <strong data-start=\"204\" data-end=\"222\">10 mg Nikotin<\/strong> f\u00fcr eine starke, gleichm\u00e4\u00dfige Freisetzung.<\/p>","protected":false},"featured_media":8211,"comment_status":"open","ping_status":"closed","template":"","format":[206],"meta":{"_acf_changed":false},"product_brand":[],"product_cat":[39],"product_tag":[16587],"flavours":[196],"nicotine":[213,232],"class_list":{"0":"post-8210","1":"product","2":"type-product","3":"status-publish","4":"has-post-thumbnail","6":"product_cat-zxs","7":"product_tag-10-mg-pouch","8":"pa_quantity-1-pack","9":"pa_quantity-10-pack","10":"pa_quantity-3-pack","11":"pa_quantity-30-pack","12":"pa_quantity-5-pack","13":"pa_quantity-60-pack","14":"flavours-fruits-berries","15":"format-slim","16":"nicotine-16-mg-g","17":"nicotine-extra-strong","19":"first","20":"instock","21":"taxable","22":"shipping-taxable","23":"purchasable","24":"product-type-variable"},"acf":[],"_links":{"self":[{"href":"https:\/\/whitelip.com\/de\/wp-json\/wp\/v2\/product\/8210","targetHints":{"allow":["GET"]}}],"collection":[{"href":"https:\/\/whitelip.com\/de\/wp-json\/wp\/v2\/product"}],"about":[{"href":"https:\/\/whitelip.com\/de\/wp-json\/wp\/v2\/types\/product"}],"replies":[{"embeddable":true,"href":"https:\/\/whitelip.com\/de\/wp-json\/wp\/v2\/comments?post=8210"}],"wp:featuredmedia":[{"embeddable":true,"href":"https:\/\/whitelip.com\/de\/wp-json\/wp\/v2\/media\/8211"}],"wp:attachment":[{"href":"https:\/\/whitelip.com\/de\/wp-json\/wp\/v2\/media?parent=8210"}],"wp:term":[{"taxonomy":"product_brand","embeddable":true,"href":"https:\/\/whitelip.com\/de\/wp-json\/wp\/v2\/product_brand?post=8210"},{"taxonomy":"product_cat","embeddable":true,"href":"https:\/\/whitelip.com\/de\/wp-json\/wp\/v2\/product_cat?post=8210"},{"taxonomy":"product_tag","embeddable":true,"href":"https:\/\/whitelip.com\/de\/wp-json\/wp\/v2\/product_tag?post=8210"},{"taxonomy":"flavours","embeddable":true,"href":"https:\/\/whitelip.com\/de\/wp-json\/wp\/v2\/flavours?post=8210"},{"taxonomy":"format","embeddable":true,"href":"https:\/\/whitelip.com\/de\/wp-json\/wp\/v2\/format?post=8210"},{"taxonomy":"nicotine","embeddable":true,"href":"https:\/\/whitelip.com\/de\/wp-json\/wp\/v2\/nicotine?post=8210"}],"curies":[{"name":"wp","href":"https:\/\/api.w.org\/{rel}","templated":true}]}}