{"id":8174,"date":"2024-11-28T12:38:49","date_gmt":"2024-11-28T12:38:49","guid":{"rendered":"https:\/\/whitelip.com\/lundgrens-rimfrost\/"},"modified":"2026-05-11T10:11:53","modified_gmt":"2026-05-11T10:11:53","slug":"lundgrens-rimfrost","status":"publish","type":"product","link":"https:\/\/whitelip.com\/de\/lundgrens\/lundgrens-rimfrost\/","title":{"rendered":"LUNDGRENS Rimfrost"},"content":{"rendered":"<h2><b>LUNDGRENS Rimfrost<\/b><\/h2>\n<p><span style=\"font-weight: 400;\">LUNDGRENS Rimfrost Nikotinbeutel bieten einen erfrischenden Ausbruch von eisigem Minzgeschmack, der ein knackiges und belebendes Erlebnis liefert. Diese schlanken, ganz wei\u00dfen Beutel sind f\u00fcr eine diskrete und bequeme Passform unter der Lippe gefertigt und gew\u00e4hrleisten eine saubere und befriedigende Freisetzung von Geschmack und Nikotin. Perfekt f\u00fcr alle, die einen k\u00fchlen und belebenden Geschmack m\u00f6gen. LUNDGRENS Rimfrost wurde entwickelt, um eine ausgewogene Nikotinabgabe zu gew\u00e4hrleisten, ohne Ihre Z\u00e4hne zu verf\u00e4rben.<\/span><\/p>\n<table>\n<tbody>\n<tr>\n<td><b>Attribut<\/b><\/td>\n<td><b>Einzelheiten<\/b><\/td>\n<\/tr>\n<tr>\n<td><span style=\"font-weight: 400;\">Inhalt pro Dose<\/span><\/td>\n<td><span style=\"font-weight: 400;\">21.6g<\/span><\/td>\n<\/tr>\n<tr>\n<td><span style=\"font-weight: 400;\">Nikotingehalt<\/span><\/td>\n<td><span style=\"font-weight: 400;\">10 mg\/g (8 mg pro Beutel)<\/span><\/td>\n<\/tr>\n<tr>\n<td><span style=\"font-weight: 400;\">Format der Tasche<\/span><\/td>\n<td><span style=\"font-weight: 400;\">Schlank<\/span><\/td>\n<\/tr>\n<tr>\n<td><span style=\"font-weight: 400;\">Produzent<\/span><\/td>\n<td><span style=\"font-weight: 400;\">Fiedler &amp; Lundgren<\/span><\/td>\n<\/tr>\n<tr>\n<td><span style=\"font-weight: 400;\">Geschmack<\/span><\/td>\n<td><span style=\"font-weight: 400;\">Eiskalte Minze<\/span><\/td>\n<\/tr>\n<tr>\n<td><span style=\"font-weight: 400;\">Typ<\/span><\/td>\n<td><span style=\"font-weight: 400;\">Wei\u00dfe Beutel, tabakfrei<\/span><\/td>\n<\/tr>\n<\/tbody>\n<\/table>","protected":false},"excerpt":{"rendered":"<p>Lundgrens Rimfrost <strong data-start=\"19\" data-end=\"31\">k\u00fchle Minze<\/strong> liefert ein klares, belebendes Profil. <strong>Schlank<\/strong>, Die ganz wei\u00dfen Beutel sitzen diskret unter der Lippe und sorgen f\u00fcr eine saubere, bequeme Anwendung und eine ausgewogene Freisetzung von Geschmack und Nikotin, ohne die Z\u00e4hne zu verf\u00e4rben.<\/p>","protected":false},"featured_media":8175,"comment_status":"open","ping_status":"closed","template":"","format":[204],"meta":{"_acf_changed":false},"product_brand":[],"product_cat":[59],"product_tag":[16583],"flavours":[199],"nicotine":[210,232],"class_list":{"0":"post-8174","1":"product","2":"type-product","3":"status-publish","4":"has-post-thumbnail","6":"product_cat-lundgrens","7":"product_tag-8-mg-pouch","8":"pa_quantity-1-pack","9":"pa_quantity-10-pack","10":"pa_quantity-3-pack","11":"pa_quantity-30-pack","12":"pa_quantity-5-pack","13":"pa_quantity-60-pack","14":"flavours-mint","15":"format-large","16":"nicotine-13-mg-g","17":"nicotine-extra-strong","19":"first","20":"outofstock","21":"taxable","22":"shipping-taxable","23":"purchasable","24":"product-type-variable"},"acf":[],"_links":{"self":[{"href":"https:\/\/whitelip.com\/de\/wp-json\/wp\/v2\/product\/8174","targetHints":{"allow":["GET"]}}],"collection":[{"href":"https:\/\/whitelip.com\/de\/wp-json\/wp\/v2\/product"}],"about":[{"href":"https:\/\/whitelip.com\/de\/wp-json\/wp\/v2\/types\/product"}],"replies":[{"embeddable":true,"href":"https:\/\/whitelip.com\/de\/wp-json\/wp\/v2\/comments?post=8174"}],"wp:featuredmedia":[{"embeddable":true,"href":"https:\/\/whitelip.com\/de\/wp-json\/wp\/v2\/media\/8175"}],"wp:attachment":[{"href":"https:\/\/whitelip.com\/de\/wp-json\/wp\/v2\/media?parent=8174"}],"wp:term":[{"taxonomy":"product_brand","embeddable":true,"href":"https:\/\/whitelip.com\/de\/wp-json\/wp\/v2\/product_brand?post=8174"},{"taxonomy":"product_cat","embeddable":true,"href":"https:\/\/whitelip.com\/de\/wp-json\/wp\/v2\/product_cat?post=8174"},{"taxonomy":"product_tag","embeddable":true,"href":"https:\/\/whitelip.com\/de\/wp-json\/wp\/v2\/product_tag?post=8174"},{"taxonomy":"flavours","embeddable":true,"href":"https:\/\/whitelip.com\/de\/wp-json\/wp\/v2\/flavours?post=8174"},{"taxonomy":"format","embeddable":true,"href":"https:\/\/whitelip.com\/de\/wp-json\/wp\/v2\/format?post=8174"},{"taxonomy":"nicotine","embeddable":true,"href":"https:\/\/whitelip.com\/de\/wp-json\/wp\/v2\/nicotine?post=8174"}],"curies":[{"name":"wp","href":"https:\/\/api.w.org\/{rel}","templated":true}]}}