{"id":8156,"date":"2024-11-28T12:38:26","date_gmt":"2024-11-28T12:38:26","guid":{"rendered":"https:\/\/whitelip.com\/lundgrens-rimfrost-stark\/"},"modified":"2026-03-06T20:49:39","modified_gmt":"2026-03-06T20:49:39","slug":"lundgrens-rimfrost-stark","status":"publish","type":"product","link":"https:\/\/whitelip.com\/de\/lundgrens\/lundgrens-rimfrost-stark\/","title":{"rendered":"LUNDGRENS Rimfrost Stark"},"content":{"rendered":"<h2><b>LUNDGRENS Rimfrost Stark<\/b><\/h2>\n<p><span style=\"font-weight: 400;\">Die LUNDGRENS Rimfrost Stark Nikotinbeutel liefern einen kr\u00e4ftigen Schub an eisigem Minzgeschmack und bieten ein intensives und erfrischendes Erlebnis. Diese schlanken, ganz wei\u00dfen Beutel sind f\u00fcr einen diskreten und bequemen Sitz unter der Lippe konzipiert und bieten eine saubere und befriedigende Freisetzung von Geschmack und Nikotin. Mit einer h\u00f6heren Nikotinst\u00e4rke ist LUNDGRENS Rimfrost Stark perfekt f\u00fcr Nutzer, die ein starkes und belebendes Gef\u00fchl mit einem k\u00fchlen Minzkick suchen.<\/span><\/p>\n<table>\n<tbody>\n<tr>\n<td><b>Attribut<\/b><\/td>\n<td><b>Einzelheiten<\/b><\/td>\n<\/tr>\n<tr>\n<td><span style=\"font-weight: 400;\">Inhalt pro Dose<\/span><\/td>\n<td><span style=\"font-weight: 400;\">21.6g<\/span><\/td>\n<\/tr>\n<tr>\n<td><span style=\"font-weight: 400;\">Nikotingehalt<\/span><\/td>\n<td><span style=\"font-weight: 400;\">14 mg\/g (11,2 mg pro Beutel)<\/span><\/td>\n<\/tr>\n<tr>\n<td><span style=\"font-weight: 400;\">Format der Tasche<\/span><\/td>\n<td><span style=\"font-weight: 400;\">Schlank<\/span><\/td>\n<\/tr>\n<tr>\n<td><span style=\"font-weight: 400;\">Produzent<\/span><\/td>\n<td><span style=\"font-weight: 400;\">Fiedler &amp; Lundgren<\/span><\/td>\n<\/tr>\n<tr>\n<td><span style=\"font-weight: 400;\">Geschmack<\/span><\/td>\n<td><span style=\"font-weight: 400;\">Eiskalte Minze<\/span><\/td>\n<\/tr>\n<tr>\n<td><span style=\"font-weight: 400;\">Typ<\/span><\/td>\n<td><span style=\"font-weight: 400;\">Wei\u00dfe Beutel, tabakfrei<\/span><\/td>\n<\/tr>\n<\/tbody>\n<\/table>","protected":false},"excerpt":{"rendered":"<p>Lundgrens Rimfrost Stark <strong data-start=\"25\" data-end=\"37\">k\u00fchle Minze<\/strong> liefert ein kr\u00e4ftiges, erfrischendes Profil. <strong>Schlank<\/strong>, Die komplett wei\u00dfen Beutel sitzen diskret unter der Lippe und erm\u00f6glichen einen sauberen, komfortablen Gebrauch mit einer zufriedenstellenden Freisetzung von Geschmack und Nikotin. H\u00f6here Nikotinst\u00e4rke eignet sich f\u00fcr Benutzer, die ein starkes, belebendes Gef\u00fchl mit einem k\u00fchlen minzigen Kick suchen.<\/p>","protected":false},"featured_media":8157,"comment_status":"open","ping_status":"closed","template":"","format":[204],"meta":{"_acf_changed":false},"product_brand":[],"product_cat":[59],"product_tag":[16577],"flavours":[199],"nicotine":[213,232],"class_list":{"0":"post-8156","1":"product","2":"type-product","3":"status-publish","4":"has-post-thumbnail","6":"product_cat-lundgrens","7":"product_tag-11-2-mg-pouch","8":"pa_quantity-1-pack","9":"pa_quantity-10-pack","10":"pa_quantity-3-pack","11":"pa_quantity-30-pack","12":"pa_quantity-5-pack","13":"pa_quantity-60-pack","14":"flavours-mint","15":"format-large","16":"nicotine-16-mg-g","17":"nicotine-extra-strong","19":"first","20":"outofstock","21":"taxable","22":"shipping-taxable","23":"purchasable","24":"product-type-variable"},"acf":[],"_links":{"self":[{"href":"https:\/\/whitelip.com\/de\/wp-json\/wp\/v2\/product\/8156","targetHints":{"allow":["GET"]}}],"collection":[{"href":"https:\/\/whitelip.com\/de\/wp-json\/wp\/v2\/product"}],"about":[{"href":"https:\/\/whitelip.com\/de\/wp-json\/wp\/v2\/types\/product"}],"replies":[{"embeddable":true,"href":"https:\/\/whitelip.com\/de\/wp-json\/wp\/v2\/comments?post=8156"}],"wp:featuredmedia":[{"embeddable":true,"href":"https:\/\/whitelip.com\/de\/wp-json\/wp\/v2\/media\/8157"}],"wp:attachment":[{"href":"https:\/\/whitelip.com\/de\/wp-json\/wp\/v2\/media?parent=8156"}],"wp:term":[{"taxonomy":"product_brand","embeddable":true,"href":"https:\/\/whitelip.com\/de\/wp-json\/wp\/v2\/product_brand?post=8156"},{"taxonomy":"product_cat","embeddable":true,"href":"https:\/\/whitelip.com\/de\/wp-json\/wp\/v2\/product_cat?post=8156"},{"taxonomy":"product_tag","embeddable":true,"href":"https:\/\/whitelip.com\/de\/wp-json\/wp\/v2\/product_tag?post=8156"},{"taxonomy":"flavours","embeddable":true,"href":"https:\/\/whitelip.com\/de\/wp-json\/wp\/v2\/flavours?post=8156"},{"taxonomy":"format","embeddable":true,"href":"https:\/\/whitelip.com\/de\/wp-json\/wp\/v2\/format?post=8156"},{"taxonomy":"nicotine","embeddable":true,"href":"https:\/\/whitelip.com\/de\/wp-json\/wp\/v2\/nicotine?post=8156"}],"curies":[{"name":"wp","href":"https:\/\/api.w.org\/{rel}","templated":true}]}}