{"id":8150,"date":"2024-11-28T12:38:25","date_gmt":"2024-11-28T12:38:25","guid":{"rendered":"https:\/\/whitelip.com\/apres-ice-tea-peach\/"},"modified":"2026-05-06T10:11:10","modified_gmt":"2026-05-06T10:11:10","slug":"apres-ice-tea-peach","status":"publish","type":"product","link":"https:\/\/whitelip.com\/de\/apres\/apres-ice-tea-peach\/","title":{"rendered":"APR\u00c8S Ice Tea Pfirsich"},"content":{"rendered":"<h2><b>APR\u00c8S Ice Tea Pfirsich<\/b><\/h2>\n<p><span style=\"font-weight: 400;\">APR\u00c8S Ice Tea Pfirsich Nikotinbeutel bieten eine herrliche Mischung aus s\u00fc\u00dfem Pfirsich und subtilem Schwarztee-Geschmack f\u00fcr ein erfrischendes Geschmackserlebnis. Jeder schlanke, wei\u00dfe Beutel enth\u00e4lt 4,4 mg Nikotin, was ein mildes Gef\u00fchl vermittelt, das f\u00fcr diejenigen geeignet ist, die einen sanften Nikotineffekt suchen. Das diskrete Design sorgt f\u00fcr einen angenehmen Sitz unter der Lippe und erm\u00f6glicht die Anwendung jederzeit, ohne die Z\u00e4hne zu verf\u00e4rben. Hergestellt von APR\u00c8S Nicotine AB, verk\u00f6rpern diese tabakfreien Beutel hohe Qualit\u00e4tsstandards und innovative Geschmackskombinationen.<\/span><\/p>\n<table>\n<tbody>\n<tr>\n<td><b>Attribut<\/b><\/td>\n<td><b>Einzelheiten<\/b><\/td>\n<\/tr>\n<tr>\n<td><b>Inhalt pro Dose<\/b><\/td>\n<td><span style=\"font-weight: 400;\">11g (20 Beutel)<\/span><\/td>\n<\/tr>\n<tr>\n<td><b>Nikotingehalt<\/b><\/td>\n<td><span style=\"font-weight: 400;\">8 mg\/g (4,4 mg pro Beutel)<\/span><\/td>\n<\/tr>\n<tr>\n<td><b>Format des Beutels<\/b><\/td>\n<td><span style=\"font-weight: 400;\">Schlank<\/span><\/td>\n<\/tr>\n<tr>\n<td><b>Produzent<\/b><\/td>\n<td><span style=\"font-weight: 400;\">APR\u00c8S Nicotine AB<\/span><\/td>\n<\/tr>\n<tr>\n<td><b>Geschmack<\/b><\/td>\n<td><span style=\"font-weight: 400;\">Pfirsich und schwarzer Tee<\/span><\/td>\n<\/tr>\n<tr>\n<td><b>Typ<\/b><\/td>\n<td><span style=\"font-weight: 400;\">Ganz wei\u00dfe Tasche<\/span><\/td>\n<\/tr>\n<\/tbody>\n<\/table>","protected":false},"excerpt":{"rendered":"<p>S\u00fc\u00df <strong data-start=\"6\" data-end=\"37\">Pfirsich mit dezentem Schwarztee<\/strong> f\u00fcr ein erfrischendes Eistee-Profil. <strong data-start=\"77\" data-end=\"96\">schlank,<\/strong> Die komplett wei\u00dfen Beutel sitzen diskret und bequem unter der Lippe und k\u00f6nnen jederzeit sauber verwendet werden. Jeder Beutel enth\u00e4lt <strong data-start=\"194\" data-end=\"213\">4,4 mg Nikotin<\/strong>, das ein sanftes, zug\u00e4ngliches Erlebnis von APR\u00c8S Nicotine AB bietet.<\/p>","protected":false},"featured_media":8151,"comment_status":"open","ping_status":"closed","template":"","format":[206],"meta":{"_acf_changed":false},"product_brand":[],"product_cat":[41],"product_tag":[16549],"flavours":[196],"nicotine":[230,236],"class_list":{"0":"post-8150","1":"product","2":"type-product","3":"status-publish","4":"has-post-thumbnail","6":"product_cat-apres","7":"product_tag-4-4-mg-pouch","8":"pa_quantity-1-pack","9":"pa_quantity-10-pack","10":"pa_quantity-3-pack","11":"pa_quantity-30-pack","12":"pa_quantity-5-pack","13":"flavours-fruits-berries","14":"format-slim","15":"nicotine-8-mg-g","16":"nicotine-strong","18":"first","19":"outofstock","20":"taxable","21":"shipping-taxable","22":"purchasable","23":"product-type-variable"},"acf":[],"_links":{"self":[{"href":"https:\/\/whitelip.com\/de\/wp-json\/wp\/v2\/product\/8150","targetHints":{"allow":["GET"]}}],"collection":[{"href":"https:\/\/whitelip.com\/de\/wp-json\/wp\/v2\/product"}],"about":[{"href":"https:\/\/whitelip.com\/de\/wp-json\/wp\/v2\/types\/product"}],"replies":[{"embeddable":true,"href":"https:\/\/whitelip.com\/de\/wp-json\/wp\/v2\/comments?post=8150"}],"wp:featuredmedia":[{"embeddable":true,"href":"https:\/\/whitelip.com\/de\/wp-json\/wp\/v2\/media\/8151"}],"wp:attachment":[{"href":"https:\/\/whitelip.com\/de\/wp-json\/wp\/v2\/media?parent=8150"}],"wp:term":[{"taxonomy":"product_brand","embeddable":true,"href":"https:\/\/whitelip.com\/de\/wp-json\/wp\/v2\/product_brand?post=8150"},{"taxonomy":"product_cat","embeddable":true,"href":"https:\/\/whitelip.com\/de\/wp-json\/wp\/v2\/product_cat?post=8150"},{"taxonomy":"product_tag","embeddable":true,"href":"https:\/\/whitelip.com\/de\/wp-json\/wp\/v2\/product_tag?post=8150"},{"taxonomy":"flavours","embeddable":true,"href":"https:\/\/whitelip.com\/de\/wp-json\/wp\/v2\/flavours?post=8150"},{"taxonomy":"format","embeddable":true,"href":"https:\/\/whitelip.com\/de\/wp-json\/wp\/v2\/format?post=8150"},{"taxonomy":"nicotine","embeddable":true,"href":"https:\/\/whitelip.com\/de\/wp-json\/wp\/v2\/nicotine?post=8150"}],"curies":[{"name":"wp","href":"https:\/\/api.w.org\/{rel}","templated":true}]}}